{"id":3300439,"date":"2026-02-01T21:34:12","date_gmt":"2026-02-01T20:34:12","guid":{"rendered":"https:\/\/www.wonenaandecotedazur.nl\/luxury-real-estate\/nieuwbouwresidentie-in-chateauneuf-de-grasse-cip-875-8\/"},"modified":"2026-05-01T21:33:10","modified_gmt":"2026-05-01T19:33:10","slug":"nieuwbouwresidentie-in-chateauneuf-de-grasse-cip-875-8","status":"publish","type":"product","link":"https:\/\/www.wonenaandecotedazur.nl\/nl\/luxury-real-estate\/nieuwbouwresidentie-in-chateauneuf-de-grasse-cip-875-8\/","title":{"rendered":"Nieuwbouwresidentie in Ch\u00e2teauneuf-de-Grasse &#8211; CIP-875"},"content":{"rendered":"<p>Ch\u00e2teauneuf-de-Grasse: een historisch dorp met Proven\u00e7aalse charme<br \/>\nCh\u00e2teauneuf-de-Grasse ligt hoog boven het omliggende landschap en biedt een panoramisch uitzicht over de baai van Cannes. Dit karaktervolle dorp, opgenomen in de inventaris van historische sites van de Alpes-Maritimes, ademt geschiedenis: smalle straatjes, platanen en vijgenbomen en authentieke Proven\u00e7aalse architectuur maken het tot een onweerstaanbare woonplek.<\/p>\n<p>Rust en groen op een toplocatie, op 3 minuten van Opio<br \/>\nGelegen in een gewilde, groene en residenti\u00eble wijk, vertegenwoordigt deze nieuwbouwresidentie in Ch\u00e2teauneuf-de-Grasse rust en kwaliteit. Op slechts 3 minuten rijden van Opio, is het complex afgesloten en omringd door weelderige tuinen, wat bijdraagt aan de rustige, natuurlijke sfeer van de buurt. De hedendaagse, laagbouwarchitectuur (slechts twee verdiepingen) zorgt voor ruime, lichtrijke woningen met uitstekende ori\u00ebntaties. Elk appartement opent zich naar buiten: een zonnig terras of priv\u00e9-tuin en uitzicht over aangrenzende bossen vormen een dagelijks cadeau.<\/p>\n<p>Een modern project dat de natuur respecteert<br \/>\nIn harmonie met zijn groene omgeving combineert het project strakke lijnen, zachte tinten en veel licht. De gemeenschappelijke buitenruimtes, waaronder een uitnodigend zwembad en beplante zones met olijfbomen, citrusbomen en exotische beplanting, cre\u00ebren een kalme en natuurlijke sfeer die het buitenleven in de spotlights zet.<\/p>\n<p>Comfort en kwaliteit binnenin<br \/>\nDe appartementen, van 2- tot 5-kamerindelingen, zijn zorgvuldig ontworpen met hoogwaardige afwerkingen en doordachte plattegronden om een duurzaam gevoel van comfort en welzijn te garanderen. Ruime woonkamers, slimme opslagoplossingen en aandacht voor lichtinval maken elke woning aangenaam en praktisch in het dagelijks gebruik.<\/p>\n<p>Voordelen voor kopers \u2014 flexibel en zorgeloos<br \/>\nWonen aan de C\u00f4te d&#8217;Azur is gespecialiseerd in VEFA-nieuwbouw (kopen op plan) en begeleidt u bij elk stap van het aankoopproces. Kiezen voor dit project betekent ook: een 10-jarige bouwgarantie, lagere notariskosten en de unieke mogelijkheid om de indeling en afwerking van uw appartement aan te passen v\u00f3\u00f3r aanvang van de bouw. Ideaal voor kopers die willen personaliseren zonder verrassingen.<\/p>\n<p>Leef de C\u00f4te d&#8217;Azur-levensstijl<br \/>\nDit is meer dan een woning: het is een kans om te genieten van de Provence en de Middellandse Zee, met het comfort van hedendaagse architectuur en de rust van het platteland. Of u zoekt naar een permanent thuis, een tweede verblijf of een investeringswoning \u2014 deze residentie in Ch\u00e2teauneuf-de-Grasse biedt een elegante, lichte en frisse levensstijl, met alle garanties en flexibiliteit die Wonen aan de C\u00f4te d&#8217;Azur u kan bieden.<\/p>\n<p>&nbsp;<\/p>\n","protected":false},"excerpt":{"rendered":"<p>Ch\u00e2teauneuf-de-Grasse: een historisch dorp met Proven\u00e7aalse charme Ch\u00e2teauneuf-de-Grasse ligt hoog boven het omliggende landschap en biedt een panoramisch uitzicht over de baai van Cannes. Dit karaktervolle dorp, opgenomen in de inventaris van historische sites van de Alpes-Maritimes, ademt geschiedenis: smalle straatjes, platanen en vijgenbomen en authentieke Proven\u00e7aalse architectuur maken het tot een onweerstaanbare woonplek. Rust [&hellip;]<\/p>\n","protected":false},"author":2,"featured_media":3282404,"template":"","meta":{"_acf_changed":false},"product_brand":[],"product_cat":[5678],"product_tag":[],"class_list":{"0":"post-3300439","1":"product","2":"type-product","3":"status-publish","4":"has-post-thumbnail","6":"product_cat-appartement","7":"pa_city-chateauneuf-de-grasse-nl","8":"pa_country-frankrijk","9":"pa_type-of-construction-nieuwbouw","11":"first","12":"instock","13":"product-type-simple"},"acf":[],"_links":{"self":[{"href":"https:\/\/www.wonenaandecotedazur.nl\/nl\/wp-json\/wp\/v2\/product\/3300439","targetHints":{"allow":["GET"]}}],"collection":[{"href":"https:\/\/www.wonenaandecotedazur.nl\/nl\/wp-json\/wp\/v2\/product"}],"about":[{"href":"https:\/\/www.wonenaandecotedazur.nl\/nl\/wp-json\/wp\/v2\/types\/product"}],"author":[{"embeddable":true,"href":"https:\/\/www.wonenaandecotedazur.nl\/nl\/wp-json\/wp\/v2\/users\/2"}],"wp:featuredmedia":[{"embeddable":true,"href":"https:\/\/www.wonenaandecotedazur.nl\/nl\/wp-json\/wp\/v2\/media\/3282404"}],"wp:attachment":[{"href":"https:\/\/www.wonenaandecotedazur.nl\/nl\/wp-json\/wp\/v2\/media?parent=3300439"}],"wp:term":[{"taxonomy":"product_brand","embeddable":true,"href":"https:\/\/www.wonenaandecotedazur.nl\/nl\/wp-json\/wp\/v2\/product_brand?post=3300439"},{"taxonomy":"product_cat","embeddable":true,"href":"https:\/\/www.wonenaandecotedazur.nl\/nl\/wp-json\/wp\/v2\/product_cat?post=3300439"},{"taxonomy":"product_tag","embeddable":true,"href":"https:\/\/www.wonenaandecotedazur.nl\/nl\/wp-json\/wp\/v2\/product_tag?post=3300439"}],"curies":[{"name":"wp","href":"https:\/\/api.w.org\/{rel}","templated":true}]}}