{"id":3300440,"date":"2026-02-01T21:34:28","date_gmt":"2026-02-01T20:34:28","guid":{"rendered":"https:\/\/www.wonenaandecotedazur.nl\/luxury-real-estate\/nieuwe-residentie-in-chateauneuf-de-grasse-cip-875-2\/"},"modified":"2026-05-01T21:33:01","modified_gmt":"2026-05-01T19:33:01","slug":"nieuwe-residentie-in-chateauneuf-de-grasse-cip-875-2","status":"publish","type":"product","link":"https:\/\/www.wonenaandecotedazur.nl\/nl\/luxury-real-estate\/nieuwe-residentie-in-chateauneuf-de-grasse-cip-875-2\/","title":{"rendered":"Nieuwe residentie in Ch\u00e2teauneuf-de-Grasse &#8211; CIP-875"},"content":{"rendered":"<p>Ch\u00e2teauneuf-de-Grasse: een historisch dorp met Proven\u00e7aalse charme<br \/>\nCh\u00e2teauneuf-de-Grasse ligt hoog boven het omliggende landschap en biedt een panoramisch uitzicht over de baai van Cannes. Dit pittoreske dorp, opgenomen in de inventaris van historische plekken van de Alpes-Maritimes, ademt geschiedenis: smalle straatjes omzoomd met platanen en vijgenbomen, en een authentieke Proven\u00e7aalse architectuur die direct uitnodigt tot genieten van het leven in het zuiden.<\/p>\n<p>Rust en groen, op slechts 3 minuten van Opio<br \/>\nGelegen in een gewilde, groene en residenti\u00eble wijk, biedt deze nieuwe residentie van Ch\u00e2teauneuf-de-Grasse een oase van rust \u2014 op slechts 3 minuten rijden van Opio. Het afgesloten complex wordt omgeven door verzorgde tuinen, wat bijdraagt aan de rustige, bijna parkachtige sfeer van de buurt. Met hedendaagse architectuur en slechts twee bouwlagen genieten de appartementen van optimale lichtinval, ruime indelingen en aantrekkelijke ori\u00ebntaties. Elk appartement loopt door naar buiten: een ruime terrace of een priv\u00e9-tuin en een fraai zicht op de omliggende bospartijen maken het dagelijks leven bijzonder aangenaam.<\/p>\n<p>Een modern project met respect voor de natuur<br \/>\nDit project kiest voor eenvoud, subtiele kleurtonen en veel licht, in perfecte harmonie met de natuur. Buitenruimtes zijn zorgvuldig ontworpen om een gevoel van welzijn te cre\u00ebren. De residentie beschikt over een uitnodigend zwembad en groenaanleg met olijfbomen, citrusbomen en exotische beplanting \u2014 een rustige, natuurlijke setting waar ontspanning vanzelfsprekend wordt.<\/p>\n<p>Interieurs die rust en comfort garanderen<br \/>\nDe binnenruimtes zijn doordacht ontworpen voor maximaal wooncomfort. De appartementen vari\u00ebren van 2 tot 5 kamers en bieden verfijnde indelingen en hoogwaardige afwerkingsmaterialen, zorgvuldig gekozen om langdurig woonplezier en dagelijks comfort te garanderen. Hier verenigen rust, natuur en kwaliteit zich tot een elegante woonbeleving.<\/p>\n<p>Wonen aan de C\u00f4te d&#8217;Azur \u2014 VEFA-specialist en extra voordelen<br \/>\nWonen aan de C\u00f4te d&#8217;Azur is gespecialiseerd in VEFA-nieuwbouw (aankoop van toekomstig op te leveren woningen) en begeleidt u professioneel bij elke stap van het koopproces. Bij aankoop profiteert u van een tienjarige bouwgarantie op de constructie, lagere notariskosten en de mogelijkheid om v\u00f3\u00f3r aanvang van de bouw de indeling en afwerking naar wens aan te passen. Ontdek hoe deze residentie uw levensstijl kan verrijken en neem contact op voor meer informatie of een persoonlijk advies \u2014 wij helpen u graag uw droomwoning aan de C\u00f4te d&#8217;Azur te realiseren.<\/p>\n<p>&nbsp;<\/p>\n","protected":false},"excerpt":{"rendered":"<p>Ch\u00e2teauneuf-de-Grasse: een historisch dorp met Proven\u00e7aalse charme Ch\u00e2teauneuf-de-Grasse ligt hoog boven het omliggende landschap en biedt een panoramisch uitzicht over de baai van Cannes. Dit pittoreske dorp, opgenomen in de inventaris van historische plekken van de Alpes-Maritimes, ademt geschiedenis: smalle straatjes omzoomd met platanen en vijgenbomen, en een authentieke Proven\u00e7aalse architectuur die direct uitnodigt tot [&hellip;]<\/p>\n","protected":false},"author":2,"featured_media":3282404,"template":"","meta":{"_acf_changed":false},"product_brand":[],"product_cat":[5678],"product_tag":[],"class_list":{"0":"post-3300440","1":"product","2":"type-product","3":"status-publish","4":"has-post-thumbnail","6":"product_cat-appartement","7":"pa_city-chateauneuf-de-grasse-nl","8":"pa_country-frankrijk","9":"pa_type-of-construction-nieuwbouw","11":"first","12":"instock","13":"product-type-simple"},"acf":[],"_links":{"self":[{"href":"https:\/\/www.wonenaandecotedazur.nl\/nl\/wp-json\/wp\/v2\/product\/3300440","targetHints":{"allow":["GET"]}}],"collection":[{"href":"https:\/\/www.wonenaandecotedazur.nl\/nl\/wp-json\/wp\/v2\/product"}],"about":[{"href":"https:\/\/www.wonenaandecotedazur.nl\/nl\/wp-json\/wp\/v2\/types\/product"}],"author":[{"embeddable":true,"href":"https:\/\/www.wonenaandecotedazur.nl\/nl\/wp-json\/wp\/v2\/users\/2"}],"wp:featuredmedia":[{"embeddable":true,"href":"https:\/\/www.wonenaandecotedazur.nl\/nl\/wp-json\/wp\/v2\/media\/3282404"}],"wp:attachment":[{"href":"https:\/\/www.wonenaandecotedazur.nl\/nl\/wp-json\/wp\/v2\/media?parent=3300440"}],"wp:term":[{"taxonomy":"product_brand","embeddable":true,"href":"https:\/\/www.wonenaandecotedazur.nl\/nl\/wp-json\/wp\/v2\/product_brand?post=3300440"},{"taxonomy":"product_cat","embeddable":true,"href":"https:\/\/www.wonenaandecotedazur.nl\/nl\/wp-json\/wp\/v2\/product_cat?post=3300440"},{"taxonomy":"product_tag","embeddable":true,"href":"https:\/\/www.wonenaandecotedazur.nl\/nl\/wp-json\/wp\/v2\/product_tag?post=3300440"}],"curies":[{"name":"wp","href":"https:\/\/api.w.org\/{rel}","templated":true}]}}