{"id":3300446,"date":"2026-02-01T21:35:16","date_gmt":"2026-02-01T20:35:16","guid":{"rendered":"https:\/\/www.wonenaandecotedazur.nl\/luxury-real-estate\/nieuwbouwresidentie-in-grasse-cip-981\/"},"modified":"2026-05-01T21:35:47","modified_gmt":"2026-05-01T19:35:47","slug":"nieuwbouwresidentie-in-grasse-cip-981","status":"publish","type":"product","link":"https:\/\/www.wonenaandecotedazur.nl\/nl\/luxury-real-estate\/nieuwbouwresidentie-in-grasse-cip-981\/","title":{"rendered":"Nieuwbouwresidentie in GRASSE &#8211; CIP-981"},"content":{"rendered":"<p>In aanmerking voor verlaagd btw-tarief* bij aankoop als hoofdverblijf!<\/p>\n<p>De parfumsstad tussen Alpen en Middellandse Zee<br \/>\nGelegen tussen de majestueuze Alpen en de fonkelende Middellandse Zee ligt Grasse, wereldwijd bekend als de hoofdstad van de parfumerie. De stad biedt een zonovergoten levensstijl, omringd door pittoreske landschappen en talrijke bezienswaardigheden.<\/p>\n<p>De stad van duizend geuren<br \/>\nBijgenaamd \u201cde stad van duizend geuren\u201d, ligt Grasse op ongeveer 350 meter hoogte in de Alpes-Maritimes. Vanaf hier strekt zich een geurend landschap uit van rozen, jasmijn en olijfbomen. Deze voormalige middeleeuwse vestingstad ademt geschiedenis en is onlosmakelijk verbonden met de wereld van de parfums.<\/p>\n<p>Authentieke Proven\u00e7aalse charme<br \/>\nGrasse betovert met warme Proven\u00e7aalse kleuren, sfeervolle pleinen, smalle straatjes en gerestaureerde passageboogjes uit de 17e en 18e eeuw. Ingeklemd tussen bergen, grotten en bossen, ligt de stad op slechts enkele kilometers van de schitterende Middellandse Zeekust.<\/p>\n<p>Nieuwbouwresidentie nabij voorzieningen<br \/>\nOntdek in primeur onze nieuwbouwresidentie in Grasse. Gelegen in een rustige, residenti\u00eble wijk en op korte afstand van winkels en alle voorzieningen, bestaat dit project uit 26 appartementen van 2 tot 4 kamers, elk met buitenruimte. Sommige gelijkvloerse appartementen beschikken over een tuin, andere units hebben \u00e9\u00e9n of twee balkons. Verdeeld over twee gebouwen, met priv\u00e9parkeerplaatsen en een beveiligde residentie, biedt dit project modern comfort in een charmante omgeving.<\/p>\n<p>Wonen aan de C\u00f4te d&#8217;Azur is gespecialiseerd in VEFA nieuwbouwprojecten en begeleidt u bij elke stap. Profiteer bovendien van een tienjarige bouwgarantie, lagere notariskosten en de mogelijkheid om indeling en afwerking aan te passen voordat de bouw begint \u2014 ideale voorwaarden om uw droomwoning aan te passen aan uw levensstijl.<\/p>\n<p>Word eigenaar<br \/>\nProfiteer nu van onze lanceringsaanbiedingen en word eigenaar van een aantrekkelijke nieuwbouwwoning nabij alle voorzieningen. Voor meer informatie of een vrijblijvende afspraak: neem contact met ons op.<\/p>\n<p>Prijzen vermeld op basis van 20% btw.<\/p>\n<p>(*) Elke aankoop van een nieuwbouwwoning is in principe onderworpen aan 20% btw. Het verlaagde tarief van 5,5% (in plaats van 20%) bij aankoop van een nieuw woning als hoofdverblijf is een belangrijke ondersteuningsmaatregel voor kopers. Voor veel huishoudens, in combinatie met een eventueel Pr\u00eat \u00e0 Taux Z\u00e9ro (PTZ), kan dit de mogelijkheid bieden om nieuwbouw te kopen binnen hun budget. Raadpleeg de voorwaarden met uw MILAN CIP-adviseur.<\/p>\n<p>&nbsp;<\/p>\n","protected":false},"excerpt":{"rendered":"<p>In aanmerking voor verlaagd btw-tarief* bij aankoop als hoofdverblijf! De parfumsstad tussen Alpen en Middellandse Zee Gelegen tussen de majestueuze Alpen en de fonkelende Middellandse Zee ligt Grasse, wereldwijd bekend als de hoofdstad van de parfumerie. De stad biedt een zonovergoten levensstijl, omringd door pittoreske landschappen en talrijke bezienswaardigheden. De stad van duizend geuren Bijgenaamd [&hellip;]<\/p>\n","protected":false},"author":2,"featured_media":3279974,"template":"","meta":{"_acf_changed":false},"product_brand":[],"product_cat":[5678],"product_tag":[],"class_list":{"0":"post-3300446","1":"product","2":"type-product","3":"status-publish","4":"has-post-thumbnail","6":"product_cat-appartement","7":"pa_city-grasse-nl","8":"pa_country-frankrijk","9":"pa_region-cannes-nl","10":"pa_type-of-construction-nieuwbouw","12":"first","13":"instock","14":"product-type-simple"},"acf":[],"_links":{"self":[{"href":"https:\/\/www.wonenaandecotedazur.nl\/nl\/wp-json\/wp\/v2\/product\/3300446","targetHints":{"allow":["GET"]}}],"collection":[{"href":"https:\/\/www.wonenaandecotedazur.nl\/nl\/wp-json\/wp\/v2\/product"}],"about":[{"href":"https:\/\/www.wonenaandecotedazur.nl\/nl\/wp-json\/wp\/v2\/types\/product"}],"author":[{"embeddable":true,"href":"https:\/\/www.wonenaandecotedazur.nl\/nl\/wp-json\/wp\/v2\/users\/2"}],"wp:featuredmedia":[{"embeddable":true,"href":"https:\/\/www.wonenaandecotedazur.nl\/nl\/wp-json\/wp\/v2\/media\/3279974"}],"wp:attachment":[{"href":"https:\/\/www.wonenaandecotedazur.nl\/nl\/wp-json\/wp\/v2\/media?parent=3300446"}],"wp:term":[{"taxonomy":"product_brand","embeddable":true,"href":"https:\/\/www.wonenaandecotedazur.nl\/nl\/wp-json\/wp\/v2\/product_brand?post=3300446"},{"taxonomy":"product_cat","embeddable":true,"href":"https:\/\/www.wonenaandecotedazur.nl\/nl\/wp-json\/wp\/v2\/product_cat?post=3300446"},{"taxonomy":"product_tag","embeddable":true,"href":"https:\/\/www.wonenaandecotedazur.nl\/nl\/wp-json\/wp\/v2\/product_tag?post=3300446"}],"curies":[{"name":"wp","href":"https:\/\/api.w.org\/{rel}","templated":true}]}}