{"id":3300467,"date":"2026-02-01T21:36:41","date_gmt":"2026-02-01T20:36:41","guid":{"rendered":"https:\/\/www.wonenaandecotedazur.nl\/luxury-real-estate\/nieuwbouw-in-valbonne-cip-1021\/"},"modified":"2026-05-01T21:36:25","modified_gmt":"2026-05-01T19:36:25","slug":"nieuwbouw-in-valbonne-cip-1021","status":"publish","type":"product","link":"https:\/\/www.wonenaandecotedazur.nl\/nl\/luxury-real-estate\/nieuwbouw-in-valbonne-cip-1021\/","title":{"rendered":"Nieuwbouw in Valbonne \u2014 CIP-1021"},"content":{"rendered":"<p>Een intieme woonomgeving in Valbonne<br \/>\nDit kleinschalige nieuwbouwproject in Valbonne straalt privacy en rust uit. Verstrekkend over twee menselijke, lage gebouwen, ligt de residentie beschut in een betoverende, natuurlijke omgeving \u2014 een waar toevluchtsoord van sereniteit voor haar bewoners. De groene, ongerepte omgeving biedt een ideaal leefklimaat voor wie stilte en natuurlijke charme waardeert.<\/p>\n<p>Ideale ligging en bereikbaarheid<br \/>\nHet project ligt op slechts enkele minuten van het centrum van Valbonne, een strategische ligging die stadse voorzieningen combineert met natuurbeleving. Winkels, scholen en essenti\u00eble diensten bevinden zich dichtbij, waardoor het dagelijkse leven comfortabel en gemakkelijk wordt.<\/p>\n<p>Elegante architectuur en doordachte indelingen<br \/>\nDe architectuur is verfijnd en de plattegronden zijn tot in de puntjes geoptimaliseerd. Door de menselijke schaal van de gebouwen ontstaat een warme, gastvrije sfeer. Elk appartement beschikt over een riante leefruimte die naadloos overgaat in een zonnig terras of een eigen tuin \u2014 perfect om van de mediterrane dagen te genieten.<\/p>\n<p>Lichte en ruime woningen<br \/>\nDe 2- tot 3-kamerappartementen zijn ontworpen voor optimale lichtinval en een ruimtelijk gevoel. Grote glaspartijen laten overvloedig daglicht binnen en cre\u00ebren uitnodigende, comfortabele leefruimtes. Open, functionele indelingen maximaliseren wooncomfort en bruikbaarheid voor elk gezinstype.<\/p>\n<p>Hoogwaardige afwerking<br \/>\nHet project biedt verzorgde, kwaliteitsvolle afwerkingen met aandacht voor details en duurzaamheid. De hoogwaardige materialen en nette uitvoering garanderen een aangenaam wooncomfort en een indrukwekkend kader om thuis te komen.<\/p>\n<p>Speciale voordelen met Wonen aan de C\u00f4te d&#8217;Azur<br \/>\nWonen aan de C\u00f4te d&#8217;Azur is gespecialiseerd in VEFA-nieuwbouwprojecten. Bij aankoop profiteert u van een 10-jarige constructiegarantie, lagere notariskosten en de mogelijkheid om indeling en afwerking aan te passen v\u00f3\u00f3r de aanvang van de bouw \u2014 ideaal om uw woning persoonlijk te maken.<\/p>\n<p>Mis deze unieke kans niet om te wonen of te investeren in \u00e9\u00e9n van de mooiste streken van de C\u00f4te d\u2019Azur. Neem vandaag nog contact op met onze adviseurs van Wonen aan de C\u00f4te d&#8217;Azur om uw project in Valbonne te bespreken en stap voor stap te realiseren.<\/p>\n<p>&nbsp;<\/p>\n","protected":false},"excerpt":{"rendered":"<p>Een intieme woonomgeving in Valbonne Dit kleinschalige nieuwbouwproject in Valbonne straalt privacy en rust uit. Verstrekkend over twee menselijke, lage gebouwen, ligt de residentie beschut in een betoverende, natuurlijke omgeving \u2014 een waar toevluchtsoord van sereniteit voor haar bewoners. De groene, ongerepte omgeving biedt een ideaal leefklimaat voor wie stilte en natuurlijke charme waardeert. Ideale [&hellip;]<\/p>\n","protected":false},"author":2,"featured_media":3285374,"template":"","meta":{"_acf_changed":false},"product_brand":[],"product_cat":[5678],"product_tag":[],"class_list":{"0":"post-3300467","1":"product","2":"type-product","3":"status-publish","4":"has-post-thumbnail","6":"product_cat-appartement","7":"pa_city-valbonne-nl","8":"pa_country-frankrijk","9":"pa_region-cannes-nl","10":"pa_type-of-construction-nieuwbouw","12":"first","13":"instock","14":"product-type-simple"},"acf":[],"_links":{"self":[{"href":"https:\/\/www.wonenaandecotedazur.nl\/nl\/wp-json\/wp\/v2\/product\/3300467","targetHints":{"allow":["GET"]}}],"collection":[{"href":"https:\/\/www.wonenaandecotedazur.nl\/nl\/wp-json\/wp\/v2\/product"}],"about":[{"href":"https:\/\/www.wonenaandecotedazur.nl\/nl\/wp-json\/wp\/v2\/types\/product"}],"author":[{"embeddable":true,"href":"https:\/\/www.wonenaandecotedazur.nl\/nl\/wp-json\/wp\/v2\/users\/2"}],"wp:featuredmedia":[{"embeddable":true,"href":"https:\/\/www.wonenaandecotedazur.nl\/nl\/wp-json\/wp\/v2\/media\/3285374"}],"wp:attachment":[{"href":"https:\/\/www.wonenaandecotedazur.nl\/nl\/wp-json\/wp\/v2\/media?parent=3300467"}],"wp:term":[{"taxonomy":"product_brand","embeddable":true,"href":"https:\/\/www.wonenaandecotedazur.nl\/nl\/wp-json\/wp\/v2\/product_brand?post=3300467"},{"taxonomy":"product_cat","embeddable":true,"href":"https:\/\/www.wonenaandecotedazur.nl\/nl\/wp-json\/wp\/v2\/product_cat?post=3300467"},{"taxonomy":"product_tag","embeddable":true,"href":"https:\/\/www.wonenaandecotedazur.nl\/nl\/wp-json\/wp\/v2\/product_tag?post=3300467"}],"curies":[{"name":"wp","href":"https:\/\/api.w.org\/{rel}","templated":true}]}}