{"id":3300535,"date":"2026-05-01T21:32:42","date_gmt":"2026-05-01T19:32:42","guid":{"rendered":"https:\/\/www.wonenaandecotedazur.nl\/luxury-real-estate\/nieuwbouwresidentie-la-gaude-coeur-dilot-cip-1079-2\/"},"modified":"2026-05-01T21:32:42","modified_gmt":"2026-05-01T19:32:42","slug":"nieuwbouwresidentie-la-gaude-coeur-dilot-cip-1079-2","status":"publish","type":"product","link":"https:\/\/www.wonenaandecotedazur.nl\/nl\/luxury-real-estate\/nieuwbouwresidentie-la-gaude-coeur-dilot-cip-1079-2\/","title":{"rendered":"Nieuwbouwresidentie LA GAUDE \u2014 C\u0153ur d&#8217;\u00eelot (CIP-1079)"},"content":{"rendered":"<p>Deze nieuwe residentie in La Gaude ligt in een rustige, groene omgeving waar de natuur het ritme van het dagelijks leven bepaalt. Met een besloten park in het hart van het project biedt deze plek een sereen kader om te ontspannen, ontmoeting te stimuleren en het Mediterrane leven ten volle te beleven. Ontworpen met welzijn in gedachten, voegt de residentie zich harmonieus in het lokale landschap en geniet u hier van bijna 300 zonnige dagen per jaar \u2014 tussen zee en bergen.<\/p>\n<p>De hedendaagse architectuur met strakke lijnen en natuurlijke tinten ademt een ingetogen elegantie. Verzorgde gemeenschappelijke ruimten versterken de identiteit van het project en combineren esthetiek met functionaliteit. Centraal ligt een fraai aangelegd, gedeeld groengebied: een uitnodigende buitenruimte die uitnodigt tot samenkomen en genieten.<\/p>\n<p>Van studio tot 3-kamerappartement: de woningen vallen op door hun lichtinval en royale volumes. De meeste woningen zijn doorzon-appartementen en beschikken over priv\u00e9tuinen, balkons of terrassen. Op de bovenste verdieping bieden riante dakterrassen tot wel 88 m\u00b2 de perfecte plek om optimaal te profiteren van het zonnige klimaat.<\/p>\n<p>Strategisch gelegen nabij voorzieningen, scholen en belangrijke verkeersaders, combineert deze residentie bereikbaarheid met een ongerepte natuurlijke omgeving. U bereikt moeiteloos 120 km kustlijn, 40 km stranden en de zeven skigebieden in de buurt \u2014 een unieke levensstijl tussen zee en bergen. Tussen gemak en rust biedt dit project een vernieuwde manier van wonen in La Gaude.<\/p>\n<p>Wonen aan de C\u00f4te d&#8217;Azur, gespecialiseerd in VEFA-nieuwbouw, begeleidt u bij uw aankoop en maakt het verschil: u profiteert van een tienjarige constructiewaarborg, lagere notariskosten en de mogelijkheid om v\u00f3\u00f3r de start van de bouw indeling en afwerking naar eigen wens aan te passen. Zo cre\u00ebert u een woning die perfect aansluit op uw levensstijl.<\/p>\n<p>&nbsp;<\/p>\n","protected":false},"excerpt":{"rendered":"<p>Deze nieuwe residentie in La Gaude ligt in een rustige, groene omgeving waar de natuur het ritme van het dagelijks leven bepaalt. Met een besloten park in het hart van het project biedt deze plek een sereen kader om te ontspannen, ontmoeting te stimuleren en het Mediterrane leven ten volle te beleven. Ontworpen met welzijn [&hellip;]<\/p>\n","protected":false},"author":2,"featured_media":3300113,"template":"","meta":{"_acf_changed":false},"product_brand":[],"product_cat":[5678],"product_tag":[],"class_list":{"0":"post-3300535","1":"product","2":"type-product","3":"status-publish","4":"has-post-thumbnail","6":"product_cat-appartement","7":"pa_city-la-gaude-nl","8":"pa_country-frankrijk","9":"pa_region-nice-nl","10":"pa_type-of-construction-nieuwbouw","12":"first","13":"instock","14":"product-type-simple"},"acf":[],"_links":{"self":[{"href":"https:\/\/www.wonenaandecotedazur.nl\/nl\/wp-json\/wp\/v2\/product\/3300535","targetHints":{"allow":["GET"]}}],"collection":[{"href":"https:\/\/www.wonenaandecotedazur.nl\/nl\/wp-json\/wp\/v2\/product"}],"about":[{"href":"https:\/\/www.wonenaandecotedazur.nl\/nl\/wp-json\/wp\/v2\/types\/product"}],"author":[{"embeddable":true,"href":"https:\/\/www.wonenaandecotedazur.nl\/nl\/wp-json\/wp\/v2\/users\/2"}],"wp:featuredmedia":[{"embeddable":true,"href":"https:\/\/www.wonenaandecotedazur.nl\/nl\/wp-json\/wp\/v2\/media\/3300113"}],"wp:attachment":[{"href":"https:\/\/www.wonenaandecotedazur.nl\/nl\/wp-json\/wp\/v2\/media?parent=3300535"}],"wp:term":[{"taxonomy":"product_brand","embeddable":true,"href":"https:\/\/www.wonenaandecotedazur.nl\/nl\/wp-json\/wp\/v2\/product_brand?post=3300535"},{"taxonomy":"product_cat","embeddable":true,"href":"https:\/\/www.wonenaandecotedazur.nl\/nl\/wp-json\/wp\/v2\/product_cat?post=3300535"},{"taxonomy":"product_tag","embeddable":true,"href":"https:\/\/www.wonenaandecotedazur.nl\/nl\/wp-json\/wp\/v2\/product_tag?post=3300535"}],"curies":[{"name":"wp","href":"https:\/\/api.w.org\/{rel}","templated":true}]}}