{"id":3300537,"date":"2026-05-01T21:32:42","date_gmt":"2026-05-01T19:32:42","guid":{"rendered":"https:\/\/www.wonenaandecotedazur.nl\/luxury-real-estate\/nieuwbouwproject-in-valbonne-cip-1085\/"},"modified":"2026-05-01T21:32:43","modified_gmt":"2026-05-01T19:32:43","slug":"nieuwbouwproject-in-valbonne-cip-1085","status":"publish","type":"product","link":"https:\/\/www.wonenaandecotedazur.nl\/nl\/luxury-real-estate\/nieuwbouwproject-in-valbonne-cip-1085\/","title":{"rendered":"Nieuwbouwproject in Valbonne &#8211; CIP-1085"},"content":{"rendered":"<p>Wonen aan de C\u00f4te d&#8217;Azur is d\u00e9 specialist in VEFA-nieuwbouw. Dit exclusieve nieuwbouwproject in Valbonne combineert Proven\u00e7aalse charme met hedendaagse allure en ligt in een gewilde, residenti\u00eble omgeving, temidden van een prachtig dennenbos. Het resultaat is een serene, groene en elegante woonomgeving die perfect past bij wie houdt van het zachte, mediterrane leven.<\/p>\n<p>De residentie is ontworpen om zich subtiel in het landschap te voegen: menselijke schaal, verzorgde architectuur en respect voor de natuur bepalen het beeld. Gebouwen en ruimtes zijn zo georganiseerd dat vrije uitzichten, privacy en een optimale bezonning gedurende de dag worden gegarandeerd. Elk detail draagt bij aan een rustige, stijlvolle en duurzame woonervaring die aansluit bij de identiteit van de regio.<\/p>\n<p>Het aanbod omvat een gevarieerde selectie appartementen van 2 tot 5 kamers, ideaal als hoofdverblijf, patrimoniale aankoop of verhuurinvestering. De woningen zijn licht, functioneel en slim ingedeeld, met ruime buitenruimtes \u2014 van royale terrassen op verdiepingen tot private tuinextensies op de begane grond \u2014 zodat u volop van het Azuurse klimaat kunt genieten. Ruimtelijke indelingen, grote raampartijen en vrij uitzicht versterken het gevoel van ruimte en wooncomfort.<\/p>\n<p>De ligging is een van de grote troeven: op korte afstand van het pittoreske oude dorp van Valbonne en toch in directe nabijheid van Sophia Antipolis, de grootste technopool van Europa. Dat maakt dit project even aantrekkelijk voor werkenden, gezinnen als voor investeerders die zoeken naar een toplocatie waar innovatie, onderwijs en werk samenkomen, zonder de authentieke en residenti\u00eble sfeer van Valbonne te verliezen.<\/p>\n<p>Als koper via Wonen aan de C\u00f4te d&#8217;Azur profiteert u niet alleen van onze expertise in VEFA-nieuwbouw, maar ook van concrete voordelen: een tienjarige bouwgarantie, lagere notariskosten en de mogelijkheid om indeling en afwerking aan te passen voordat de bouw begint. Zo kiest u voor een stijlvolle, zorgeloze woonoplossing die u naar eigen smaak kunt afstemmen.<\/p>\n<p>Kortom: een uniek nieuwbouwproject in Valbonne, dat rust, kwaliteit en levensgenot combineert \u2014 een uitnodiging om te wonen aan de C\u00f4te d&#8217;Azur in zijn meest verfijnde vorm.<\/p>\n<p>&nbsp;<\/p>\n","protected":false},"excerpt":{"rendered":"<p>Wonen aan de C\u00f4te d&#8217;Azur is d\u00e9 specialist in VEFA-nieuwbouw. Dit exclusieve nieuwbouwproject in Valbonne combineert Proven\u00e7aalse charme met hedendaagse allure en ligt in een gewilde, residenti\u00eble omgeving, temidden van een prachtig dennenbos. Het resultaat is een serene, groene en elegante woonomgeving die perfect past bij wie houdt van het zachte, mediterrane leven. De residentie [&hellip;]<\/p>\n","protected":false},"author":2,"featured_media":3300538,"template":"","meta":{"_acf_changed":false},"product_brand":[],"product_cat":[5678],"product_tag":[],"class_list":{"0":"post-3300537","1":"product","2":"type-product","3":"status-publish","4":"has-post-thumbnail","6":"product_cat-appartement","7":"pa_city-valbonne-nl","8":"pa_country-frankrijk","9":"pa_region-cannes-nl","10":"pa_type-of-construction-nieuwbouw","12":"first","13":"instock","14":"product-type-simple"},"acf":[],"_links":{"self":[{"href":"https:\/\/www.wonenaandecotedazur.nl\/nl\/wp-json\/wp\/v2\/product\/3300537","targetHints":{"allow":["GET"]}}],"collection":[{"href":"https:\/\/www.wonenaandecotedazur.nl\/nl\/wp-json\/wp\/v2\/product"}],"about":[{"href":"https:\/\/www.wonenaandecotedazur.nl\/nl\/wp-json\/wp\/v2\/types\/product"}],"author":[{"embeddable":true,"href":"https:\/\/www.wonenaandecotedazur.nl\/nl\/wp-json\/wp\/v2\/users\/2"}],"wp:featuredmedia":[{"embeddable":true,"href":"https:\/\/www.wonenaandecotedazur.nl\/nl\/wp-json\/wp\/v2\/media\/3300538"}],"wp:attachment":[{"href":"https:\/\/www.wonenaandecotedazur.nl\/nl\/wp-json\/wp\/v2\/media?parent=3300537"}],"wp:term":[{"taxonomy":"product_brand","embeddable":true,"href":"https:\/\/www.wonenaandecotedazur.nl\/nl\/wp-json\/wp\/v2\/product_brand?post=3300537"},{"taxonomy":"product_cat","embeddable":true,"href":"https:\/\/www.wonenaandecotedazur.nl\/nl\/wp-json\/wp\/v2\/product_cat?post=3300537"},{"taxonomy":"product_tag","embeddable":true,"href":"https:\/\/www.wonenaandecotedazur.nl\/nl\/wp-json\/wp\/v2\/product_tag?post=3300537"}],"curies":[{"name":"wp","href":"https:\/\/api.w.org\/{rel}","templated":true}]}}