{"id":3300551,"date":"2026-05-01T21:32:47","date_gmt":"2026-05-01T19:32:47","guid":{"rendered":"https:\/\/www.wonenaandecotedazur.nl\/luxury-real-estate\/nieuwbouwappartementen-in-cannes-cip-1051-2\/"},"modified":"2026-05-01T21:32:52","modified_gmt":"2026-05-01T19:32:52","slug":"nieuwbouwappartementen-in-cannes-cip-1051-2","status":"publish","type":"product","link":"https:\/\/www.wonenaandecotedazur.nl\/nl\/luxury-real-estate\/nieuwbouwappartementen-in-cannes-cip-1051-2\/","title":{"rendered":"Nieuwbouwappartementen in Cannes &#8211; CIP-1051"},"content":{"rendered":"<p>Een uitzonderlijke omgeving<\/p>\n<p>Cannes, wereldberoemd om het Internationaal Filmfestival, is een prestigieuze bestemming aan de C\u00f4te d\u2019Azur. De stad combineert verfijning, culturele bedrijvigheid en betoverende kustlandschappen. Met palmgeborduurde stranden, luxueuze jachten en een prachtig uitzicht op de \u00celes de L\u00e9rins biedt Cannes het ultieme mediterrane leefgevoel.<\/p>\n<p>Een bevoorrechte ligging<\/p>\n<p>Gelegen in de rustige, residenti\u00eble wijk Petit Juas geniet deze residentie van een uiterst strategische ligging. Op slechts 10 minuten van de beroemde Croisette en omgeven door groen, vindt u hier de perfecte balans tussen kalmte en bereikbaarheid. Bewoners ervaren een hoogwaardig woonklimaat dicht bij de levendigheid van Cannes, maar beschermd tegen de drukte.<\/p>\n<p>Moderne architectuur en hedendaags comfort<\/p>\n<p>De residentie onderscheidt zich door moderne, elegante architectuur die naadloos opgaat in het omliggende landschap. Met 21 lichte appartementen, elk met balkon of terras, geniet u van fraaie zeezichten en zorgvuldig aangelegde tuinen. De woningen zijn vakkundig afgewerkt met hoogwaardige, duurzame materialen voor optimaal wooncomfort.<\/p>\n<p>Wonen aan de C\u00f4te d&#8217;Azur \u2014 VEFA en extra voordelen<\/p>\n<p>Wonen aan de C\u00f4te d&#8217;Azur is gespecialiseerd in VEFA-nieuwbouw (kopen op plan). Bij aankoop profiteert u van een 10-jarige bouwgarantie, lagere notariskosten en de mogelijkheid om v\u00f3\u00f3r aanvang van de bouw de indeling en afwerking naar eigen smaak aan te passen. Dit is uw kans om een op maat gemaakte residentie in Cannes te bemachtigen \u2014 een comfortabele, stijlvolle investering voor wonen of als tweede verblijf.<\/p>\n<p>&nbsp;<\/p>\n","protected":false},"excerpt":{"rendered":"<p>Een uitzonderlijke omgeving Cannes, wereldberoemd om het Internationaal Filmfestival, is een prestigieuze bestemming aan de C\u00f4te d\u2019Azur. De stad combineert verfijning, culturele bedrijvigheid en betoverende kustlandschappen. Met palmgeborduurde stranden, luxueuze jachten en een prachtig uitzicht op de \u00celes de L\u00e9rins biedt Cannes het ultieme mediterrane leefgevoel. Een bevoorrechte ligging Gelegen in de rustige, residenti\u00eble wijk [&hellip;]<\/p>\n","protected":false},"author":2,"featured_media":3286034,"template":"","meta":{"_acf_changed":false},"product_brand":[],"product_cat":[5678],"product_tag":[],"class_list":{"0":"post-3300551","1":"product","2":"type-product","3":"status-publish","4":"has-post-thumbnail","6":"product_cat-appartement","7":"pa_city-cannes-nl","8":"pa_country-frankrijk","9":"pa_region-cannes-nl","10":"pa_type-of-construction-nieuwbouw","12":"first","13":"instock","14":"product-type-simple"},"acf":[],"_links":{"self":[{"href":"https:\/\/www.wonenaandecotedazur.nl\/nl\/wp-json\/wp\/v2\/product\/3300551","targetHints":{"allow":["GET"]}}],"collection":[{"href":"https:\/\/www.wonenaandecotedazur.nl\/nl\/wp-json\/wp\/v2\/product"}],"about":[{"href":"https:\/\/www.wonenaandecotedazur.nl\/nl\/wp-json\/wp\/v2\/types\/product"}],"author":[{"embeddable":true,"href":"https:\/\/www.wonenaandecotedazur.nl\/nl\/wp-json\/wp\/v2\/users\/2"}],"wp:featuredmedia":[{"embeddable":true,"href":"https:\/\/www.wonenaandecotedazur.nl\/nl\/wp-json\/wp\/v2\/media\/3286034"}],"wp:attachment":[{"href":"https:\/\/www.wonenaandecotedazur.nl\/nl\/wp-json\/wp\/v2\/media?parent=3300551"}],"wp:term":[{"taxonomy":"product_brand","embeddable":true,"href":"https:\/\/www.wonenaandecotedazur.nl\/nl\/wp-json\/wp\/v2\/product_brand?post=3300551"},{"taxonomy":"product_cat","embeddable":true,"href":"https:\/\/www.wonenaandecotedazur.nl\/nl\/wp-json\/wp\/v2\/product_cat?post=3300551"},{"taxonomy":"product_tag","embeddable":true,"href":"https:\/\/www.wonenaandecotedazur.nl\/nl\/wp-json\/wp\/v2\/product_tag?post=3300551"}],"curies":[{"name":"wp","href":"https:\/\/api.w.org\/{rel}","templated":true}]}}