{"id":3300557,"date":"2026-05-01T21:32:58","date_gmt":"2026-05-01T19:32:58","guid":{"rendered":"https:\/\/www.wonenaandecotedazur.nl\/luxury-real-estate\/nieuwbouwresidentie-in-antibes-cip-803-3\/"},"modified":"2026-05-01T21:32:59","modified_gmt":"2026-05-01T19:32:59","slug":"nieuwbouwresidentie-in-antibes-cip-803-3","status":"publish","type":"product","link":"https:\/\/www.wonenaandecotedazur.nl\/nl\/luxury-real-estate\/nieuwbouwresidentie-in-antibes-cip-803-3\/","title":{"rendered":"Nieuwbouwresidentie in Antibes \u2013 CIP-803"},"content":{"rendered":"<p>Een uitzonderlijk woonkader aan de C\u00f4te d\u2019Azur<br \/>\nDeze nieuwbouw in Antibes biedt bewoners een unieke levensstijl, midden in \u00e9\u00e9n van de meest geliefde badplaatsen van de C\u00f4te d\u2019Azur. Antibes betovert met zijn overvloed aan zon en zijn ontspannen levensritme, dat u elke dag kunt beleven. Met 23 kilometer kustlijn wisselen fijne zandstranden en kiezelbaaitjes elkaar af, met verborgen inhammen en pittoreske jachthavens die de stad haar onweerstaanbare charme geven. De levendigheid van Antibes, het ruime aanbod aan watersporten en de rijke cultuur maken het tot een buitengewoon aantrekkelijke plek om te wonen.<\/p>\n<p>Een elegante, hedendaagse residentie<br \/>\nDeze nieuwbouwresidentie, dicht bij de stranden van Juan\u2011les\u2011Pins, straalt een moderne, verfijnde sfeer uit. Met strakke lijnen en een harmonieus kleurpalet is het een intiem project dat comfort en eigentijdse elegantie combineert. Hoogwaardige materialen en zorgvuldig geselecteerde afwerkingen verzekeren een hoog wooncomfort en een verfijnde uitstraling.<\/p>\n<p>Comfort en gebruiksgemak voor dagelijks leven<br \/>\nHet project is ontworpen met praktisch gemak in het achterhoofd: ruime ondergrondse parkeergelegenheid biedt een veilige en handige parkeeroplossing, en individuele bergingen (caves) zijn beschikbaar voor extra opbergruimte. Door de gunstige ligging nabij de stranden van Juan\u2011les\u2011Pins geniet u van de kust en tegelijk van een rustige, aangename woonomgeving.<\/p>\n<p>Wonen aan de C\u00f4te d\u2019Azur \u2014 VEFA\u2011nieuwbouw met voordelen<br \/>\nWonen aan de C\u00f4te d\u2019Azur is gespecialiseerd in VEFA\u2011nieuwbouwprojecten en begeleidt u van aankoop tot oplevering. Als koper profiteert u onder meer van een tienjarige constructiewaarborg, lagere notariskosten en de mogelijkheid om indeling en afwerking aan te passen v\u00f3\u00f3r aanvang van de bouw \u2014 ideale voorwaarden om uw woning naar wens te personaliseren.<\/p>\n<p>Conclusie<br \/>\nKiezen voor deze nieuwbouwresidentie nabij de stranden van Antibes is kiezen voor een uitzonderlijke levenskwaliteit aan de C\u00f4te d\u2019Azur: directe toegang tot zee en watersport, culturele activiteiten en een elegante woonomgeving. Dit project biedt het perfecte evenwicht tussen moderne gemakken, verfijnde esthetiek en dagelijks gebruiksgemak. Mis deze unieke kans niet om eigenaar te worden in een van de mooiste buurten van Antibes.<\/p>\n<p>&nbsp;<\/p>\n","protected":false},"excerpt":{"rendered":"<p>Een uitzonderlijk woonkader aan de C\u00f4te d\u2019Azur Deze nieuwbouw in Antibes biedt bewoners een unieke levensstijl, midden in \u00e9\u00e9n van de meest geliefde badplaatsen van de C\u00f4te d\u2019Azur. Antibes betovert met zijn overvloed aan zon en zijn ontspannen levensritme, dat u elke dag kunt beleven. Met 23 kilometer kustlijn wisselen fijne zandstranden en kiezelbaaitjes elkaar [&hellip;]<\/p>\n","protected":false},"author":2,"featured_media":3298501,"template":"","meta":{"_acf_changed":false},"product_brand":[],"product_cat":[5678],"product_tag":[],"class_list":{"0":"post-3300557","1":"product","2":"type-product","3":"status-publish","4":"has-post-thumbnail","6":"product_cat-appartement","7":"pa_city-antibes-nl","8":"pa_country-frankrijk","9":"pa_region-cannes-nl","10":"pa_region-nice-nl","11":"pa_type-of-construction-nieuwbouw","13":"first","14":"instock","15":"product-type-simple"},"acf":[],"_links":{"self":[{"href":"https:\/\/www.wonenaandecotedazur.nl\/nl\/wp-json\/wp\/v2\/product\/3300557","targetHints":{"allow":["GET"]}}],"collection":[{"href":"https:\/\/www.wonenaandecotedazur.nl\/nl\/wp-json\/wp\/v2\/product"}],"about":[{"href":"https:\/\/www.wonenaandecotedazur.nl\/nl\/wp-json\/wp\/v2\/types\/product"}],"author":[{"embeddable":true,"href":"https:\/\/www.wonenaandecotedazur.nl\/nl\/wp-json\/wp\/v2\/users\/2"}],"wp:featuredmedia":[{"embeddable":true,"href":"https:\/\/www.wonenaandecotedazur.nl\/nl\/wp-json\/wp\/v2\/media\/3298501"}],"wp:attachment":[{"href":"https:\/\/www.wonenaandecotedazur.nl\/nl\/wp-json\/wp\/v2\/media?parent=3300557"}],"wp:term":[{"taxonomy":"product_brand","embeddable":true,"href":"https:\/\/www.wonenaandecotedazur.nl\/nl\/wp-json\/wp\/v2\/product_brand?post=3300557"},{"taxonomy":"product_cat","embeddable":true,"href":"https:\/\/www.wonenaandecotedazur.nl\/nl\/wp-json\/wp\/v2\/product_cat?post=3300557"},{"taxonomy":"product_tag","embeddable":true,"href":"https:\/\/www.wonenaandecotedazur.nl\/nl\/wp-json\/wp\/v2\/product_tag?post=3300557"}],"curies":[{"name":"wp","href":"https:\/\/api.w.org\/{rel}","templated":true}]}}