{"id":3300559,"date":"2026-05-01T21:33:02","date_gmt":"2026-05-01T19:33:02","guid":{"rendered":"https:\/\/www.wonenaandecotedazur.nl\/luxury-real-estate\/nieuwe-residentie-in-antibes-cip-803-6\/"},"modified":"2026-05-01T21:33:03","modified_gmt":"2026-05-01T19:33:03","slug":"nieuwe-residentie-in-antibes-cip-803-6","status":"publish","type":"product","link":"https:\/\/www.wonenaandecotedazur.nl\/nl\/luxury-real-estate\/nieuwe-residentie-in-antibes-cip-803-6\/","title":{"rendered":"Nieuwe residentie in Antibes \u2014 CIP-803"},"content":{"rendered":"<p>Een uitzonderlijk woonkader aan de C\u00f4te d&#8217;Azur<br \/>\nWonen aan de C\u00f4te d&#8217;Azur is gespecialiseerd in VEFA-nieuwbouwwoningen. Dit aantrekkelijke nieuwbouwproject in Antibes biedt bewoners een unieke levensstijl in \u00e9\u00e9n van de meest gewilde badplaatsen van de C\u00f4te d&#8217;Azur. Met een uitzonderlijk zonnig klimaat en een ontspannen levensritme is Antibes de plek waar u elke dag de mediterrane levenskunst kunt ervaren. De stad beschikt over 23 kilometer kustlijn met fijne zand- en kiezelstranden, verborgen baaitjes en sfeervolle havens die bijdragen aan haar onmiskenbare charme. Het lokale leven bruist van nautische activiteiten en culturele rijkdom \u2014 ideaal voor wie graag aan zee woont zonder in te leveren op cultureel aanbod.<\/p>\n<p>Elegante, hedendaagse residentie<br \/>\nGelegen vlakbij de stranden van Juan-les-Pins, straalt deze nieuwe residentie moderne elegantie en verfijning uit. Met zuivere lijnen, harmonieuze kleuren en een intimistische opzet is het gebouw ontworpen om comfort en hedendaagse esthetiek te combineren. Hoogwaardige materialen en zorgvuldig gekozen afwerkingen garanderen een hoogwaardige woonkwaliteit voor de toekomstige bewoners.<\/p>\n<p>Comfort en praktisch woonplezier<br \/>\nHet project legt de nadruk op dagelijks comfort: ruime ondergrondse parkeermogelijkheden zorgen voor een veilige en handige parkeeroplossing, terwijl private bergingen extra opbergruimte bieden. Dankzij de korte afstand naar de stranden van Juan-les-Pins geniet u moeiteloos van de kust, terwijl de residentie zelf een rustige en aangename woonomgeving behoudt.<\/p>\n<p>Uw voordelen met Wonen aan de C\u00f4te d&#8217;Azur<br \/>\nAls VEFA-project (Vente en l&#8217;\u00c9tat Futur d&#8217;Ach\u00e8vement) biedt Wonen aan de C\u00f4te d&#8217;Azur duidelijke meerwaarden: u profiteert van lagere notariskosten, een tienjarige bouwgarantie en de mogelijkheid om indeling en afwerking naar uw wens aan te passen v\u00f3\u00f3r de start van de bouw. Dat betekent maatwerk, zekerheid en fiscaal aantrekkelijke voorwaarden bij uw aankoop.<\/p>\n<p>Samenvatting en oproep<br \/>\nInvesteren in deze nieuwe residentie nabij de stranden van Antibes is kiezen voor een uitzonderlijke levenskwaliteit aan de C\u00f4te d&#8217;Azur: direct toegang tot de kust, een rijk aanbod aan nautische en culturele activiteiten, en een woonomgeving die hedendaags comfort combineert met elegante afwerking. Mis deze kans niet om eigenaar te worden in een van de mooiste buurten van Antibes \u2014 neem contact op met Wonen aan de C\u00f4te d&#8217;Azur voor meer informatie en mogelijkheden.<\/p>\n<p>&nbsp;<\/p>\n","protected":false},"excerpt":{"rendered":"<p>Een uitzonderlijk woonkader aan de C\u00f4te d&#8217;Azur Wonen aan de C\u00f4te d&#8217;Azur is gespecialiseerd in VEFA-nieuwbouwwoningen. Dit aantrekkelijke nieuwbouwproject in Antibes biedt bewoners een unieke levensstijl in \u00e9\u00e9n van de meest gewilde badplaatsen van de C\u00f4te d&#8217;Azur. Met een uitzonderlijk zonnig klimaat en een ontspannen levensritme is Antibes de plek waar u elke dag de [&hellip;]<\/p>\n","protected":false},"author":2,"featured_media":3281429,"template":"","meta":{"_acf_changed":false},"product_brand":[],"product_cat":[5678],"product_tag":[],"class_list":{"0":"post-3300559","1":"product","2":"type-product","3":"status-publish","4":"has-post-thumbnail","6":"product_cat-appartement","7":"pa_city-antibes-nl","8":"pa_country-frankrijk","9":"pa_region-cannes-nl","10":"pa_region-nice-nl","11":"pa_type-of-construction-nieuwbouw","13":"first","14":"instock","15":"product-type-simple"},"acf":[],"_links":{"self":[{"href":"https:\/\/www.wonenaandecotedazur.nl\/nl\/wp-json\/wp\/v2\/product\/3300559","targetHints":{"allow":["GET"]}}],"collection":[{"href":"https:\/\/www.wonenaandecotedazur.nl\/nl\/wp-json\/wp\/v2\/product"}],"about":[{"href":"https:\/\/www.wonenaandecotedazur.nl\/nl\/wp-json\/wp\/v2\/types\/product"}],"author":[{"embeddable":true,"href":"https:\/\/www.wonenaandecotedazur.nl\/nl\/wp-json\/wp\/v2\/users\/2"}],"wp:featuredmedia":[{"embeddable":true,"href":"https:\/\/www.wonenaandecotedazur.nl\/nl\/wp-json\/wp\/v2\/media\/3281429"}],"wp:attachment":[{"href":"https:\/\/www.wonenaandecotedazur.nl\/nl\/wp-json\/wp\/v2\/media?parent=3300559"}],"wp:term":[{"taxonomy":"product_brand","embeddable":true,"href":"https:\/\/www.wonenaandecotedazur.nl\/nl\/wp-json\/wp\/v2\/product_brand?post=3300559"},{"taxonomy":"product_cat","embeddable":true,"href":"https:\/\/www.wonenaandecotedazur.nl\/nl\/wp-json\/wp\/v2\/product_cat?post=3300559"},{"taxonomy":"product_tag","embeddable":true,"href":"https:\/\/www.wonenaandecotedazur.nl\/nl\/wp-json\/wp\/v2\/product_tag?post=3300559"}],"curies":[{"name":"wp","href":"https:\/\/api.w.org\/{rel}","templated":true}]}}