{"id":3300560,"date":"2026-05-01T21:33:02","date_gmt":"2026-05-01T19:33:02","guid":{"rendered":"https:\/\/www.wonenaandecotedazur.nl\/luxury-real-estate\/nieuwe-residentie-in-chateauneuf-de-grasse-cip-875-3\/"},"modified":"2026-05-01T21:33:05","modified_gmt":"2026-05-01T19:33:05","slug":"nieuwe-residentie-in-chateauneuf-de-grasse-cip-875-3","status":"publish","type":"product","link":"https:\/\/www.wonenaandecotedazur.nl\/nl\/luxury-real-estate\/nieuwe-residentie-in-chateauneuf-de-grasse-cip-875-3\/","title":{"rendered":"Nieuwe residentie in Ch\u00e2teauneuf-de-Grasse &#8211; CIP-875"},"content":{"rendered":"<p>Ch\u00e2teauneuf-de-Grasse: een historisch Proven\u00e7aals dorp met uitzicht<br \/>\nCh\u00e2teauneuf-de-Grasse ligt hoog boven het omliggende landschap en biedt een panoramisch uitzicht over de baai van Cannes. Dit charmante, historisch waardevolle dorp in de Alpes-Maritimes ademt Proven\u00e7aalse sfeer: smalle straatjes, rijen plataan- en vijgenbomen en een architectuur die authenticiteit en geschiedenis uitstraalt.<\/p>\n<p>Rustige residentie, op slechts 3 minuten van Opio<br \/>\nGelegen in een gewilde, groene en zeer rustige woonomgeving, vormt deze nieuwe residentie in Ch\u00e2teauneuf-de-Grasse het toonbeeld van kwaliteit en verfijning. Op slechts 3 minuten rijden van Opio, biedt de afgesloten residentie verzorgde, beplante tuinen die bijdragen aan het rustige, residenti\u00eble karakter van de buurt. De hedendaagse architectuur met slechts twee verdiepingen zorgt voor veel lichtinval en ruime ori\u00ebntaties. Elk appartement opent zich naar buiten met een royale terras of een priv\u00e9tuin en een prachtig uitzicht over de omliggende bossen.<\/p>\n<p>Een modern project in harmonie met de natuur<br \/>\nHet project legt de nadruk op eenvoud, licht en natuurlijke tinten, en sluit prachtig aan op de omgeving. De buitenruimtes van ieder appartement zorgen voor een echte gevoel van welzijn. De residentie beschikt over een zwembad en groene zones met olijfbomen, citrusbomen en exotische beplanting, waardoor een sereen en natuurlijk kader ontstaat waar u heerlijk kunt ontspannen.<\/p>\n<p>Comfort en hoogwaardige afwerking binnen<br \/>\nDe binnenruimtes zijn doordacht ontworpen voor maximaal comfort. De appartementen, vari\u00ebrend van 2- tot 5-kamerwoningen, bieden verzorgde indelingen en hoogwaardige afwerkingen, zorgvuldig gekozen om duurzaam woonplezier te garanderen. Beleef kwaliteit van leven in deze nieuwe residentie van Ch\u00e2teauneuf-de-Grasse, waar rust, natuur en comfort in harmonie samenkomen.<\/p>\n<p>Wonen aan de C\u00f4te d&#8217;Azur &#8211; VEFA-specialist en voordelige voorwaarden<br \/>\nWonen aan de C\u00f4te d&#8217;Azur is gespecialiseerd in VEFA-nieuwbouwprojecten (aankoop v\u00f3\u00f3r oplevering) en begeleidt u professioneel bij elke stap van de aankoop. Als koper profiteert u van een 10-jarige constructiewaarborg, lagere notariskosten en de mogelijkheid om de indeling en afwerkingsniveau aan te passen voordat de bouw begint \u2014 ideale voorwaarden om uw nieuwe thuis helemaal naar wens te cre\u00ebren.<\/p>\n<p>&nbsp;<\/p>\n","protected":false},"excerpt":{"rendered":"<p>Ch\u00e2teauneuf-de-Grasse: een historisch Proven\u00e7aals dorp met uitzicht Ch\u00e2teauneuf-de-Grasse ligt hoog boven het omliggende landschap en biedt een panoramisch uitzicht over de baai van Cannes. Dit charmante, historisch waardevolle dorp in de Alpes-Maritimes ademt Proven\u00e7aalse sfeer: smalle straatjes, rijen plataan- en vijgenbomen en een architectuur die authenticiteit en geschiedenis uitstraalt. Rustige residentie, op slechts 3 minuten [&hellip;]<\/p>\n","protected":false},"author":2,"featured_media":3282404,"template":"","meta":{"_acf_changed":false},"product_brand":[],"product_cat":[5678],"product_tag":[],"class_list":{"0":"post-3300560","1":"product","2":"type-product","3":"status-publish","4":"has-post-thumbnail","6":"product_cat-appartement","7":"pa_city-chateauneuf-de-grasse-nl","8":"pa_country-frankrijk","9":"pa_type-of-construction-nieuwbouw","11":"first","12":"instock","13":"product-type-simple"},"acf":[],"_links":{"self":[{"href":"https:\/\/www.wonenaandecotedazur.nl\/nl\/wp-json\/wp\/v2\/product\/3300560","targetHints":{"allow":["GET"]}}],"collection":[{"href":"https:\/\/www.wonenaandecotedazur.nl\/nl\/wp-json\/wp\/v2\/product"}],"about":[{"href":"https:\/\/www.wonenaandecotedazur.nl\/nl\/wp-json\/wp\/v2\/types\/product"}],"author":[{"embeddable":true,"href":"https:\/\/www.wonenaandecotedazur.nl\/nl\/wp-json\/wp\/v2\/users\/2"}],"wp:featuredmedia":[{"embeddable":true,"href":"https:\/\/www.wonenaandecotedazur.nl\/nl\/wp-json\/wp\/v2\/media\/3282404"}],"wp:attachment":[{"href":"https:\/\/www.wonenaandecotedazur.nl\/nl\/wp-json\/wp\/v2\/media?parent=3300560"}],"wp:term":[{"taxonomy":"product_brand","embeddable":true,"href":"https:\/\/www.wonenaandecotedazur.nl\/nl\/wp-json\/wp\/v2\/product_brand?post=3300560"},{"taxonomy":"product_cat","embeddable":true,"href":"https:\/\/www.wonenaandecotedazur.nl\/nl\/wp-json\/wp\/v2\/product_cat?post=3300560"},{"taxonomy":"product_tag","embeddable":true,"href":"https:\/\/www.wonenaandecotedazur.nl\/nl\/wp-json\/wp\/v2\/product_tag?post=3300560"}],"curies":[{"name":"wp","href":"https:\/\/api.w.org\/{rel}","templated":true}]}}