{"id":3300564,"date":"2026-05-01T21:33:12","date_gmt":"2026-05-01T19:33:12","guid":{"rendered":"https:\/\/www.wonenaandecotedazur.nl\/luxury-real-estate\/nieuwe-residentie-in-antibes-in-een-chique-woonwijk-cip-806\/"},"modified":"2026-05-01T21:33:15","modified_gmt":"2026-05-01T19:33:15","slug":"nieuwe-residentie-in-antibes-in-een-chique-woonwijk-cip-806","status":"publish","type":"product","link":"https:\/\/www.wonenaandecotedazur.nl\/nl\/luxury-real-estate\/nieuwe-residentie-in-antibes-in-een-chique-woonwijk-cip-806\/","title":{"rendered":"Nieuwe residentie in Antibes in een chique woonwijk &#8211; CIP-806"},"content":{"rendered":"<p>De charme van de C\u00f4te d&#8217;Azur<br \/>\nErvaar het echte C\u00f4te d&#8217;Azur-leven in het hart van Antibes, in een elegante en rustige woonwijk. Deze nieuwe residentie voegt zich fraai in de omgeving dankzij een verfijnde architectuur en een doordachte uitstraling.<\/p>\n<p>Licht, zorgvuldigheid en comfort<br \/>\nDe intieme residentie telt slechts 11 appartementen, van 2- tot 4-kamerwoningen, verdeeld over drie verdiepingen. Elk appartement beschikt over aantrekkelijke terrassen of loggia&#8217;s en sommige units hebben bovendien priv\u00e9tuinen \u2014 ideaal om buiten te leven onder de zon. De indelingen zijn ontworpen om maximale lichtinval en comfortabel dagelijks wonen te garanderen.<\/p>\n<p>Praktisch \u00e9n doordacht<br \/>\nNaast ruime woonruimtes biedt het project 22 parkeerplaatsen op het dak met gemakkelijke straattoegang. Ruime bergingen (caves) worden eveneens voorzien, zodat u alles netjes kunt opbergen.<\/p>\n<p>Kwaliteit en energieprestaties<br \/>\nDe appartementen voldoen aan de RT 2012-normen, wat garant staat voor uitstekende thermische en akoestische isolatie. Dat maakt dit project tot een duurzame en waardevaste investering aan de Franse Rivi\u00e8ra.<\/p>\n<p>Wonen aan de C\u00f4te d&#8217;Azur \u2014 VEFA-specialist met extra voordelen<br \/>\nWonen aan de C\u00f4te d&#8217;Azur is gespecialiseerd in VEFA-nieuwbouwprojecten (Vente en l&#8217;\u00c9tat Futur d&#8217;Ach\u00e8vement). Als koper profiteert u van een tienjarige bouwwaarborg, lagere notariskosten en de mogelijkheid om de indeling en afwerking aan te passen v\u00f3\u00f3r de start van de bouw. Zo stelt u uw nieuwe thuis precies samen naar eigen wens.<\/p>\n<p>Nieuwbouwproject in Antibes<br \/>\nOntdek het comfort, de rust en de mediterrane levensstijl die deze zorgvuldig afgewerkte residentie in Antibes te bieden heeft. Een moderne, stijlvolle plek om te wonen \u2014 perfect voor wie kwaliteit en levenskwaliteit op de C\u00f4te d&#8217;Azur zoekt.<\/p>\n<p>&nbsp;<\/p>\n","protected":false},"excerpt":{"rendered":"<p>De charme van de C\u00f4te d&#8217;Azur Ervaar het echte C\u00f4te d&#8217;Azur-leven in het hart van Antibes, in een elegante en rustige woonwijk. Deze nieuwe residentie voegt zich fraai in de omgeving dankzij een verfijnde architectuur en een doordachte uitstraling. Licht, zorgvuldigheid en comfort De intieme residentie telt slechts 11 appartementen, van 2- tot 4-kamerwoningen, verdeeld [&hellip;]<\/p>\n","protected":false},"author":2,"featured_media":3281489,"template":"","meta":{"_acf_changed":false},"product_brand":[],"product_cat":[5678],"product_tag":[],"class_list":{"0":"post-3300564","1":"product","2":"type-product","3":"status-publish","4":"has-post-thumbnail","6":"product_cat-appartement","7":"pa_city-antibes-nl","8":"pa_country-frankrijk","9":"pa_region-cannes-nl","10":"pa_region-nice-nl","11":"pa_type-of-construction-nieuwbouw","13":"first","14":"instock","15":"product-type-simple"},"acf":[],"_links":{"self":[{"href":"https:\/\/www.wonenaandecotedazur.nl\/nl\/wp-json\/wp\/v2\/product\/3300564","targetHints":{"allow":["GET"]}}],"collection":[{"href":"https:\/\/www.wonenaandecotedazur.nl\/nl\/wp-json\/wp\/v2\/product"}],"about":[{"href":"https:\/\/www.wonenaandecotedazur.nl\/nl\/wp-json\/wp\/v2\/types\/product"}],"author":[{"embeddable":true,"href":"https:\/\/www.wonenaandecotedazur.nl\/nl\/wp-json\/wp\/v2\/users\/2"}],"wp:featuredmedia":[{"embeddable":true,"href":"https:\/\/www.wonenaandecotedazur.nl\/nl\/wp-json\/wp\/v2\/media\/3281489"}],"wp:attachment":[{"href":"https:\/\/www.wonenaandecotedazur.nl\/nl\/wp-json\/wp\/v2\/media?parent=3300564"}],"wp:term":[{"taxonomy":"product_brand","embeddable":true,"href":"https:\/\/www.wonenaandecotedazur.nl\/nl\/wp-json\/wp\/v2\/product_brand?post=3300564"},{"taxonomy":"product_cat","embeddable":true,"href":"https:\/\/www.wonenaandecotedazur.nl\/nl\/wp-json\/wp\/v2\/product_cat?post=3300564"},{"taxonomy":"product_tag","embeddable":true,"href":"https:\/\/www.wonenaandecotedazur.nl\/nl\/wp-json\/wp\/v2\/product_tag?post=3300564"}],"curies":[{"name":"wp","href":"https:\/\/api.w.org\/{rel}","templated":true}]}}