{"id":3300570,"date":"2026-05-01T21:33:24","date_gmt":"2026-05-01T19:33:24","guid":{"rendered":"https:\/\/www.wonenaandecotedazur.nl\/luxury-real-estate\/nieuwbouw-in-saint-raphael-cip-858\/"},"modified":"2026-05-01T21:33:26","modified_gmt":"2026-05-01T19:33:26","slug":"nieuwbouw-in-saint-raphael-cip-858","status":"publish","type":"product","link":"https:\/\/www.wonenaandecotedazur.nl\/nl\/luxury-real-estate\/nieuwbouw-in-saint-raphael-cip-858\/","title":{"rendered":"Nieuwbouw in Saint-Rapha\u00ebl \u2013 CIP-858"},"content":{"rendered":"<p>De stad<br \/>\nGelegen aan de heerlijke C\u00f4te varoise, op slechts 45 minuten van Nice en precies tussen Cannes en Saint-Tropez, ligt Saint-Rapha\u00ebl \u2014 de populairste badplaats van het departement Var. De kustlijn met afwisselend fijne zandstranden en rode rotsen onthult helder turquoise water in zijn baaien, kreekjes en calanques. Op de achtergrond strekt het Est\u00e9relmassief zich uit met zijn grillige silhouetten en adembenemende vergezichten.<\/p>\n<p>Hier ervaart u overal de zachte Proven\u00e7aalse levensstijl. Wandel door de charmante oude binnenstad en langs de oude haven, bewonder Belle \u00c9poque-villa\u2019s, bezoek kleurrijke markten en geniet van de lokale keuken op een zonnig terras. Voor cultuur, sport en vrije tijd biedt Saint-Rapha\u00ebl een uitgebreid aanbod: casino, bioscoop, theaters, festivals, golfbanen en watersporten \u2014 een bruisende stad van zo\u2019n 36.000 inwoners die het hele jaar door leeft.<\/p>\n<p>De wijk<br \/>\nValescure, vandaag bekend als het &#8220;Golfkwartier&#8221;, is een rustige residenti\u00eble wijk met een zorgvuldig bewaard landschap: majestueuze parasolden, statige villa\u2019s en prestigieuze hotels vormen een ansichtkaartdecor dat uitkijkt over de baai van Saint-Rapha\u00ebl. Op loopafstand bevindt u zich binnen enkele minuten in het historische hart en in ongeveer 15 minuten bij het Veillat-strand en de jachthaven.<\/p>\n<p>In een straal van 1 km vindt u alle dagelijkse voorzieningen: bakker, slager, markthallen, supermarkt, tabakswinkel, bank, stomerij en medische diensten. Het treinstation ligt eveneens op ongeveer 1 km. Voor gezinnen is het aanbod aan scholen ruim: 8 kleuterscholen, 10 basisscholen, 3 lagere middelbare scholen en 2 lycea, waaronder het lyceum Saint-Exup\u00e9ry vlak bij de residentie.<\/p>\n<p>Het nieuwbouwproject in Saint-Rapha\u00ebl<br \/>\nDeze elegante nieuwe residentie geniet een begeerde ligging in het hart van Valescure. Omringd door fijne zandstranden en het Est\u00e9relmassief is Saint-Rapha\u00ebl een geliefde badplaats waar u kunt kiezen voor ontspannen stranddagen, wandelingen, golfen of de Proven\u00e7aalse markten \u2014 en dit alles binnen loopafstand van uw woning.<\/p>\n<p>Elk appartement is met zorg ontworpen: ruime indelingen, zorgvuldig afgewerkt en met royale terrassen die ideaal geori\u00ebnteerd zijn en volop privacy bieden. Handige details zoals vaste en inklapbare lamellen zorgen voor comfort en schaduw tijdens de zomermaanden.<\/p>\n<p>Voordelen en bijkomende services<br \/>\nWonen aan de C\u00f4te d&#8217;Azur is gespecialiseerd in VEFA-nieuwbouwprojecten en begeleidt u stap voor stap bij de aankoop. U profiteert van een tienjarige constructiewaarborg, lagere notariskosten en de mogelijkheid om de indeling en afwerking van uw appartement aan te passen voordat de bouw begint \u2014 een unieke kans om uw woning naar wens te personaliseren.<\/p>\n<p>Kies dit nieuwbouwproject in Saint-Rapha\u00ebl en geniet van het luxe van alles te voet kunnen doen, gecombineerd met het gemak en comfort van een moderne, doordachte woonomgeving aan de Franse Riviera.<\/p>\n<p>&nbsp;<\/p>\n","protected":false},"excerpt":{"rendered":"<p>De stad Gelegen aan de heerlijke C\u00f4te varoise, op slechts 45 minuten van Nice en precies tussen Cannes en Saint-Tropez, ligt Saint-Rapha\u00ebl \u2014 de populairste badplaats van het departement Var. De kustlijn met afwisselend fijne zandstranden en rode rotsen onthult helder turquoise water in zijn baaien, kreekjes en calanques. Op de achtergrond strekt het Est\u00e9relmassief [&hellip;]<\/p>\n","protected":false},"author":2,"featured_media":3282194,"template":"","meta":{"_acf_changed":false},"product_brand":[],"product_cat":[5678],"product_tag":[],"class_list":{"0":"post-3300570","1":"product","2":"type-product","3":"status-publish","4":"has-post-thumbnail","6":"product_cat-appartement","7":"pa_city-saint-raphael-nl","8":"pa_country-frankrijk","9":"pa_region-saint-raphael-nl","10":"pa_type-of-construction-nieuwbouw","12":"first","13":"instock","14":"product-type-simple"},"acf":[],"_links":{"self":[{"href":"https:\/\/www.wonenaandecotedazur.nl\/nl\/wp-json\/wp\/v2\/product\/3300570","targetHints":{"allow":["GET"]}}],"collection":[{"href":"https:\/\/www.wonenaandecotedazur.nl\/nl\/wp-json\/wp\/v2\/product"}],"about":[{"href":"https:\/\/www.wonenaandecotedazur.nl\/nl\/wp-json\/wp\/v2\/types\/product"}],"author":[{"embeddable":true,"href":"https:\/\/www.wonenaandecotedazur.nl\/nl\/wp-json\/wp\/v2\/users\/2"}],"wp:featuredmedia":[{"embeddable":true,"href":"https:\/\/www.wonenaandecotedazur.nl\/nl\/wp-json\/wp\/v2\/media\/3282194"}],"wp:attachment":[{"href":"https:\/\/www.wonenaandecotedazur.nl\/nl\/wp-json\/wp\/v2\/media?parent=3300570"}],"wp:term":[{"taxonomy":"product_brand","embeddable":true,"href":"https:\/\/www.wonenaandecotedazur.nl\/nl\/wp-json\/wp\/v2\/product_brand?post=3300570"},{"taxonomy":"product_cat","embeddable":true,"href":"https:\/\/www.wonenaandecotedazur.nl\/nl\/wp-json\/wp\/v2\/product_cat?post=3300570"},{"taxonomy":"product_tag","embeddable":true,"href":"https:\/\/www.wonenaandecotedazur.nl\/nl\/wp-json\/wp\/v2\/product_tag?post=3300570"}],"curies":[{"name":"wp","href":"https:\/\/api.w.org\/{rel}","templated":true}]}}