{"id":3300572,"date":"2026-05-01T21:33:24","date_gmt":"2026-05-01T19:33:24","guid":{"rendered":"https:\/\/www.wonenaandecotedazur.nl\/luxury-real-estate\/nieuwbouwproject-in-saint-raphael-cip-858-3\/"},"modified":"2026-05-01T21:33:27","modified_gmt":"2026-05-01T19:33:27","slug":"nieuwbouwproject-in-saint-raphael-cip-858-3","status":"publish","type":"product","link":"https:\/\/www.wonenaandecotedazur.nl\/nl\/luxury-real-estate\/nieuwbouwproject-in-saint-raphael-cip-858-3\/","title":{"rendered":"Nieuwbouwproject in SAINT-RAPHA\u00cbL &#8211; CIP-858"},"content":{"rendered":"<p>De stad<br \/>\nAan de kust van de Var, op slechts 45 minuten van Nice en perfect gelegen tussen Cannes en Saint-Tropez, ligt Saint-Rapha\u00ebl \u2014 de populairste badplaats van de Var, geroemd om zijn prachtige kustlijn en zwoele levensstijl. De lange strook kust met zandstranden en rode rotsen onthult turquoise wateren, intieme kreekjes en schilderachtige calanques.<\/p>\n<p>Op de achtergrond biedt het Est\u00e9relgebergte een indrukwekkend decor met ruige silhouetten en adembenemende uitzichtpunten. Dagelijks leven en ontspanning gaan hier hand in hand: sfeervolle oude stad, de pittoreske haven, Belle \u00c9poque-villa&#8217;s, Proven\u00e7aalse markten, lokale winkeltjes en charmante terrassen waar je geniet van de regionale keuken en een glas wijn.<\/p>\n<p>Voor cultuur, sport en vrijetijdsbesteding biedt Saint-Rapha\u00ebl alles wat je maar kunt wensen. Deze dynamische stad met ongeveer 36.000 inwoners leeft het hele jaar door: casino, bioscoop, schouwburg, festivals, golfbanen, watersporten\u2026 het culturele aanbod en de verenigingsactiviteiten zijn rijk en gevarieerd.<\/p>\n<p>De wijk<br \/>\nValescure, vandaag ook bekend als het &#8216;Quartier des Golfs&#8217;, is een rustige residenti\u00eble enclave omringd door een ongerepte natuur. Schaduwrijke parasolden, statige landhuizen en prestigieuze hotels cre\u00ebren hier een postkaartachtige sfeer met uitzicht over de baai van Saint-Rapha\u00ebl.<\/p>\n<p>Te voet ben je in enkele minuten bij het historische hart van de stad, en binnen 15 minuten bij het strand van Veillat en de haven van Saint-Rapha\u00ebl. Kiezen voor dit nieuwbouwproject in Valescure betekent het luxegevoel van alles te voet kunnen doen en het comfort van een stedelijke levensstijl direct aan zee.<\/p>\n<p>Binnen een straal van 1 km vind je alle dagelijkse voorzieningen: bakker, slager, overdekte markthallen voor verse producten, supermarkt, tabak\/pers, bank, stomerij en gezondheidszorg. Het treinstation ligt op slechts 1 km, ideaal voor uitstapjes of woon-werkverkeer. Voor gezinnen is het aanbod aan scholen compleet: 8 kleuterscholen, 10 basisscholen, 3 coll\u00e8ges en 2 lycea, waaronder het lyc\u00e9e Saint-Exup\u00e9ry vlakbij de residentie.<\/p>\n<p>Het nieuwbouwproject in Saint-Rapha\u00ebl<br \/>\nDeze exclusieve nieuwbouwresidentie geniet een topvestiging in het gewilde Valescure, midden in Saint-Rapha\u00ebl. Omringd door fijne zandstranden en het Est\u00e9relmassief, biedt dit project het beste van de C\u00f4te d&#8217;Azur: zon, zee, natuur en een levensritme waarin kwaliteit voorop staat.<\/p>\n<p>De appartementen zijn met zorg ontworpen: ruime indelingen, hoogwaardige afwerking en veel aandacht voor licht en comfort. Terrassen en buitenruimtes zijn ideaal geori\u00ebnteerd, priv\u00e9 en beschut \u2014 uitgerust met vaste en opvouwbare lamellen die in de zomer voor schaduw en privacy zorgen.<\/p>\n<p>Wonen aan de C\u00f4te d&#8217;Azur is gespecialiseerd in VEFA-nieuwbouwprojecten. Dat betekent dat u niet alleen investeert in een nieuw, modern appartement, maar ook profiteert van concrete voordelen: een tienjarige bouwgarantie, lagere notariskosten en de mogelijkheid om de indeling en afwerking naar wens aan te passen voordat de bouw begint. Een unieke kans om uw droomwoning aan de C\u00f4te d&#8217;Azur persoonlijk vorm te geven.<\/p>\n<p>Samengevat: dit project combineert een uitzonderlijke locatie, geraffineerde architectuur en comfortabele buitenruimtes met de zekerheid en flexibiliteit van VEFA \u2014 een aantrekkelijk aanbod voor wie verlangt naar het beste van het Franse zuiden, met alle moderne garanties en voordelen.<\/p>\n<p>&nbsp;<\/p>\n","protected":false},"excerpt":{"rendered":"<p>De stad Aan de kust van de Var, op slechts 45 minuten van Nice en perfect gelegen tussen Cannes en Saint-Tropez, ligt Saint-Rapha\u00ebl \u2014 de populairste badplaats van de Var, geroemd om zijn prachtige kustlijn en zwoele levensstijl. De lange strook kust met zandstranden en rode rotsen onthult turquoise wateren, intieme kreekjes en schilderachtige calanques. [&hellip;]<\/p>\n","protected":false},"author":2,"featured_media":3282194,"template":"","meta":{"_acf_changed":false},"product_brand":[],"product_cat":[5678],"product_tag":[],"class_list":{"0":"post-3300572","1":"product","2":"type-product","3":"status-publish","4":"has-post-thumbnail","6":"product_cat-appartement","7":"pa_city-saint-raphael-nl","8":"pa_country-frankrijk","9":"pa_region-saint-raphael-nl","10":"pa_type-of-construction-nieuwbouw","12":"first","13":"instock","14":"product-type-simple"},"acf":[],"_links":{"self":[{"href":"https:\/\/www.wonenaandecotedazur.nl\/nl\/wp-json\/wp\/v2\/product\/3300572","targetHints":{"allow":["GET"]}}],"collection":[{"href":"https:\/\/www.wonenaandecotedazur.nl\/nl\/wp-json\/wp\/v2\/product"}],"about":[{"href":"https:\/\/www.wonenaandecotedazur.nl\/nl\/wp-json\/wp\/v2\/types\/product"}],"author":[{"embeddable":true,"href":"https:\/\/www.wonenaandecotedazur.nl\/nl\/wp-json\/wp\/v2\/users\/2"}],"wp:featuredmedia":[{"embeddable":true,"href":"https:\/\/www.wonenaandecotedazur.nl\/nl\/wp-json\/wp\/v2\/media\/3282194"}],"wp:attachment":[{"href":"https:\/\/www.wonenaandecotedazur.nl\/nl\/wp-json\/wp\/v2\/media?parent=3300572"}],"wp:term":[{"taxonomy":"product_brand","embeddable":true,"href":"https:\/\/www.wonenaandecotedazur.nl\/nl\/wp-json\/wp\/v2\/product_brand?post=3300572"},{"taxonomy":"product_cat","embeddable":true,"href":"https:\/\/www.wonenaandecotedazur.nl\/nl\/wp-json\/wp\/v2\/product_cat?post=3300572"},{"taxonomy":"product_tag","embeddable":true,"href":"https:\/\/www.wonenaandecotedazur.nl\/nl\/wp-json\/wp\/v2\/product_tag?post=3300572"}],"curies":[{"name":"wp","href":"https:\/\/api.w.org\/{rel}","templated":true}]}}