{"id":3300574,"date":"2026-05-01T21:33:24","date_gmt":"2026-05-01T19:33:24","guid":{"rendered":"https:\/\/www.wonenaandecotedazur.nl\/luxury-real-estate\/nieuwbouwproject-in-menton-cip-834-2\/"},"modified":"2026-05-01T21:33:29","modified_gmt":"2026-05-01T19:33:29","slug":"nieuwbouwproject-in-menton-cip-834-2","status":"publish","type":"product","link":"https:\/\/www.wonenaandecotedazur.nl\/nl\/luxury-real-estate\/nieuwbouwproject-in-menton-cip-834-2\/","title":{"rendered":"Nieuwbouwproject in Menton \u2013 CIP-834"},"content":{"rendered":"<p>Mediterrane charme<br \/>\nGelegen op een zonnige heuvel met weids uitzicht over de Middellandse Zee, biedt dit elegante nieuwbouwproject in Menton een onge\u00ebvenaarde beleving van de C\u00f4te d&#8217;Azur. Menton, de parel van de Rivi\u00e8ra, komt hier volledig tot haar recht: een serene residenti\u00eble ligging, terwijl het stadscentrum in slechts 10 minuten met de auto bereikbaar is.<\/p>\n<p>Een oase van groen in de stad<br \/>\nTussen zorgvuldig aangelegde groenpartijen, lokale bomen en mediterrane beplanting verrijzen vier intieme wooneilanden, elk met slechts \u00e9\u00e9n woonlaag. Het ontwerp legt de nadruk op het behoud van de natuur en cre\u00ebert een rustige, harmonieuze sfeer die perfect aansluit bij het zonnige karakter van de streek.<\/p>\n<p>Woningen voor uw welzijn<br \/>\nHet aanbod bestaat uit smaakvol ontworpen 2- tot 4-kamerappartementen, elk verlengd met een terras en tuin of een riante balkonzijde, zodat u maximaal kunt genieten van het milde klimaat. Een select aantal appartementen biedt zelfs een vrij uitzicht op zee \u2014 een dagelijks vakantiegevoel binnen handbereik.<\/p>\n<p>Alles wat u nodig heeft, dichtbij<br \/>\nDit project combineert rust met praktische bereikbaarheid: scholen en winkels zijn binnen 14 minuten met de auto bereikbaar en bus 6 stopt bij het project, ideaal voor snelle verbindingen met het levendige stadsleven. Bovendien ligt het strand binnen handbereik, perfect voor ontspanning of een avondwandeling langs de kust.<\/p>\n<p>Kopen met vertrouwen via Wonen aan de C\u00f4te d&#8217;Azur<br \/>\nWonen aan de C\u00f4te d&#8217;Azur is gespecialiseerd in VEFA\u2011nieuwbouw (aankoop in staat van toekomstige oplevering). Kiezen voor VEFA betekent onder andere: een wettelijke 10\u2011jarige bouwgarantie, lagere notariskosten en de mogelijkheid om indeling en afwerking aan te passen voordat de bouw begint. Zo stelt u uw woning naar eigen smaak samen en koopt u met vertrouwen en optimale garanties.<\/p>\n<p>Leef de droom aan de C\u00f4te d&#8217;Azur<br \/>\nDit nieuwbouwproject op de heuvel van Menton belichaamt de mediterrane levensstijl: een prachtige ligging, verfijnde architectuur, woningen ontworpen voor comfort en groen om u heen. Het is een unieke kans om het leven te leiden dat u verdient. Neem contact op en ontdek dit betoverende toevluchtsoord aan zee.<\/p>\n<p>&nbsp;<\/p>\n","protected":false},"excerpt":{"rendered":"<p>Mediterrane charme Gelegen op een zonnige heuvel met weids uitzicht over de Middellandse Zee, biedt dit elegante nieuwbouwproject in Menton een onge\u00ebvenaarde beleving van de C\u00f4te d&#8217;Azur. Menton, de parel van de Rivi\u00e8ra, komt hier volledig tot haar recht: een serene residenti\u00eble ligging, terwijl het stadscentrum in slechts 10 minuten met de auto bereikbaar is. [&hellip;]<\/p>\n","protected":false},"author":2,"featured_media":3281639,"template":"","meta":{"_acf_changed":false},"product_brand":[],"product_cat":[5678],"product_tag":[],"class_list":{"0":"post-3300574","1":"product","2":"type-product","3":"status-publish","4":"has-post-thumbnail","6":"product_cat-appartement","7":"pa_city-menton-nl","8":"pa_country-frankrijk","9":"pa_region-monaco-nl","10":"pa_type-of-construction-nieuwbouw","12":"first","13":"instock","14":"product-type-simple"},"acf":[],"_links":{"self":[{"href":"https:\/\/www.wonenaandecotedazur.nl\/nl\/wp-json\/wp\/v2\/product\/3300574","targetHints":{"allow":["GET"]}}],"collection":[{"href":"https:\/\/www.wonenaandecotedazur.nl\/nl\/wp-json\/wp\/v2\/product"}],"about":[{"href":"https:\/\/www.wonenaandecotedazur.nl\/nl\/wp-json\/wp\/v2\/types\/product"}],"author":[{"embeddable":true,"href":"https:\/\/www.wonenaandecotedazur.nl\/nl\/wp-json\/wp\/v2\/users\/2"}],"wp:featuredmedia":[{"embeddable":true,"href":"https:\/\/www.wonenaandecotedazur.nl\/nl\/wp-json\/wp\/v2\/media\/3281639"}],"wp:attachment":[{"href":"https:\/\/www.wonenaandecotedazur.nl\/nl\/wp-json\/wp\/v2\/media?parent=3300574"}],"wp:term":[{"taxonomy":"product_brand","embeddable":true,"href":"https:\/\/www.wonenaandecotedazur.nl\/nl\/wp-json\/wp\/v2\/product_brand?post=3300574"},{"taxonomy":"product_cat","embeddable":true,"href":"https:\/\/www.wonenaandecotedazur.nl\/nl\/wp-json\/wp\/v2\/product_cat?post=3300574"},{"taxonomy":"product_tag","embeddable":true,"href":"https:\/\/www.wonenaandecotedazur.nl\/nl\/wp-json\/wp\/v2\/product_tag?post=3300574"}],"curies":[{"name":"wp","href":"https:\/\/api.w.org\/{rel}","templated":true}]}}