{"id":3300575,"date":"2026-05-01T21:33:33","date_gmt":"2026-05-01T19:33:33","guid":{"rendered":"https:\/\/www.wonenaandecotedazur.nl\/luxury-real-estate\/nieuwbouwproject-in-saint-raphael-cip-858-4\/"},"modified":"2026-05-01T21:33:34","modified_gmt":"2026-05-01T19:33:34","slug":"nieuwbouwproject-in-saint-raphael-cip-858-4","status":"publish","type":"product","link":"https:\/\/www.wonenaandecotedazur.nl\/nl\/luxury-real-estate\/nieuwbouwproject-in-saint-raphael-cip-858-4\/","title":{"rendered":"Nieuwbouwproject in Saint-Rapha\u00ebl \u2014 CIP-858"},"content":{"rendered":"<p>De stad<br \/>\nAan de keurige kust van het departement Var, op slechts 45 minuten van Nice en perfect gelegen tussen Cannes en Saint-Tropez, ligt Saint-Rapha\u00ebl \u2014 de populairste badplaats van de Var. Hier smelten een adembenemende kustlijn en een ontspannen mediterrane levensstijl samen. Lange witte stranden en kleine kreken wisselen elkaar af met rotsachtige inhammen en helder, turquoise water. Op de achtergrond schildert het Est\u00e9rel-massief een ruig, fotogeniek decor met schitterende uitzichtpunten.<\/p>\n<p>Het dagelijkse leven ademt hier serene charme. Wandel door de pittoreske oude binnenstad en de oude haven, bewonder Belle \u00c9poque-villa\u2019s, dwaal over Proven\u00e7aalse markten en geniet van lokale bakkers, delicatessen en uitstekende restaurants met gezellige terrassen. Voor cultuur, sport en vrijetijdsbesteding is er altijd iets te beleven: casino, bioscoop, zalen voor voorstellingen, festivals, golfbanen en watersporten \u2014 de stad telt ongeveer 36.000 inwoners en bruist het hele jaar door.<\/p>\n<p>De buurt<br \/>\nBekend als het &#8220;Quartier des Golfs&#8221;, is Valescure een rustige, residenti\u00eble wijk met een ongerepte omgeving: majestueuze parasoldennen, statige woningen en prestigieuze hotels cre\u00ebren een postcard-achtig decor met uitzicht over de baai van Saint-Rapha\u00ebl. Op loopafstand bereikt u in enkele minuten het historische hart en binnen 15 minuten de stranden van Le Veillat en de jachthaven van Saint-Rapha\u00ebl.<\/p>\n<p>Kiezen voor dit nieuwbouwproject betekent het luxe gemak van alles te voet kunnen doen en het comfort van een stedelijke, zeegebonden levensstijl. Binnen een straal van 1 km vindt u alle dagelijkse voorzieningen: bakker, slager, verse markthallen, supermarkt, tabakswinkel, bank, stomerij en medische praktijken. Het treinstation ligt op slechts 1 km, en voor gezinnen is het aanbod van scholen compleet: 8 kleuterscholen, 10 lagere scholen, 3 middelbare scholen en 2 lycea, waaronder het Lyc\u00e9e Saint-Exup\u00e9ry vlakbij de residentie.<\/p>\n<p>Het nieuwbouwproject in Saint-Rapha\u00ebl<br \/>\nDeze hoogwaardige residentie geniet van een toplocatie in het gewilde Valescure, tussen de fijne zandstranden en het indrukwekkende Est\u00e9rel-massief. Saint-Rapha\u00ebl is een geliefde badplaats waar u kunt kiezen tussen ontspannende stranddagen, wandelingen, golf, Proven\u00e7aalse markten \u2014 en het ultieme gemak van alle faciliteiten binnen handbereik.<\/p>\n<p>Elk appartement in dit project is met zorg ontworpen: ruime indelingen, doordachte afwerking en aandacht voor licht en comfort. De terrassen zijn ideaal geori\u00ebnteerd en bieden privacy dankzij vaste en oprolbare lamellen \u2014 bijzonder aangenaam in de zomermaanden.<\/p>\n<p>Wonen aan de C\u00f4te d&#8217;Azur begeleidt u professioneel bij aankoop van VEFA-nieuwbouw (koop in de staat van voltooiing) en maakt het verschil: u profiteert van een 10-jarige constructiegarantie, lagere notariskosten en de mogelijkheid om v\u00f3\u00f3r aanvang van de bouw nog de indeling en afwerking naar wens aan te passen. Een zorgeloze manier om uw droomhuis aan de C\u00f4te d&#8217;Azur te realiseren.<\/p>\n<p>&nbsp;<\/p>\n","protected":false},"excerpt":{"rendered":"<p>De stad Aan de keurige kust van het departement Var, op slechts 45 minuten van Nice en perfect gelegen tussen Cannes en Saint-Tropez, ligt Saint-Rapha\u00ebl \u2014 de populairste badplaats van de Var. Hier smelten een adembenemende kustlijn en een ontspannen mediterrane levensstijl samen. Lange witte stranden en kleine kreken wisselen elkaar af met rotsachtige inhammen [&hellip;]<\/p>\n","protected":false},"author":2,"featured_media":3282194,"template":"","meta":{"_acf_changed":false},"product_brand":[],"product_cat":[5678],"product_tag":[],"class_list":{"0":"post-3300575","1":"product","2":"type-product","3":"status-publish","4":"has-post-thumbnail","6":"product_cat-appartement","7":"pa_city-saint-raphael-nl","8":"pa_country-frankrijk","9":"pa_region-saint-raphael-nl","10":"pa_type-of-construction-nieuwbouw","12":"first","13":"instock","14":"product-type-simple"},"acf":[],"_links":{"self":[{"href":"https:\/\/www.wonenaandecotedazur.nl\/nl\/wp-json\/wp\/v2\/product\/3300575","targetHints":{"allow":["GET"]}}],"collection":[{"href":"https:\/\/www.wonenaandecotedazur.nl\/nl\/wp-json\/wp\/v2\/product"}],"about":[{"href":"https:\/\/www.wonenaandecotedazur.nl\/nl\/wp-json\/wp\/v2\/types\/product"}],"author":[{"embeddable":true,"href":"https:\/\/www.wonenaandecotedazur.nl\/nl\/wp-json\/wp\/v2\/users\/2"}],"wp:featuredmedia":[{"embeddable":true,"href":"https:\/\/www.wonenaandecotedazur.nl\/nl\/wp-json\/wp\/v2\/media\/3282194"}],"wp:attachment":[{"href":"https:\/\/www.wonenaandecotedazur.nl\/nl\/wp-json\/wp\/v2\/media?parent=3300575"}],"wp:term":[{"taxonomy":"product_brand","embeddable":true,"href":"https:\/\/www.wonenaandecotedazur.nl\/nl\/wp-json\/wp\/v2\/product_brand?post=3300575"},{"taxonomy":"product_cat","embeddable":true,"href":"https:\/\/www.wonenaandecotedazur.nl\/nl\/wp-json\/wp\/v2\/product_cat?post=3300575"},{"taxonomy":"product_tag","embeddable":true,"href":"https:\/\/www.wonenaandecotedazur.nl\/nl\/wp-json\/wp\/v2\/product_tag?post=3300575"}],"curies":[{"name":"wp","href":"https:\/\/api.w.org\/{rel}","templated":true}]}}