{"id":3300580,"date":"2026-05-01T21:33:37","date_gmt":"2026-05-01T19:33:37","guid":{"rendered":"https:\/\/www.wonenaandecotedazur.nl\/luxury-real-estate\/nieuwbouwproject-in-golfe-juan-cip-871-11\/"},"modified":"2026-05-01T21:33:41","modified_gmt":"2026-05-01T19:33:41","slug":"nieuwbouwproject-in-golfe-juan-cip-871-11","status":"publish","type":"product","link":"https:\/\/www.wonenaandecotedazur.nl\/nl\/luxury-real-estate\/nieuwbouwproject-in-golfe-juan-cip-871-11\/","title":{"rendered":"Nieuwbouwproject in Golfe-Juan \u2013 CIP-871"},"content":{"rendered":"<p>Golfe-Juan: waar land en zee elkaar ontmoeten<\/p>\n<p>Een bevoorrechte badplaats<br \/>\nGelegen tussen land en zee vormt Vallauris Golfe-Juan een charmante combinatie van twee kernen op slechts 3 km van elkaar: het binnenlandse Vallauris en het schilderachtige kustplaatsje Golfe-Juan. Dit nieuwe project in Golfe-Juan geniet van een uitstekende ligging in het hart van de C\u00f4te d&#8217;Azur, omringd door prestigieuze steden zoals Cannes, Antibes en Mougins, en op korte afstand van het technopark Sophia Antipolis \u2014 ideaal om er zowel te wonen als te werken.<\/p>\n<p>Gemak binnen handbereik<br \/>\nDit nieuwbouwproject aan de baai van Golfe-Juan is slim gesitueerd ten opzichte van alle dagelijkse voorzieningen. Het centrum en tal van diensten zijn vlot bereikbaar, en het strand ligt op slechts circa 2 km te voet. Zo combineert u moeiteloos het comfort van de stad met de ontspanning van de kust.<\/p>\n<p>Een leven in mediterrane stijl<br \/>\nHet project is ontworpen als een oase van rust en genot: een fraaie zwembadzone en een landschappelijk park nodigen uit tot ontspanning met familie en vrienden. De appartementen, van studio\u2019s tot vijfkamerwoningen, beschikken over ruime terrassen of balkons zodat u maximaal kunt profiteren van het aangename mediterrane klimaat.<\/p>\n<p>Rust dichtbij Antibes en de stranden<br \/>\nDe nieuwbouwwoningen van 2 en 3 kamers \u2014 sommige met alcove \u2014 zijn perfect als pied-\u00e0-terre aan de C\u00f4te d&#8217;Azur. Elk appartement heeft een terras of priv\u00e9tuin om volop van de zuidelijke zon te genieten. De autovrije opzet van de residentie en de parkeergarages in de onderbouw zorgen voor een rustige buitenruimte. Bewoners hebben bovendien toegang tot het zwembad om af te koelen en te ontspannen.<\/p>\n<p>Een toplocatie met unieke voordelen<br \/>\nGolfe-Juan ligt ideaal tussen Cannes en Nice, vlakbij Antibes Juan-les-Pins, met snelle verbindingen naar snelwegen, stranden, winkels en tal van bezienswaardigheden. Wonen aan de C\u00f4te d&#8217;Azur, gespecialiseerd in VEFA-nieuwbouw, begeleidt u bij de aankoop van uw nieuwe woning in dit project. Als kopers profiteert u van aantrekkelijke voordelen: een tienjarige bouwgarantie, lagere notariskosten en de mogelijkheid om de indeling en afwerking aan te passen v\u00f3\u00f3r de start van de bouw. <\/p>\n<p>Mis deze kans niet om uw mediterrane droomleven te realiseren \u2014 informeer snel, want de werken starten binnenkort!<\/p>\n<p>&nbsp;<\/p>\n","protected":false},"excerpt":{"rendered":"<p>Golfe-Juan: waar land en zee elkaar ontmoeten Een bevoorrechte badplaats Gelegen tussen land en zee vormt Vallauris Golfe-Juan een charmante combinatie van twee kernen op slechts 3 km van elkaar: het binnenlandse Vallauris en het schilderachtige kustplaatsje Golfe-Juan. Dit nieuwe project in Golfe-Juan geniet van een uitstekende ligging in het hart van de C\u00f4te d&#8217;Azur, [&hellip;]<\/p>\n","protected":false},"author":2,"featured_media":3282134,"template":"","meta":{"_acf_changed":false},"product_brand":[],"product_cat":[5678],"product_tag":[],"class_list":{"0":"post-3300580","1":"product","2":"type-product","3":"status-publish","4":"has-post-thumbnail","6":"product_cat-appartement","7":"pa_city-golfe-juan-nl","8":"pa_country-frankrijk","9":"pa_type-of-construction-nieuwbouw","11":"first","12":"instock","13":"product-type-simple"},"acf":[],"_links":{"self":[{"href":"https:\/\/www.wonenaandecotedazur.nl\/nl\/wp-json\/wp\/v2\/product\/3300580","targetHints":{"allow":["GET"]}}],"collection":[{"href":"https:\/\/www.wonenaandecotedazur.nl\/nl\/wp-json\/wp\/v2\/product"}],"about":[{"href":"https:\/\/www.wonenaandecotedazur.nl\/nl\/wp-json\/wp\/v2\/types\/product"}],"author":[{"embeddable":true,"href":"https:\/\/www.wonenaandecotedazur.nl\/nl\/wp-json\/wp\/v2\/users\/2"}],"wp:featuredmedia":[{"embeddable":true,"href":"https:\/\/www.wonenaandecotedazur.nl\/nl\/wp-json\/wp\/v2\/media\/3282134"}],"wp:attachment":[{"href":"https:\/\/www.wonenaandecotedazur.nl\/nl\/wp-json\/wp\/v2\/media?parent=3300580"}],"wp:term":[{"taxonomy":"product_brand","embeddable":true,"href":"https:\/\/www.wonenaandecotedazur.nl\/nl\/wp-json\/wp\/v2\/product_brand?post=3300580"},{"taxonomy":"product_cat","embeddable":true,"href":"https:\/\/www.wonenaandecotedazur.nl\/nl\/wp-json\/wp\/v2\/product_cat?post=3300580"},{"taxonomy":"product_tag","embeddable":true,"href":"https:\/\/www.wonenaandecotedazur.nl\/nl\/wp-json\/wp\/v2\/product_tag?post=3300580"}],"curies":[{"name":"wp","href":"https:\/\/api.w.org\/{rel}","templated":true}]}}