{"id":3300582,"date":"2026-05-01T21:33:43","date_gmt":"2026-05-01T19:33:43","guid":{"rendered":"https:\/\/www.wonenaandecotedazur.nl\/luxury-real-estate\/nieuwbouw-in-golfe-juan-cip-871-5\/"},"modified":"2026-05-01T21:33:46","modified_gmt":"2026-05-01T19:33:46","slug":"nieuwbouw-in-golfe-juan-cip-871-5","status":"publish","type":"product","link":"https:\/\/www.wonenaandecotedazur.nl\/nl\/luxury-real-estate\/nieuwbouw-in-golfe-juan-cip-871-5\/","title":{"rendered":"Nieuwbouw in GOLFE-JUAN &#8211; CIP-871"},"content":{"rendered":"<p>Golfe-Juan: het beste van land en zee<\/p>\n<p>Een exclusieve badplaats op een toplocatie<br \/>\nGelegen tussen land en zee vormt Vallauris Golfe-Juan twee charmante kernen op slechts 3 km afstand: het binnenlandse Vallauris en het idyllische kustplaatsje Golfe-Juan. Dit nieuwbouwproject profiteert van een uitzonderlijke ligging, omringd door prestigieuze bestemmingen zoals Cannes, Antibes en Mougins. De nabijheid van het technop\u00f4le Sophia Antipolis maakt het bovendien ideaal voor wie wil wonen \u00e9n werken aan de C\u00f4te d\u2019Azur.<\/p>\n<p>Alle voorzieningen binnen handbereik<br \/>\nDe residentie ligt strategisch nabij alle dagelijkse voorzieningen: winkels, diensten en het levendige dorpscentrum zijn eenvoudig bereikbaar. Het strand ligt op slechts 2 km wandelen, zodat u op elk gewenst moment kunt genieten van zon, zee en ontspanning.<\/p>\n<p>Leven in een verzorgde, mediterrane omgeving<br \/>\nHet project is ontworpen rondom kwaliteit van leven: een uitnodigend zwembad en een fraai landschapspark vormen de perfecte plek voor ontspanning en samenzijn. De woonruimtes vari\u00ebren van studio\u2019s tot royale vijfkamerappartementen, elk met een ruim terras of balkon om volop van het mediterrane klimaat te profiteren.<\/p>\n<p>Rust, comfort en zonovergoten buitenruimte<br \/>\nDe 2- en 3-kamerappartementen \u2014 sommige met slaapalkoof \u2014 zijn perfect als pied-\u00e0-terre of als vaste woonplaats aan de C\u00f4te d\u2019Azur. Elk appartement wordt aangevuld met een priv\u00e9terras of tuin zodat u maximaal van de zon kunt genieten. De autovrije residentie, met parkeergarages ondergronds, garandeert rust en veiligheid. Bewoners hebben bovendien toegang tot het zwembad voor verfrissing en ontspanning.<\/p>\n<p>Een ligging die opent naar Cannes, Nice en Antibes<br \/>\nGolfe-Juan ligt ideaal tussen Cannes en Nice en vlakbij Antibes Juan-les-Pins. Dankzij de snelle aansluiting op wegen, stranden, winkels en lokale attracties is dit een uitstekende keuze voor liefhebbers van de mediterrane levensstijl. De werken starten binnenkort \u2014 grijp uw kans om nu te informeren!<\/p>\n<p>Wonen aan de C\u00f4te d&#8217;Azur: VEFA-expertise en extra voordelen<br \/>\nWonen aan de C\u00f4te d&#8217;Azur is gespecialiseerd in VEFA-nieuwbouwprojecten en begeleidt u tijdens het hele aankoopproces. Als koper profiteert u van een 10-jarige constructiegarantie, lagere notariskosten en de mogelijkheid om indeling en afwerking naar wens aan te passen voordat de bouw begint. Neem contact op en verzeker uzelf van deze unieke kans om uw droomhuis aan de C\u00f4te d\u2019Azur te realiseren.<\/p>\n<p>&nbsp;<\/p>\n","protected":false},"excerpt":{"rendered":"<p>Golfe-Juan: het beste van land en zee Een exclusieve badplaats op een toplocatie Gelegen tussen land en zee vormt Vallauris Golfe-Juan twee charmante kernen op slechts 3 km afstand: het binnenlandse Vallauris en het idyllische kustplaatsje Golfe-Juan. Dit nieuwbouwproject profiteert van een uitzonderlijke ligging, omringd door prestigieuze bestemmingen zoals Cannes, Antibes en Mougins. De nabijheid [&hellip;]<\/p>\n","protected":false},"author":2,"featured_media":3282134,"template":"","meta":{"_acf_changed":false},"product_brand":[],"product_cat":[5678],"product_tag":[],"class_list":{"0":"post-3300582","1":"product","2":"type-product","3":"status-publish","4":"has-post-thumbnail","6":"product_cat-appartement","7":"pa_city-golfe-juan-nl","8":"pa_country-frankrijk","9":"pa_type-of-construction-nieuwbouw","11":"first","12":"instock","13":"product-type-simple"},"acf":[],"_links":{"self":[{"href":"https:\/\/www.wonenaandecotedazur.nl\/nl\/wp-json\/wp\/v2\/product\/3300582","targetHints":{"allow":["GET"]}}],"collection":[{"href":"https:\/\/www.wonenaandecotedazur.nl\/nl\/wp-json\/wp\/v2\/product"}],"about":[{"href":"https:\/\/www.wonenaandecotedazur.nl\/nl\/wp-json\/wp\/v2\/types\/product"}],"author":[{"embeddable":true,"href":"https:\/\/www.wonenaandecotedazur.nl\/nl\/wp-json\/wp\/v2\/users\/2"}],"wp:featuredmedia":[{"embeddable":true,"href":"https:\/\/www.wonenaandecotedazur.nl\/nl\/wp-json\/wp\/v2\/media\/3282134"}],"wp:attachment":[{"href":"https:\/\/www.wonenaandecotedazur.nl\/nl\/wp-json\/wp\/v2\/media?parent=3300582"}],"wp:term":[{"taxonomy":"product_brand","embeddable":true,"href":"https:\/\/www.wonenaandecotedazur.nl\/nl\/wp-json\/wp\/v2\/product_brand?post=3300582"},{"taxonomy":"product_cat","embeddable":true,"href":"https:\/\/www.wonenaandecotedazur.nl\/nl\/wp-json\/wp\/v2\/product_cat?post=3300582"},{"taxonomy":"product_tag","embeddable":true,"href":"https:\/\/www.wonenaandecotedazur.nl\/nl\/wp-json\/wp\/v2\/product_tag?post=3300582"}],"curies":[{"name":"wp","href":"https:\/\/api.w.org\/{rel}","templated":true}]}}