{"id":3300585,"date":"2026-05-01T21:33:57","date_gmt":"2026-05-01T19:33:57","guid":{"rendered":"https:\/\/www.wonenaandecotedazur.nl\/luxury-real-estate\/exclusieve-nieuwbouwresidentie-in-antibes-cip-893\/"},"modified":"2026-05-01T21:34:00","modified_gmt":"2026-05-01T19:34:00","slug":"exclusieve-nieuwbouwresidentie-in-antibes-cip-893","status":"publish","type":"product","link":"https:\/\/www.wonenaandecotedazur.nl\/nl\/luxury-real-estate\/exclusieve-nieuwbouwresidentie-in-antibes-cip-893\/","title":{"rendered":"Exclusieve nieuwbouwresidentie in Antibes &#8211; CIP-893"},"content":{"rendered":"<p>Een juweel aan de C\u00f4te d&#8217;Azur<\/p>\n<p>Gelegen halverwege Nice en Cannes vormt Antibes Juan-les-Pins een ideaal gepositioneerde badplaats aan de C\u00f4te d&#8217;Azur. De stad biedt een uitzonderlijke levenskwaliteit, tussen de azuurblauwe Middellandse Zee en de imposante Alpen.<\/p>\n<p>Een bron van artistieke inspiratie<\/p>\n<p>Antibes Juan-les-Pins ademt sfeer en trekt kunstenaars en levensgenieters die op zoek zijn naar inspiratie. Met haar rijke en levendige culturele aanbod \u2014 en de erkenning als kandidate voor \u2018Culturele Hoofdstad van Frankrijk\u2019 in 2022 \u2014 is het een plek vol creativiteit en charme.<\/p>\n<p>Een stad van vele gezichten<\/p>\n<p>Dankzij de directe nabijheid van technop\u00f4le Sophia-Antipolis en de luchthaven van Nice geniet Antibes van een unieke mix van dynamiek en mogelijkheden. Hier vindt u volop professionele kansen, ontspanning en lokale evenementen.<\/p>\n<p>Het perfecte adres<\/p>\n<p>Deze nieuwbouwresidentie in Antibes Juan-les-Pins biedt een ideale ligging: alle voorzieningen en vrijetijdsplezier liggen binnen handbereik, te voet of met de auto. Wonen hier betekent leven in het zonnetje, tussen hemel en zee.<\/p>\n<p>Leven dat het hele jaar door uitnodigt<\/p>\n<p>Ruime terassen en grote glaspartijen cre\u00ebren lichte, luchtige woonruimtes die uitnodigen tot buitenleven \u2014 volop daglicht en een vlotte verbinding tussen binnen en buiten zorgen voor prettig wooncomfort, ongeacht het seizoen.<\/p>\n<p>Uitzonderlijke appartementen<\/p>\n<p>Van 2- tot 4-kamerappartementen, ontworpen met hoogwaardige afwerking en moderne architectuur: elk detail is zorgvuldig gekozen om een comfortabel en stijlvol thuis te garanderen.<\/p>\n<p>Wonen aan de C\u00f4te d&#8217;Azur begeleidt u<\/p>\n<p>Wonen aan de C\u00f4te d&#8217;Azur, gespecialiseerd in VEFA-nieuwbouw (koop in toekomstige staat), presenteert deze woningen met aantrekkelijke voordelen: een tienjarige bouwgarantie, lagere notariskosten en de mogelijkheid om v\u00f3\u00f3r aanvang van de bouw de indeling en afwerking naar eigen wens aan te passen. Zo cre\u00ebert u een woning die \u00e9cht bij uw levensstijl past.<\/p>\n<p>Antibes Juan-les-Pins is meer dan een plek op de kaart; het is een belofte van zonnig, cultureel en vitaal leven. Deze residentie is de perfecte uitvalsbasis om dat volop te beleven.<\/p>\n<p>&nbsp;<\/p>\n","protected":false},"excerpt":{"rendered":"<p>Een juweel aan de C\u00f4te d&#8217;Azur Gelegen halverwege Nice en Cannes vormt Antibes Juan-les-Pins een ideaal gepositioneerde badplaats aan de C\u00f4te d&#8217;Azur. De stad biedt een uitzonderlijke levenskwaliteit, tussen de azuurblauwe Middellandse Zee en de imposante Alpen. Een bron van artistieke inspiratie Antibes Juan-les-Pins ademt sfeer en trekt kunstenaars en levensgenieters die op zoek zijn [&hellip;]<\/p>\n","protected":false},"author":2,"featured_media":3283034,"template":"","meta":{"_acf_changed":false},"product_brand":[],"product_cat":[5678],"product_tag":[],"class_list":{"0":"post-3300585","1":"product","2":"type-product","3":"status-publish","4":"has-post-thumbnail","6":"product_cat-appartement","7":"pa_city-antibes-nl","8":"pa_country-frankrijk","9":"pa_region-cannes-nl","10":"pa_region-nice-nl","11":"pa_type-of-construction-nieuwbouw","13":"first","14":"instock","15":"product-type-simple"},"acf":[],"_links":{"self":[{"href":"https:\/\/www.wonenaandecotedazur.nl\/nl\/wp-json\/wp\/v2\/product\/3300585","targetHints":{"allow":["GET"]}}],"collection":[{"href":"https:\/\/www.wonenaandecotedazur.nl\/nl\/wp-json\/wp\/v2\/product"}],"about":[{"href":"https:\/\/www.wonenaandecotedazur.nl\/nl\/wp-json\/wp\/v2\/types\/product"}],"author":[{"embeddable":true,"href":"https:\/\/www.wonenaandecotedazur.nl\/nl\/wp-json\/wp\/v2\/users\/2"}],"wp:featuredmedia":[{"embeddable":true,"href":"https:\/\/www.wonenaandecotedazur.nl\/nl\/wp-json\/wp\/v2\/media\/3283034"}],"wp:attachment":[{"href":"https:\/\/www.wonenaandecotedazur.nl\/nl\/wp-json\/wp\/v2\/media?parent=3300585"}],"wp:term":[{"taxonomy":"product_brand","embeddable":true,"href":"https:\/\/www.wonenaandecotedazur.nl\/nl\/wp-json\/wp\/v2\/product_brand?post=3300585"},{"taxonomy":"product_cat","embeddable":true,"href":"https:\/\/www.wonenaandecotedazur.nl\/nl\/wp-json\/wp\/v2\/product_cat?post=3300585"},{"taxonomy":"product_tag","embeddable":true,"href":"https:\/\/www.wonenaandecotedazur.nl\/nl\/wp-json\/wp\/v2\/product_tag?post=3300585"}],"curies":[{"name":"wp","href":"https:\/\/api.w.org\/{rel}","templated":true}]}}