{"id":3300616,"date":"2026-05-01T21:34:32","date_gmt":"2026-05-01T19:34:32","guid":{"rendered":"https:\/\/www.wonenaandecotedazur.nl\/luxury-real-estate\/nieuwbouwproject-in-antibes-cip-1084-6\/"},"modified":"2026-05-01T21:34:33","modified_gmt":"2026-05-01T19:34:33","slug":"nieuwbouwproject-in-antibes-cip-1084-6","status":"publish","type":"product","link":"https:\/\/www.wonenaandecotedazur.nl\/nl\/luxury-real-estate\/nieuwbouwproject-in-antibes-cip-1084-6\/","title":{"rendered":"Nieuwbouwproject in Antibes \u2014 CIP-1084"},"content":{"rendered":"<p>Een gewilde residenti\u00eble ligging<br \/>\nGelegen in een rustige omgeving tussen zee en heuvels, biedt dit nieuwbouwproject in Antibes een unieke kwaliteit van leven in het hart van een geliefde woonwijk. Hier komen rust, bereikbaarheid en zachte mediterrane levensstijl samen, in \u00e9\u00e9n van de meest aantrekkelijke gemeenten aan de C\u00f4te d&#8217;Azur.<\/p>\n<p>Een dagelijkse routine die werkt<br \/>\nDankzij de ideale ligging vlakbij winkels, scholen, openbaar vervoer en hoofdwegen, staat alles klaar voor een comfortabel en effici\u00ebnt dagelijks leven. Dit project is perfect voor wie er wil wonen, maar ook aantrekkelijk voor beleggers die zoeken naar een zorgeloze investering aan de Franse Riviera.<\/p>\n<p>Lichte, hedendaagse residentie<br \/>\nHet project bestaat uit twee kleinschalige gebouwen met appartementen van studio tot 4-kamer. De moderne architectuur zet in op maximale lichtinval met doordachte ori\u00ebntaties, royale glaspartijen en buitenruimtes die moeiteloos aansluiten op het wooninterieur.<\/p>\n<p>Woningen ontworpen voor welzijn<br \/>\nElk appartement biedt royale volumes, functionele indelingen en hoogwaardige afwerking. Afhankelijk van het type geniet u van priv\u00e9tuinen, terrassen, solariums of pergola\u2019s \u2014 ideaal om volop te genieten van het mediterrane klimaat.<\/p>\n<p>Een verzorgd, groen kader<br \/>\nGrote aandacht voor groen: aangelegde tuinen en behoud van mediterrane beplanting zorgen voor een rustgevende sfeer en een aangename schaduwrijke enclave die bijdraagt aan uw wooncomfort.<\/p>\n<p>Duurzaam en comfortabel wonen<br \/>\nHet project voldoet aan RE2020 en NF Habitat HQE en combineert ondergrondse parkeerplaatsen, bergingen, fietsenstallingen, beveiligde toegang en verbeterde energieprestaties. Een moderne, duurzame realisatie die is afgestemd op hedendaagse verwachtingen.<\/p>\n<p>Voordelen bij aankoop met Wonen aan de C\u00f4te d&#8217;Azur<br \/>\nWonen aan de C\u00f4te d&#8217;Azur is gespecialiseerd in VEFA-nieuwbouw en begeleidt kopers stap voor stap. Bij aankoop profiteert u van een 10-jarige bouwgarantie, lagere notariskosten en de mogelijkheid om v\u00f3\u00f3r aanvang van de bouw de indeling en afwerkingsniveau naar wens aan te passen. Een elegante, veilige manier om uw droomhuis aan de C\u00f4te d&#8217;Azur te bemachtigen.<\/p>\n<p>&nbsp;<\/p>\n","protected":false},"excerpt":{"rendered":"<p>Een gewilde residenti\u00eble ligging Gelegen in een rustige omgeving tussen zee en heuvels, biedt dit nieuwbouwproject in Antibes een unieke kwaliteit van leven in het hart van een geliefde woonwijk. Hier komen rust, bereikbaarheid en zachte mediterrane levensstijl samen, in \u00e9\u00e9n van de meest aantrekkelijke gemeenten aan de C\u00f4te d&#8217;Azur. Een dagelijkse routine die werkt [&hellip;]<\/p>\n","protected":false},"author":2,"featured_media":3300528,"template":"","meta":{"_acf_changed":false},"product_brand":[],"product_cat":[5678],"product_tag":[],"class_list":{"0":"post-3300616","1":"product","2":"type-product","3":"status-publish","4":"has-post-thumbnail","6":"product_cat-appartement","7":"pa_city-antibes-nl","8":"pa_country-frankrijk","9":"pa_region-cannes-nl","10":"pa_region-nice-nl","11":"pa_type-of-construction-nieuwbouw","13":"first","14":"instock","15":"product-type-simple"},"acf":[],"_links":{"self":[{"href":"https:\/\/www.wonenaandecotedazur.nl\/nl\/wp-json\/wp\/v2\/product\/3300616","targetHints":{"allow":["GET"]}}],"collection":[{"href":"https:\/\/www.wonenaandecotedazur.nl\/nl\/wp-json\/wp\/v2\/product"}],"about":[{"href":"https:\/\/www.wonenaandecotedazur.nl\/nl\/wp-json\/wp\/v2\/types\/product"}],"author":[{"embeddable":true,"href":"https:\/\/www.wonenaandecotedazur.nl\/nl\/wp-json\/wp\/v2\/users\/2"}],"wp:featuredmedia":[{"embeddable":true,"href":"https:\/\/www.wonenaandecotedazur.nl\/nl\/wp-json\/wp\/v2\/media\/3300528"}],"wp:attachment":[{"href":"https:\/\/www.wonenaandecotedazur.nl\/nl\/wp-json\/wp\/v2\/media?parent=3300616"}],"wp:term":[{"taxonomy":"product_brand","embeddable":true,"href":"https:\/\/www.wonenaandecotedazur.nl\/nl\/wp-json\/wp\/v2\/product_brand?post=3300616"},{"taxonomy":"product_cat","embeddable":true,"href":"https:\/\/www.wonenaandecotedazur.nl\/nl\/wp-json\/wp\/v2\/product_cat?post=3300616"},{"taxonomy":"product_tag","embeddable":true,"href":"https:\/\/www.wonenaandecotedazur.nl\/nl\/wp-json\/wp\/v2\/product_tag?post=3300616"}],"curies":[{"name":"wp","href":"https:\/\/api.w.org\/{rel}","templated":true}]}}