{"id":3300618,"date":"2026-05-01T21:34:32","date_gmt":"2026-05-01T19:34:32","guid":{"rendered":"https:\/\/www.wonenaandecotedazur.nl\/luxury-real-estate\/nieuwbouwproject-in-antibes-cip-1084-7\/"},"modified":"2026-05-01T21:34:34","modified_gmt":"2026-05-01T19:34:34","slug":"nieuwbouwproject-in-antibes-cip-1084-7","status":"publish","type":"product","link":"https:\/\/www.wonenaandecotedazur.nl\/nl\/luxury-real-estate\/nieuwbouwproject-in-antibes-cip-1084-7\/","title":{"rendered":"Nieuwbouwproject in Antibes \u2013 CIP-1084"},"content":{"rendered":"<p>Een gewilde residenti\u00eble ligging<br \/>\nGelegen in een rustig decor tussen zee en heuvels biedt dit nieuwbouwproject in Antibes een bevoorrechte levensstijl in het hart van een geliefde woonwijk. Hier combineren rust, bereikbaarheid en een mediterrane levensstijl \u2014 in \u00e9\u00e9n van de meest aantrekkelijke gemeenten aan de C\u00f4te d\u2019Azur.<\/p>\n<p>Dagelijks gemak<br \/>\nHet project geniet van een perfecte ligging nabij winkels, scholen, openbaar vervoer en belangrijke toegangswegen. Alles is aanwezig voor een praktisch en soepel dagelijks leven, zowel om permanent te wonen als om te investeren.<\/p>\n<p>Een lichte, hedendaagse residentie<br \/>\nDit kleinschalige project bestaat uit twee gebouwen met appartementen vari\u00ebrend van studio\u2019s tot vierkamerwoningen. De moderne architectuur zet in op maximale lichtinval met doordachte ori\u00ebntaties, royale glaspartijen en buitenruimtes die fungeren als een natuurlijk verlengstuk van uw woning.<\/p>\n<p>Woningen ontworpen voor uw welzijn<br \/>\nElke woning biedt royale volumes, een slimme indeling en kwaliteitsafwerking. Afhankelijk van het type heeft u een priv\u00e9-tuin, een ruim terras, solarium of pergola \u2014 perfect om optimaal te genieten van het mediterrane klimaat.<\/p>\n<p>Verzorgde, groene omgeving<br \/>\nEr is veel aandacht voor groen: landschappelijke tuinen en behoudende mediterrane beplanting cre\u00ebren een kalme sfeer en een verfrissend microklimaat, een echte oase van rust in het dagelijkse leven.<\/p>\n<p>Duurzaam comfort en praktische voorzieningen<br \/>\nHet project volgt een verantwoorde aanpak en voldoet aan de RE2020 en NF Habitat HQE-standaarden. De meeste parkeerplaatsen zijn ondergronds; verder zijn er bergingen, fietsenstallingen, beveiligde toegangen en versterkte energieprestaties \u2014 alles wat u van moderne, duurzame nieuwbouw verwacht.<\/p>\n<p>Koop met vertrouwen via Wonen aan de C\u00f4te d&#8217;Azur<br \/>\nWonen aan de C\u00f4te d&#8217;Azur is gespecialiseerd in VEFA (koop in op plan) nieuwbouw en begeleidt u bij elk detail. Kopen in op plan biedt aanzienlijke voordelen: een 10\u2011jarige constructiegarantie, lagere notariskosten en de mogelijkheid om indeling en afwerking nog aan te passen v\u00f3\u00f3r de start van de bouw \u2014 zo cre\u00ebert u een woning die volledig aansluit bij uw wensen.<\/p>\n<p>&nbsp;<\/p>\n","protected":false},"excerpt":{"rendered":"<p>Een gewilde residenti\u00eble ligging Gelegen in een rustig decor tussen zee en heuvels biedt dit nieuwbouwproject in Antibes een bevoorrechte levensstijl in het hart van een geliefde woonwijk. Hier combineren rust, bereikbaarheid en een mediterrane levensstijl \u2014 in \u00e9\u00e9n van de meest aantrekkelijke gemeenten aan de C\u00f4te d\u2019Azur. Dagelijks gemak Het project geniet van een [&hellip;]<\/p>\n","protected":false},"author":2,"featured_media":3300528,"template":"","meta":{"_acf_changed":false},"product_brand":[],"product_cat":[5678],"product_tag":[],"class_list":{"0":"post-3300618","1":"product","2":"type-product","3":"status-publish","4":"has-post-thumbnail","6":"product_cat-appartement","7":"pa_city-antibes-nl","8":"pa_country-frankrijk","9":"pa_region-cannes-nl","10":"pa_region-nice-nl","11":"pa_type-of-construction-nieuwbouw","13":"first","14":"instock","15":"product-type-simple"},"acf":[],"_links":{"self":[{"href":"https:\/\/www.wonenaandecotedazur.nl\/nl\/wp-json\/wp\/v2\/product\/3300618","targetHints":{"allow":["GET"]}}],"collection":[{"href":"https:\/\/www.wonenaandecotedazur.nl\/nl\/wp-json\/wp\/v2\/product"}],"about":[{"href":"https:\/\/www.wonenaandecotedazur.nl\/nl\/wp-json\/wp\/v2\/types\/product"}],"author":[{"embeddable":true,"href":"https:\/\/www.wonenaandecotedazur.nl\/nl\/wp-json\/wp\/v2\/users\/2"}],"wp:featuredmedia":[{"embeddable":true,"href":"https:\/\/www.wonenaandecotedazur.nl\/nl\/wp-json\/wp\/v2\/media\/3300528"}],"wp:attachment":[{"href":"https:\/\/www.wonenaandecotedazur.nl\/nl\/wp-json\/wp\/v2\/media?parent=3300618"}],"wp:term":[{"taxonomy":"product_brand","embeddable":true,"href":"https:\/\/www.wonenaandecotedazur.nl\/nl\/wp-json\/wp\/v2\/product_brand?post=3300618"},{"taxonomy":"product_cat","embeddable":true,"href":"https:\/\/www.wonenaandecotedazur.nl\/nl\/wp-json\/wp\/v2\/product_cat?post=3300618"},{"taxonomy":"product_tag","embeddable":true,"href":"https:\/\/www.wonenaandecotedazur.nl\/nl\/wp-json\/wp\/v2\/product_tag?post=3300618"}],"curies":[{"name":"wp","href":"https:\/\/api.w.org\/{rel}","templated":true}]}}