{"id":3300626,"date":"2026-05-01T21:34:39","date_gmt":"2026-05-01T19:34:39","guid":{"rendered":"https:\/\/www.wonenaandecotedazur.nl\/luxury-real-estate\/nieuwbouw-in-antibes-cip-1084\/"},"modified":"2026-05-01T21:34:40","modified_gmt":"2026-05-01T19:34:40","slug":"nieuwbouw-in-antibes-cip-1084","status":"publish","type":"product","link":"https:\/\/www.wonenaandecotedazur.nl\/nl\/luxury-real-estate\/nieuwbouw-in-antibes-cip-1084\/","title":{"rendered":"Nieuwbouw in Antibes \u2013 CIP-1084"},"content":{"rendered":"<p>Een gewilde woonlocatie<br \/>\nGelegen in een rustige omgeving tussen zee en heuvels, biedt dit nieuwbouwproject in Antibes een uitzonderlijke woonkwaliteit in het hart van een geliefde residenti\u00eble buurt. Hier combineren rust, bereikbaarheid en een ontspannen levensstijl in \u00e9\u00e9n van de meest begeerlijke gemeentes aan de C\u00f4te d\u2019Azur.<\/p>\n<p>Een dagelijks leven met gemak<br \/>\nHet project ligt vlakbij winkels, scholen, openbaar vervoer en belangrijke verbindingswegen. Alles is aanwezig om het dagelijkse leven soepel en comfortabel te maken \u2014 perfect om te wonen, maar ook aantrekkelijk als investeringskans.<\/p>\n<p>Lichte, hedendaagse residentie<br \/>\nHet kleinschalige project bestaat uit twee elegante gebouwen met appartementen van studio\u2019s tot vierkamerwoningen. De moderne architectuur legt de nadruk op veel natuurlijk licht dankzij slimme ori\u00ebntaties, grote ramen en buitenruimtes die als echte verlengstukken van uw interieur functioneren.<\/p>\n<p>Woningen ontworpen voor welzijn<br \/>\nElke woning is bedacht met ruime volumes, doordachte indelingen en hoogwaardige afwerking. Afhankelijk van het type geniet u van priv\u00e9tuinen, terrassen, solariums of pergola\u2019s \u2014 ideaal om volop te profiteren van het mediterrane klimaat.<\/p>\n<p>Zorgvuldig aangelegde buitenruimtes<br \/>\nHet project geeft veel aandacht aan groen: fraai aangelegde tuinen en behoud van mediterrane beplanting cre\u00ebren een rustgevende sfeer en een aangename, frisse oase die uw wooncomfort verhoogt.<\/p>\n<p>Duurzaam comfort<br \/>\nMet aandacht voor duurzaamheid voldoet het project aan de RE2020- en NF Habitat HQE-normen. De realisatie biedt grotendeels ondergrondse parkeerplaatsen, bergingen, fietsenstallingen, beveiligde toegang en verbeterde energieprestatie \u2014 modern, toekomstgericht en afgestemd op hedendaagse eisen.<\/p>\n<p>Waarom kiezen voor Wonen aan de C\u00f4te d&#8217;Azur?<br \/>\nWonen aan de C\u00f4te d&#8217;Azur is gespecialiseerd in VEFA (nieuwbouw onder voorverkoop) en begeleidt u bij elke stap van uw aankoop. U profiteert van een tienjarige constructiewaarborg, lagere notariskosten en de mogelijkheid om indeling en afwerking aan te passen voordat de bouw start \u2014 zo stelt u uw woning naar wens samen. Een warm, doordacht en zorgeloos alternatief voor wie wil genieten van de C\u00f4te d\u2019Azur-lifestyle.<\/p>\n<p>&nbsp;<\/p>\n","protected":false},"excerpt":{"rendered":"<p>Een gewilde woonlocatie Gelegen in een rustige omgeving tussen zee en heuvels, biedt dit nieuwbouwproject in Antibes een uitzonderlijke woonkwaliteit in het hart van een geliefde residenti\u00eble buurt. Hier combineren rust, bereikbaarheid en een ontspannen levensstijl in \u00e9\u00e9n van de meest begeerlijke gemeentes aan de C\u00f4te d\u2019Azur. Een dagelijks leven met gemak Het project ligt [&hellip;]<\/p>\n","protected":false},"author":2,"featured_media":3300528,"template":"","meta":{"_acf_changed":false},"product_brand":[],"product_cat":[5678],"product_tag":[],"class_list":{"0":"post-3300626","1":"product","2":"type-product","3":"status-publish","4":"has-post-thumbnail","6":"product_cat-appartement","7":"pa_city-antibes-nl","8":"pa_country-frankrijk","9":"pa_region-cannes-nl","10":"pa_region-nice-nl","11":"pa_type-of-construction-nieuwbouw","13":"first","14":"instock","15":"product-type-simple"},"acf":[],"_links":{"self":[{"href":"https:\/\/www.wonenaandecotedazur.nl\/nl\/wp-json\/wp\/v2\/product\/3300626","targetHints":{"allow":["GET"]}}],"collection":[{"href":"https:\/\/www.wonenaandecotedazur.nl\/nl\/wp-json\/wp\/v2\/product"}],"about":[{"href":"https:\/\/www.wonenaandecotedazur.nl\/nl\/wp-json\/wp\/v2\/types\/product"}],"author":[{"embeddable":true,"href":"https:\/\/www.wonenaandecotedazur.nl\/nl\/wp-json\/wp\/v2\/users\/2"}],"wp:featuredmedia":[{"embeddable":true,"href":"https:\/\/www.wonenaandecotedazur.nl\/nl\/wp-json\/wp\/v2\/media\/3300528"}],"wp:attachment":[{"href":"https:\/\/www.wonenaandecotedazur.nl\/nl\/wp-json\/wp\/v2\/media?parent=3300626"}],"wp:term":[{"taxonomy":"product_brand","embeddable":true,"href":"https:\/\/www.wonenaandecotedazur.nl\/nl\/wp-json\/wp\/v2\/product_brand?post=3300626"},{"taxonomy":"product_cat","embeddable":true,"href":"https:\/\/www.wonenaandecotedazur.nl\/nl\/wp-json\/wp\/v2\/product_cat?post=3300626"},{"taxonomy":"product_tag","embeddable":true,"href":"https:\/\/www.wonenaandecotedazur.nl\/nl\/wp-json\/wp\/v2\/product_tag?post=3300626"}],"curies":[{"name":"wp","href":"https:\/\/api.w.org\/{rel}","templated":true}]}}