{"id":3300630,"date":"2026-05-01T21:34:39","date_gmt":"2026-05-01T19:34:39","guid":{"rendered":"https:\/\/www.wonenaandecotedazur.nl\/luxury-real-estate\/nieuwbouwproject-in-antibes-cip-1084-vefa\/"},"modified":"2026-05-01T21:34:43","modified_gmt":"2026-05-01T19:34:43","slug":"nieuwbouwproject-in-antibes-cip-1084-vefa","status":"publish","type":"product","link":"https:\/\/www.wonenaandecotedazur.nl\/nl\/luxury-real-estate\/nieuwbouwproject-in-antibes-cip-1084-vefa\/","title":{"rendered":"Nieuwbouwproject in Antibes \u2013 CIP-1084 (VEFA)"},"content":{"rendered":"<p>Een gewilde residenti\u00eble ligging<br \/>\nGelegen in een rustige omgeving tussen zee en heuvels biedt dit nieuwbouwproject in Antibes een bevoorrechte woonomgeving in het hart van een charmante woonwijk. Het adres verenigt rust, bereikbaarheid en het mediterrane levensgevoel in \u00e9\u00e9n van de meest aantrekkelijke gemeenten aan de C\u00f4te d\u2019Azur.<br \/>\nEen comfortabel en praktisch dagelijks leven<br \/>\nIdeaal geplaatst dichtbij alle voorzieningen: winkels, scholen, openbaar vervoer en hoofdwegen liggen op korte afstand. Dit project is ontworpen om het dagelijks leven soepel en aangenaam te maken \u2014 perfect om er zelf te wonen of als een verstandige investering.<br \/>\nLichte, hedendaagse architectuur<br \/>\nHet project bestaat uit twee kleinschalige gebouwen met een modern, tijdloos ontwerp. Appartementen vari\u00ebren van studio\u2019s tot vierkamerswoningen. Grote raampartijen, slimme ori\u00ebntaties en royale buitenruimtes zorgen voor veel natuurlijk licht en verbinden binnen en buiten op een elegante manier.<br \/>\nWoningen die welzijn centraal stellen<br \/>\nElk appartement biedt riante volumes, doordachte indelingen en hoogwaardige afwerkingen. Afhankelijk van het type beschikt uw woning over een priv\u00e9tuin, terras, solarium of pergola \u2014 ideaal om optimaal te genieten van het mediterrane klimaat.<br \/>\nRustgevende, mediterrane groenaanleg<br \/>\nHet project legt veel nadruk op beplanting en landschap: sfeervolle tuinen en behoud van typische mediterrane vegetatie cre\u00ebren een aangename en koele omgeving \u2014 een echte groene oase waar het prettig thuiskomen is.<br \/>\nDuurzaam comfort en veilige voorzieningen<br \/>\nHet nieuwbouwproject voldoet aan de nieuwste normen (RE2020 en NF Habitat HQE). De realisatie voorziet grotendeels in ondergrondse parkeergelegenheid, kelderbergingen, fietsenstalling en beveiligde toegangen, met aandacht voor hoge energieprestaties en toekomstgerichte woonkwaliteit.<br \/>\nUw voordelen met Wonen aan de C\u00f4te d\u2019Azur<br \/>\nWonen aan de C\u00f4te d\u2019Azur is gespecialiseerd in VEFA-nieuwbouwprojecten en begeleidt kopers professioneel en persoonlijk. Als koper profiteert u van concrete voordelen: een tienjarige bouwgarantie, lagere notariskosten en de mogelijkheid om de indeling en afwerking naar wens aan te passen v\u00f3\u00f3r de aanvang van de werken \u2014 zo cre\u00ebert u een woning die echt bij uw levensstijl past.<\/p>\n<p>&nbsp;<\/p>\n","protected":false},"excerpt":{"rendered":"<p>Een gewilde residenti\u00eble ligging Gelegen in een rustige omgeving tussen zee en heuvels biedt dit nieuwbouwproject in Antibes een bevoorrechte woonomgeving in het hart van een charmante woonwijk. Het adres verenigt rust, bereikbaarheid en het mediterrane levensgevoel in \u00e9\u00e9n van de meest aantrekkelijke gemeenten aan de C\u00f4te d\u2019Azur. Een comfortabel en praktisch dagelijks leven Ideaal [&hellip;]<\/p>\n","protected":false},"author":2,"featured_media":3300528,"template":"","meta":{"_acf_changed":false},"product_brand":[],"product_cat":[5678],"product_tag":[],"class_list":{"0":"post-3300630","1":"product","2":"type-product","3":"status-publish","4":"has-post-thumbnail","6":"product_cat-appartement","7":"pa_city-antibes-nl","8":"pa_country-frankrijk","9":"pa_region-cannes-nl","10":"pa_region-nice-nl","11":"pa_type-of-construction-nieuwbouw","13":"first","14":"instock","15":"product-type-simple"},"acf":[],"_links":{"self":[{"href":"https:\/\/www.wonenaandecotedazur.nl\/nl\/wp-json\/wp\/v2\/product\/3300630","targetHints":{"allow":["GET"]}}],"collection":[{"href":"https:\/\/www.wonenaandecotedazur.nl\/nl\/wp-json\/wp\/v2\/product"}],"about":[{"href":"https:\/\/www.wonenaandecotedazur.nl\/nl\/wp-json\/wp\/v2\/types\/product"}],"author":[{"embeddable":true,"href":"https:\/\/www.wonenaandecotedazur.nl\/nl\/wp-json\/wp\/v2\/users\/2"}],"wp:featuredmedia":[{"embeddable":true,"href":"https:\/\/www.wonenaandecotedazur.nl\/nl\/wp-json\/wp\/v2\/media\/3300528"}],"wp:attachment":[{"href":"https:\/\/www.wonenaandecotedazur.nl\/nl\/wp-json\/wp\/v2\/media?parent=3300630"}],"wp:term":[{"taxonomy":"product_brand","embeddable":true,"href":"https:\/\/www.wonenaandecotedazur.nl\/nl\/wp-json\/wp\/v2\/product_brand?post=3300630"},{"taxonomy":"product_cat","embeddable":true,"href":"https:\/\/www.wonenaandecotedazur.nl\/nl\/wp-json\/wp\/v2\/product_cat?post=3300630"},{"taxonomy":"product_tag","embeddable":true,"href":"https:\/\/www.wonenaandecotedazur.nl\/nl\/wp-json\/wp\/v2\/product_tag?post=3300630"}],"curies":[{"name":"wp","href":"https:\/\/api.w.org\/{rel}","templated":true}]}}