{"id":3300636,"date":"2026-05-01T21:34:46","date_gmt":"2026-05-01T19:34:46","guid":{"rendered":"https:\/\/www.wonenaandecotedazur.nl\/luxury-real-estate\/nieuwbouwproject-valbonne-cip-1085\/"},"modified":"2026-05-01T21:34:46","modified_gmt":"2026-05-01T19:34:46","slug":"nieuwbouwproject-valbonne-cip-1085","status":"publish","type":"product","link":"https:\/\/www.wonenaandecotedazur.nl\/nl\/luxury-real-estate\/nieuwbouwproject-valbonne-cip-1085\/","title":{"rendered":"Nieuwbouwproject Valbonne \u2014 CIP-1085"},"content":{"rendered":"<p>Wonen aan de C\u00f4te d&#8217;Azur, gespecialiseerd in VEFA-nieuwbouw, presenteert een exclusief nieuwbouwproject in Valbonne dat Proven\u00e7aalse charme en hedendaags comfort combineert. Gelegen in een gewilde omgeving, middenin een pijnbomenbos, biedt dit project een zeldzaam woonkader: groen, rustig en elegant \u2014 een plek waar de warmte van de zon, het gekwetter van de natuur en het authentieke dorpsleven samen een verfijnde levensstijl vormen.<\/p>\n<p>De residentie is met zorg ontworpen om harmonieus in het landschap op te gaan. Met een menselijke schaal, een smaakvolle architectuur en aandacht voor privacy en rust, legt het project de nadruk op kwaliteit van leven. De opzet van de gebouwen garandeert vrije vergezichten, optimale lichtinval gedurende de dag en subtiele waarborgen voor uw privacy. Elk detail draagt bij aan een serene, duurzame en elegante woonervaring die perfect aansluit bij de identiteit van de streek.<\/p>\n<p>Het aanbod omvat lichte, goed indeelbare appartementen van 2 tot 5 kamers \u2014 ideaal als hoofdwoning, duurzame belegging of erfgoedverwerving. Interieurs zijn doordacht, functioneel en vol licht, ontworpen om prettig te wonen. Elk appartement heeft een royaal buitenaanbod: sfeervolle terrassen op verdieping of priv\u00e9-tuinen op de begane grond, perfect om te genieten van het milde Azurenklimaat. Ruime volumes, een sterke verbinding met buiten en vrije uitzichten versterken het gevoel van ruimte en welzijn.<\/p>\n<p>De ligging is een van de grote troeven: op korte afstand van het pittoreske oude dorp van Valbonne en met het dynamische Sophia Antipolis \u2014 de belangrijkste technopool van Europa \u2014 binnen handbereik. Dit maakt het project aantrekkelijk voor werkenden, gezinnen en investeerders die zoeken naar een adres met top bereikbaarheid, economische aantrekkingskracht en een hoge levenskwaliteit. Hier verenigen natuur en innovatie zich op een vanzelfsprekende manier.<\/p>\n<p>Als specialist in VEFA-nieuwbouw (koop in aanbouw) begeleidt Wonen aan de C\u00f4te d&#8217;Azur u persoonlijk bij uw aankoop. U profiteert van extra voordelen: een tienjarige constructiegarantie, lagere notariskosten en de mogelijkheid om indeling en afwerking naar wens aan te passen v\u00f3\u00f3r aanvang van de bouw. Interesse gewekt? Wij informeren u graag verder en helpen u uw droomwoning aan de C\u00f4te d&#8217;Azur samen te stellen.<\/p>\n<p>&nbsp;<\/p>\n","protected":false},"excerpt":{"rendered":"<p>Wonen aan de C\u00f4te d&#8217;Azur, gespecialiseerd in VEFA-nieuwbouw, presenteert een exclusief nieuwbouwproject in Valbonne dat Proven\u00e7aalse charme en hedendaags comfort combineert. Gelegen in een gewilde omgeving, middenin een pijnbomenbos, biedt dit project een zeldzaam woonkader: groen, rustig en elegant \u2014 een plek waar de warmte van de zon, het gekwetter van de natuur en het [&hellip;]<\/p>\n","protected":false},"author":2,"featured_media":3300538,"template":"","meta":{"_acf_changed":false},"product_brand":[],"product_cat":[5678],"product_tag":[],"class_list":{"0":"post-3300636","1":"product","2":"type-product","3":"status-publish","4":"has-post-thumbnail","6":"product_cat-appartement","7":"pa_city-valbonne-nl","8":"pa_country-frankrijk","9":"pa_region-cannes-nl","10":"pa_type-of-construction-nieuwbouw","12":"first","13":"instock","14":"product-type-simple"},"acf":[],"_links":{"self":[{"href":"https:\/\/www.wonenaandecotedazur.nl\/nl\/wp-json\/wp\/v2\/product\/3300636","targetHints":{"allow":["GET"]}}],"collection":[{"href":"https:\/\/www.wonenaandecotedazur.nl\/nl\/wp-json\/wp\/v2\/product"}],"about":[{"href":"https:\/\/www.wonenaandecotedazur.nl\/nl\/wp-json\/wp\/v2\/types\/product"}],"author":[{"embeddable":true,"href":"https:\/\/www.wonenaandecotedazur.nl\/nl\/wp-json\/wp\/v2\/users\/2"}],"wp:featuredmedia":[{"embeddable":true,"href":"https:\/\/www.wonenaandecotedazur.nl\/nl\/wp-json\/wp\/v2\/media\/3300538"}],"wp:attachment":[{"href":"https:\/\/www.wonenaandecotedazur.nl\/nl\/wp-json\/wp\/v2\/media?parent=3300636"}],"wp:term":[{"taxonomy":"product_brand","embeddable":true,"href":"https:\/\/www.wonenaandecotedazur.nl\/nl\/wp-json\/wp\/v2\/product_brand?post=3300636"},{"taxonomy":"product_cat","embeddable":true,"href":"https:\/\/www.wonenaandecotedazur.nl\/nl\/wp-json\/wp\/v2\/product_cat?post=3300636"},{"taxonomy":"product_tag","embeddable":true,"href":"https:\/\/www.wonenaandecotedazur.nl\/nl\/wp-json\/wp\/v2\/product_tag?post=3300636"}],"curies":[{"name":"wp","href":"https:\/\/api.w.org\/{rel}","templated":true}]}}