{"id":3300642,"date":"2026-05-01T21:34:52","date_gmt":"2026-05-01T19:34:52","guid":{"rendered":"https:\/\/www.wonenaandecotedazur.nl\/luxury-real-estate\/renovatieprogramma-in-falicon-cip-936\/"},"modified":"2026-05-01T21:34:54","modified_gmt":"2026-05-01T19:34:54","slug":"renovatieprogramma-in-falicon-cip-936","status":"publish","type":"product","link":"https:\/\/www.wonenaandecotedazur.nl\/nl\/luxury-real-estate\/renovatieprogramma-in-falicon-cip-936\/","title":{"rendered":"Renovatieprogramma in Falicon \u2013 CIP-936"},"content":{"rendered":"<p>Een oase van rust boven Nice<\/p>\n<p>Ontdek een uniek renovatieprogramma in Falicon dat een voormalige ambachtelijke locatie transformeert tot elegante appartementen \u2013 van slimme studio&#8217;s tot ruime 4-kamer duplexen. Elk appartement opent zich naar royale terrassen en private tuinen met een adembenemend uitzicht op de omliggende natuur.<\/p>\n<p>Uitzonderlijke ligging<\/p>\n<p>Gelegen op de hoogten van Nice biedt Falicon haar bewoners de zachte, mediterrane levensstijl die zo typerend is voor de regio. Slechts 15 minuten rijden van het stadscentrum geniet u hier van het beste van twee werelden: de voorzieningen van Nice zonder de zomerse drukte. Met een panoramisch zicht op de Mont Chauve d\u2019Aspremont biedt Falicon \u00e9\u00e9n van de mooiste vergezichten over de vallei van de Banqui\u00e8re en de stad Nice.<\/p>\n<p>Woningen in een natuurlijke setting<\/p>\n<p>Het project omvat 18 appartementen in verschillende formaten, ontworpen om aan uiteenlopende woonwensen te voldoen. Een hedendaags interieur gaat hand in hand met de natuur: grote glaspartijen laten het licht binnen en verbinden de leefruimtes direct met ruime terrassen en private tuinen, voor een volledige beleving van buitenleven en rust.<\/p>\n<p>Comfort en natuur gecombineerd<\/p>\n<p>Dit renovatieprogramma is fiscaal interessant (in aanmerking komend voor &#8216;d\u00e9ficit foncier&#8217;) en biedt een ideaal woonklimaat: modern comfort, rust en een spectaculair uitzicht. Een zeldzame kans om te investeren of uw droomhuis te vinden in de heuvels rond Nice.<\/p>\n<p>Expertise en voordelen van Wonen aan de C\u00f4te d&#8217;Azur<\/p>\n<p>Wonen aan de C\u00f4te d&#8217;Azur is gespecialiseerd in VEFA-nieuwbouwprojecten. Dankzij die expertise profiteert u als koper van extra zekerheid en flexibiliteit: een tienjarige constructiewaarborg, lagere notariskosten en de mogelijkheid om indeling en afwerking aan te passen v\u00f3\u00f3r de start van de werken. Zo maakt u uw toekomstige woning echt van uzelf.<\/p>\n<p>Neem contact op voor meer informatie en om deze unieke kans te ontdekken.<\/p>\n<p>&nbsp;<\/p>\n","protected":false},"excerpt":{"rendered":"<p>Een oase van rust boven Nice Ontdek een uniek renovatieprogramma in Falicon dat een voormalige ambachtelijke locatie transformeert tot elegante appartementen \u2013 van slimme studio&#8217;s tot ruime 4-kamer duplexen. Elk appartement opent zich naar royale terrassen en private tuinen met een adembenemend uitzicht op de omliggende natuur. Uitzonderlijke ligging Gelegen op de hoogten van Nice [&hellip;]<\/p>\n","protected":false},"author":2,"featured_media":3283919,"template":"","meta":{"_acf_changed":false},"product_brand":[],"product_cat":[5678],"product_tag":[],"class_list":{"0":"post-3300642","1":"product","2":"type-product","3":"status-publish","4":"has-post-thumbnail","6":"product_cat-appartement","7":"pa_city-falicon-nl","8":"pa_country-frankrijk","9":"pa_type-of-construction-nieuwbouw","11":"first","12":"instock","13":"product-type-simple"},"acf":[],"_links":{"self":[{"href":"https:\/\/www.wonenaandecotedazur.nl\/nl\/wp-json\/wp\/v2\/product\/3300642","targetHints":{"allow":["GET"]}}],"collection":[{"href":"https:\/\/www.wonenaandecotedazur.nl\/nl\/wp-json\/wp\/v2\/product"}],"about":[{"href":"https:\/\/www.wonenaandecotedazur.nl\/nl\/wp-json\/wp\/v2\/types\/product"}],"author":[{"embeddable":true,"href":"https:\/\/www.wonenaandecotedazur.nl\/nl\/wp-json\/wp\/v2\/users\/2"}],"wp:featuredmedia":[{"embeddable":true,"href":"https:\/\/www.wonenaandecotedazur.nl\/nl\/wp-json\/wp\/v2\/media\/3283919"}],"wp:attachment":[{"href":"https:\/\/www.wonenaandecotedazur.nl\/nl\/wp-json\/wp\/v2\/media?parent=3300642"}],"wp:term":[{"taxonomy":"product_brand","embeddable":true,"href":"https:\/\/www.wonenaandecotedazur.nl\/nl\/wp-json\/wp\/v2\/product_brand?post=3300642"},{"taxonomy":"product_cat","embeddable":true,"href":"https:\/\/www.wonenaandecotedazur.nl\/nl\/wp-json\/wp\/v2\/product_cat?post=3300642"},{"taxonomy":"product_tag","embeddable":true,"href":"https:\/\/www.wonenaandecotedazur.nl\/nl\/wp-json\/wp\/v2\/product_tag?post=3300642"}],"curies":[{"name":"wp","href":"https:\/\/api.w.org\/{rel}","templated":true}]}}