{"id":3300649,"date":"2026-05-01T21:34:58","date_gmt":"2026-05-01T19:34:58","guid":{"rendered":"https:\/\/www.wonenaandecotedazur.nl\/luxury-real-estate\/nieuwbouw-in-saint-laurent-du-var-cip-946-5\/"},"modified":"2026-05-01T21:35:02","modified_gmt":"2026-05-01T19:35:02","slug":"nieuwbouw-in-saint-laurent-du-var-cip-946-5","status":"publish","type":"product","link":"https:\/\/www.wonenaandecotedazur.nl\/nl\/luxury-real-estate\/nieuwbouw-in-saint-laurent-du-var-cip-946-5\/","title":{"rendered":"Nieuwbouw in Saint-Laurent-du-Var \u2013 CIP-946"},"content":{"rendered":"<p>Saint-Laurent-du-Var<br \/>\nDit nieuwbouwproject ligt aan de poorten van Nice, in \u00e9\u00e9n van de meest aantrekkelijke gemeenten van de M\u00e9tropole Nice C\u00f4te d&#8217;Azur. Saint-Laurent-du-Var is een geliefde badplaats, geroemd om zijn gastvrijheid en de hoge levenskwaliteit voor werkende gezinnen. De ligging is uitstekend met snelle verbindingen naar luchthaven, autoroutes en treinstations, en de geplande verlenging van tramlijn 4 (Nice\u2013Cagnes\u2011sur\u2011Mer) zal de bereikbaarheid verder versterken.<\/p>\n<p>Nieuw hart van de stad<br \/>\nDit hartje\u2011project biedt een zeldzame adressering: de rust van een stad op menselijke schaal, de rijkdom van de kust en een dynamische economische omgeving. Met gemiddeld 300 zonnige dagen per jaar geniet u hier van een unieke levenskwaliteit tussen zee en bergen.<\/p>\n<p>Een groen en levendig stadscentrum<br \/>\nHet project situeert zich aan het nieuwe, grote en beboste voetgangersplein Square B\u00e8nes, dat het kloppend hart van de gemeente vormt. Het plein fungeert als een groen long in de stad, met uitgebreide beplanting, pergola\u2019s en de iconische behouden fontein. Het bruisende programma rondom het plein \u2013 van markten tot een permanent draaimolentje voor de kleintjes \u2013 zorgt voor sfeer en gemeenschapsleven.<\/p>\n<p>Een onderscheidende en originele residentie<br \/>\nDe architectuur van dit nieuwbouwproject legt de nadruk op groen: de residentie sluit naadloos aan op de beplante voetgangersomgeving met een verfijnde, hedendaagse stijl. Gevels zijn aangekleed met open werk balustrades en zonneschermen waar planten uit de balkonbakken mogen groeien. Het resultaat is een subtiel samenspel van natuur en materiaal. Op de plint aan de avenue du G\u00e9n\u00e9ral Leclerc komen winkels die bijdragen aan de levendigheid van de nieuwe wijk.<\/p>\n<p>Harmonieus comfort voor elke levensstijl<br \/>\nBinnen Palm Square ervaart u het gemak van comfortabel stedelijk wonen. De woningen vari\u00ebren van studio\u2019s tot 4\u2011kamerappartementen en zijn ontworpen voor dagelijkse harmonie. Sommige 2\u2011kamers zijn evolueerbaar en modulair, zodat ze meebewegen met uw wensen. De indelingen zijn doordacht: woonkamers openen op open keukens voor extra convivialiteit, de meeste 4\u2011kamers beschikken over een master suite met aangrenzende badkamer. De meeste slaapkamers en alle woonruimtes hebben bovendien minimaal \u00e9\u00e9n buitenruimte (balkon, loggia of royale terras tot 59 m\u00b2), met vrije uitzichten over de stad, het beboste plein Square B\u00e8nes, het bos van La Valli\u00e8re of de rustige binnentuin. Alle appartementen zijn voorzien van moderne comfortoplossingen voor uw welzijn.<\/p>\n<p>Wonen aan de C\u00f4te d&#8217;Azur \u2013 VEFA\u2011specialist met extra voordelen<br \/>\nWonen aan de C\u00f4te d&#8217;Azur is gespecialiseerd in VEFA\u2011nieuwbouwprojecten (koop in aanbouw) en begeleidt u bij elke stap. Bij aankoop profiteert u van een tienjarige constructiewaarborg, lagere notariskosten en de mogelijkheid om indeling en afwerking aan te passen voordat de bouw begint. Zo stelt u uw woning \u00e9cht naar uw hand samen.<\/p>\n<p>Ontdek de mogelijkheden<br \/>\nBent u op zoek naar een elegant, zonnig woondomein aan de C\u00f4te d&#8217;Azur? Dit project in Saint\u2011Laurent\u2011du\u2011Var combineert locatie, comfort en slim wonen. Neem contact op voor meer informatie en ontdek hoe u uw toekomstige appartement kunt personaliseren.<\/p>\n<p>&nbsp;<\/p>\n","protected":false},"excerpt":{"rendered":"<p>Saint-Laurent-du-Var Dit nieuwbouwproject ligt aan de poorten van Nice, in \u00e9\u00e9n van de meest aantrekkelijke gemeenten van de M\u00e9tropole Nice C\u00f4te d&#8217;Azur. Saint-Laurent-du-Var is een geliefde badplaats, geroemd om zijn gastvrijheid en de hoge levenskwaliteit voor werkende gezinnen. De ligging is uitstekend met snelle verbindingen naar luchthaven, autoroutes en treinstations, en de geplande verlenging van [&hellip;]<\/p>\n","protected":false},"author":2,"featured_media":3283784,"template":"","meta":{"_acf_changed":false},"product_brand":[],"product_cat":[5678],"product_tag":[],"class_list":{"0":"post-3300649","1":"product","2":"type-product","3":"status-publish","4":"has-post-thumbnail","6":"product_cat-appartement","7":"pa_city-saint-laurent-du-var-nl","8":"pa_country-frankrijk","9":"pa_region-nice-nl","10":"pa_type-of-construction-nieuwbouw","12":"first","13":"instock","14":"product-type-simple"},"acf":[],"_links":{"self":[{"href":"https:\/\/www.wonenaandecotedazur.nl\/nl\/wp-json\/wp\/v2\/product\/3300649","targetHints":{"allow":["GET"]}}],"collection":[{"href":"https:\/\/www.wonenaandecotedazur.nl\/nl\/wp-json\/wp\/v2\/product"}],"about":[{"href":"https:\/\/www.wonenaandecotedazur.nl\/nl\/wp-json\/wp\/v2\/types\/product"}],"author":[{"embeddable":true,"href":"https:\/\/www.wonenaandecotedazur.nl\/nl\/wp-json\/wp\/v2\/users\/2"}],"wp:featuredmedia":[{"embeddable":true,"href":"https:\/\/www.wonenaandecotedazur.nl\/nl\/wp-json\/wp\/v2\/media\/3283784"}],"wp:attachment":[{"href":"https:\/\/www.wonenaandecotedazur.nl\/nl\/wp-json\/wp\/v2\/media?parent=3300649"}],"wp:term":[{"taxonomy":"product_brand","embeddable":true,"href":"https:\/\/www.wonenaandecotedazur.nl\/nl\/wp-json\/wp\/v2\/product_brand?post=3300649"},{"taxonomy":"product_cat","embeddable":true,"href":"https:\/\/www.wonenaandecotedazur.nl\/nl\/wp-json\/wp\/v2\/product_cat?post=3300649"},{"taxonomy":"product_tag","embeddable":true,"href":"https:\/\/www.wonenaandecotedazur.nl\/nl\/wp-json\/wp\/v2\/product_tag?post=3300649"}],"curies":[{"name":"wp","href":"https:\/\/api.w.org\/{rel}","templated":true}]}}