{"id":3300661,"date":"2026-05-01T21:35:11","date_gmt":"2026-05-01T19:35:11","guid":{"rendered":"https:\/\/www.wonenaandecotedazur.nl\/luxury-real-estate\/nieuwbouwproject-in-saint-laurent-du-var-cip-946-5\/"},"modified":"2026-05-01T21:35:14","modified_gmt":"2026-05-01T19:35:14","slug":"nieuwbouwproject-in-saint-laurent-du-var-cip-946-5","status":"publish","type":"product","link":"https:\/\/www.wonenaandecotedazur.nl\/nl\/luxury-real-estate\/nieuwbouwproject-in-saint-laurent-du-var-cip-946-5\/","title":{"rendered":"Nieuwbouwproject in Saint-Laurent-du-Var \u2013 CIP-946"},"content":{"rendered":"<p>Saint-Laurent-du-Var<\/p>\n<p>Dit elegante nieuwbouwproject ligt aan de rand van Nice, in \u00e9\u00e9n van de meest aantrekkelijke gemeenten van de metropool Nice C\u00f4te d&#8217;Azur. Saint-Laurent-du-Var is een geliefde badplaats, bekend om haar warme ontvangst en de hoge levenskwaliteit voor bewoners en werkenden. Dankzij de uitstekende ligging heeft u snel toegang tot belangrijke infrastructuur: luchthaven, snelwegen en treinstations. De geplande verlenging van tramlijn 4 (Nice\u2013Cagnes\u2011sur\u2011Mer) zal de verbindingen alleen maar verbeteren.<\/p>\n<p>Een uniek adres in het hart van de stad<\/p>\n<p>Het project in het stadscentrum biedt een zeldzame combinatie van kleinschalige sereniteit, maritieme charme en economisch elan. Met ongeveer 300 zonnige dagen per jaar geniet u hier van een uitzonderlijk leven tussen zee en bergen.<\/p>\n<p>Een nieuw, groen en levendig stadshart<\/p>\n<p>De residentie wordt gerealiseerd aan het nieuwe, ruime voetgangersplein Square B\u00e8nes \u2014 het bruisende hart van de gemeente. Dit plein functioneert als een groene long in de stad, met veel beplanting, pergola\u2019s en de karakteristieke fontein die bewaard blijft. Marktjes, plaatselijke evenementen en een vaste draaimolen voor de kleintjes zorgen voor een levendige sfeer.<\/p>\n<p>Architectuur waar groen centraal staat<\/p>\n<p>Palm Square onderscheidt zich door een doordachte integratie van beplanting in het ontwerp. De hedendaagse architectuur vloeit naadloos samen met het groene karakter van het plein: gevelopeningen, brise\u2011soleil en balkonbakken waar planten kunnen groeien, zorgen voor een subtiel evenwicht tussen natuur en bouwmateriaal. Op de plint aan de avenue du G\u00e9n\u00e9ral Leclerc bevinden zich winkels die bijdragen aan de dynamiek van de nieuwe wijk.<\/p>\n<p>Comfort en flexibiliteit voor ieder leven<\/p>\n<p>De appartementen \u2013 van studio\u2019s tot vierkamerwoningen \u2013 zijn ontworpen voor comfort en dagelijkse harmonie. Sommige tweekamerwoningen zijn flexibel en kunnen mee evolueren met uw behoeften. De indelingen zijn doordacht, met ruime woonruimtes die openlopen naar de keuken om samenleven te stimuleren. De meeste vierkamerappartementen beschikken over een oudersuite met aangrenzende badkamer. Vrijwel alle slaapkamers en woonkamers hebben minstens \u00e9\u00e9n buitenruimte (balkon, loggia of royale terras tot 59 m\u00b2) met vrije zichten op de stad, het beboste gebied van La Valli\u00e8re, het groene plein of de binnentuin van de r\u00e9sidence. Moderne uitrusting en doordachte afwerking verhogen het comfort en welzijn.<\/p>\n<p>Wonen aan de C\u00f4te d&#8217;Azur \u2014 VEFA-specialist met extra voordelen<\/p>\n<p>Wonen aan de C\u00f4te d&#8217;Azur is gespecialiseerd in VEFA\u2011nieuwbouwprojecten en begeleidt u van A tot Z. Als koper profiteert u van een tienjarige bouwgarantie, lagere notariskosten en de unieke mogelijkheid om de indeling en afwerking aan te passen voordat de bouw start \u2014 zodat uw nieuwe woning echt uw thuis wordt.<\/p>\n<p>&nbsp;<\/p>\n","protected":false},"excerpt":{"rendered":"<p>Saint-Laurent-du-Var Dit elegante nieuwbouwproject ligt aan de rand van Nice, in \u00e9\u00e9n van de meest aantrekkelijke gemeenten van de metropool Nice C\u00f4te d&#8217;Azur. Saint-Laurent-du-Var is een geliefde badplaats, bekend om haar warme ontvangst en de hoge levenskwaliteit voor bewoners en werkenden. Dankzij de uitstekende ligging heeft u snel toegang tot belangrijke infrastructuur: luchthaven, snelwegen en [&hellip;]<\/p>\n","protected":false},"author":2,"featured_media":3283784,"template":"","meta":{"_acf_changed":false},"product_brand":[],"product_cat":[5678],"product_tag":[],"class_list":{"0":"post-3300661","1":"product","2":"type-product","3":"status-publish","4":"has-post-thumbnail","6":"product_cat-appartement","7":"pa_city-saint-laurent-du-var-nl","8":"pa_country-frankrijk","9":"pa_region-nice-nl","10":"pa_type-of-construction-nieuwbouw","12":"first","13":"instock","14":"product-type-simple"},"acf":[],"_links":{"self":[{"href":"https:\/\/www.wonenaandecotedazur.nl\/nl\/wp-json\/wp\/v2\/product\/3300661","targetHints":{"allow":["GET"]}}],"collection":[{"href":"https:\/\/www.wonenaandecotedazur.nl\/nl\/wp-json\/wp\/v2\/product"}],"about":[{"href":"https:\/\/www.wonenaandecotedazur.nl\/nl\/wp-json\/wp\/v2\/types\/product"}],"author":[{"embeddable":true,"href":"https:\/\/www.wonenaandecotedazur.nl\/nl\/wp-json\/wp\/v2\/users\/2"}],"wp:featuredmedia":[{"embeddable":true,"href":"https:\/\/www.wonenaandecotedazur.nl\/nl\/wp-json\/wp\/v2\/media\/3283784"}],"wp:attachment":[{"href":"https:\/\/www.wonenaandecotedazur.nl\/nl\/wp-json\/wp\/v2\/media?parent=3300661"}],"wp:term":[{"taxonomy":"product_brand","embeddable":true,"href":"https:\/\/www.wonenaandecotedazur.nl\/nl\/wp-json\/wp\/v2\/product_brand?post=3300661"},{"taxonomy":"product_cat","embeddable":true,"href":"https:\/\/www.wonenaandecotedazur.nl\/nl\/wp-json\/wp\/v2\/product_cat?post=3300661"},{"taxonomy":"product_tag","embeddable":true,"href":"https:\/\/www.wonenaandecotedazur.nl\/nl\/wp-json\/wp\/v2\/product_tag?post=3300661"}],"curies":[{"name":"wp","href":"https:\/\/api.w.org\/{rel}","templated":true}]}}