{"id":3300662,"date":"2026-05-01T21:35:15","date_gmt":"2026-05-01T19:35:15","guid":{"rendered":"https:\/\/www.wonenaandecotedazur.nl\/luxury-real-estate\/nieuwbouw-in-saint-laurent-du-var-cip-946-6\/"},"modified":"2026-05-01T21:35:16","modified_gmt":"2026-05-01T19:35:16","slug":"nieuwbouw-in-saint-laurent-du-var-cip-946-6","status":"publish","type":"product","link":"https:\/\/www.wonenaandecotedazur.nl\/nl\/luxury-real-estate\/nieuwbouw-in-saint-laurent-du-var-cip-946-6\/","title":{"rendered":"Nieuwbouw in Saint-Laurent-du-Var \u2014 CIP-946"},"content":{"rendered":"<p>Saint-Laurent-du-Var<br \/>\nGelegen aan de poort van Nice, biedt dit nieuwbouwproject een uitzonderlijke kans in een van de meest aantrekkelijke gemeenten van de Nice C\u00f4te d&#8217;Azur-metropool. Saint-Laurent-du-Var is een gerenommeerde badplaats met een sterke toeristische aantrekkingskracht en een hoge levenskwaliteit voor haar actieve inwoners. De ligging is bijzonder praktisch: luchthaven, snelweg en treinstations zijn snel bereikbaar, en de geplande verlenging van tramlijn 4 (Nice\u2013Cagnes\u2011sur\u2011Mer) zal de verbindingen nog verder verbeteren.<\/p>\n<p>Een nieuw hart van de stad<br \/>\nDit nieuwbouwproject in het centrum combineert de rust van een stad op menselijke schaal met de rijkdom van de zeezijde en een dynamische economische ontwikkeling. Met gemiddeld 300 zonnedagen per jaar genieten bewoners van een unieke levensstijl tussen zee en bergen.<\/p>\n<p>Een groen en bruisend stadsplein<br \/>\nHet project situeert zich aan het nieuwe, beboste voetgangersplein Square B\u00e8nes, dat uitgegroeid is tot het levendige hart van de gemeente. Het plein fungeert als een stadsademhaling met veel groen, pergola&#8217;s en de karakteristieke fontein die bewaard blijft. Hier vinden lokale markten en evenementen plaats en er is een permanente draaimolen voor de kleintjes.<\/p>\n<p>Een originele en karaktervolle residentie<br \/>\nDe architectuur van het project legt de nadruk op groen. De residentie sluit naadloos aan op de groene context van het voetgangersplein met een hedendaagse uitstraling. Gevels met open balustrades en zonwerende lamellen geven planten de ruimte om te groeien vanuit de bloembakken op de balkons, wat een subtiel evenwicht tussen natuur en steen cre\u00ebert. De plint aan de Avenue du G\u00e9n\u00e9ral Leclerc biedt ruimte aan winkels die bijdragen aan de levendigheid van de nieuwe wijk.<\/p>\n<p>Harmonisch comfort voor elke levensstijl<br \/>\nBinnen Palm Square geniet u van het gemak van comfortabel wonen in de stad. De appartementen vari\u00ebren van studio&#8217;s tot 4\u2011kamerwoningen en zijn ontworpen voor hedendaags wooncomfort. Sommige 2\u2011kamerappartementen zijn flexibel en aanpasbaar, zodat ze meebewegen met uw wensen. Woonkamers openen naar een ingerichte keuken voor maximale convivialiteit; de meeste 4\u2011kamerappartementen beschikken over een oudersuite met aansluitende badkamer. De meerderheid van de slaapkamers en alle woonkamers hebben minimaal \u00e9\u00e9n buitenruimte (balkon, loggia of een ruime terras tot 59 m\u00b2) met vrije uitzichten over de stad, het beboste plein, het La Valli\u00e8re\u2011bos of de binnentuin van de residentie. Moderne voorzieningen zorgen voor comfort en welzijn.<\/p>\n<p>Uw voordelen met Wonen aan de C\u00f4te d&#8217;Azur<br \/>\nWonen aan de C\u00f4te d&#8217;Azur, specialist in VEFA\u2011nieuwbouwprojecten (koop in aanbouw), begeleidt u bij een zorgeloze aankoop. Bij VEFA profiteert u onder meer van een tienjarige garantie op de constructie, lagere notariskosten en de mogelijkheid om de indeling en afwerkingsgraad van uw appartement aan te passen voordat de bouw start \u2014 zo cre\u00ebert u echt uw ideale thuis aan de C\u00f4te d&#8217;Azur.<\/p>\n<p>&nbsp;<\/p>\n","protected":false},"excerpt":{"rendered":"<p>Saint-Laurent-du-Var Gelegen aan de poort van Nice, biedt dit nieuwbouwproject een uitzonderlijke kans in een van de meest aantrekkelijke gemeenten van de Nice C\u00f4te d&#8217;Azur-metropool. Saint-Laurent-du-Var is een gerenommeerde badplaats met een sterke toeristische aantrekkingskracht en een hoge levenskwaliteit voor haar actieve inwoners. De ligging is bijzonder praktisch: luchthaven, snelweg en treinstations zijn snel bereikbaar, [&hellip;]<\/p>\n","protected":false},"author":2,"featured_media":3283784,"template":"","meta":{"_acf_changed":false},"product_brand":[],"product_cat":[5678],"product_tag":[],"class_list":{"0":"post-3300662","1":"product","2":"type-product","3":"status-publish","4":"has-post-thumbnail","6":"product_cat-appartement","7":"pa_city-saint-laurent-du-var-nl","8":"pa_country-frankrijk","9":"pa_region-nice-nl","10":"pa_type-of-construction-nieuwbouw","12":"first","13":"instock","14":"product-type-simple"},"acf":[],"_links":{"self":[{"href":"https:\/\/www.wonenaandecotedazur.nl\/nl\/wp-json\/wp\/v2\/product\/3300662","targetHints":{"allow":["GET"]}}],"collection":[{"href":"https:\/\/www.wonenaandecotedazur.nl\/nl\/wp-json\/wp\/v2\/product"}],"about":[{"href":"https:\/\/www.wonenaandecotedazur.nl\/nl\/wp-json\/wp\/v2\/types\/product"}],"author":[{"embeddable":true,"href":"https:\/\/www.wonenaandecotedazur.nl\/nl\/wp-json\/wp\/v2\/users\/2"}],"wp:featuredmedia":[{"embeddable":true,"href":"https:\/\/www.wonenaandecotedazur.nl\/nl\/wp-json\/wp\/v2\/media\/3283784"}],"wp:attachment":[{"href":"https:\/\/www.wonenaandecotedazur.nl\/nl\/wp-json\/wp\/v2\/media?parent=3300662"}],"wp:term":[{"taxonomy":"product_brand","embeddable":true,"href":"https:\/\/www.wonenaandecotedazur.nl\/nl\/wp-json\/wp\/v2\/product_brand?post=3300662"},{"taxonomy":"product_cat","embeddable":true,"href":"https:\/\/www.wonenaandecotedazur.nl\/nl\/wp-json\/wp\/v2\/product_cat?post=3300662"},{"taxonomy":"product_tag","embeddable":true,"href":"https:\/\/www.wonenaandecotedazur.nl\/nl\/wp-json\/wp\/v2\/product_tag?post=3300662"}],"curies":[{"name":"wp","href":"https:\/\/api.w.org\/{rel}","templated":true}]}}