{"id":3300665,"date":"2026-05-01T21:35:19","date_gmt":"2026-05-01T19:35:19","guid":{"rendered":"https:\/\/www.wonenaandecotedazur.nl\/luxury-real-estate\/nieuwbouwproject-in-saint-laurent-du-var-cip-946-6\/"},"modified":"2026-05-01T21:35:22","modified_gmt":"2026-05-01T19:35:22","slug":"nieuwbouwproject-in-saint-laurent-du-var-cip-946-6","status":"publish","type":"product","link":"https:\/\/www.wonenaandecotedazur.nl\/nl\/luxury-real-estate\/nieuwbouwproject-in-saint-laurent-du-var-cip-946-6\/","title":{"rendered":"Nieuwbouwproject in Saint-Laurent-du-Var \u2013 CIP-946"},"content":{"rendered":"<p>Saint-Laurent-du-Var<br \/>\nDit aantrekkelijke nieuwbouwproject ligt op de drempel van Nice, in een van de meest geliefde gemeenten van de Nice C\u00f4te d&#8217;Azur-metropool. Saint-Laurent-du-Var is een bekende badplaats, geroemd om zijn gastvrijheid en de hoge levenskwaliteit voor werkende inwoners. De ligging is bijzonder gunstig: snel naar de luchthaven, de autosnelweg en de treinstations, en straks nog beter verbonden door de geplande verlenging van tramlijn 4 (Nice\u2013Cagnes\u2011sur\u2011Mer).<\/p>\n<p>Een nieuw hart van de stad<br \/>\nHet project biedt een unieke stadsadresse: de rust van een menselijke schaal, de charme van de kust en een dynamische economische omgeving. Met gemiddeld 300 zonnige dagen per jaar wonen bewoners hier tussen zee en bergen in een zeldzaam prettig klimaat.<\/p>\n<p>Een groen en levendig nieuw dorpsplein<br \/>\nHet woonproject grenst aan het nieuwe, weelderig beplante voetgangersplein Square B\u00e8nes, dat uitgroeit tot het sociale hart van de gemeente. Het plein fungeert als een groen long met tal van plantenpartijen, pergola\u2019s en de bewaarde fontein als eyecatcher. Markten, evenementen en zelfs een vaste draaimolen voor de kleintjes zorgen voor levendigheid en lokale charme.<\/p>\n<p>Een karaktervolle, onderscheidende residentie<br \/>\nDe architectuur van het project omarmt het groen: royale beplanting, balkonbakken en opengewerkte balustrades waar klimplanten mogen groeien. Het hedendaagse ontwerp cre\u00ebert een elegant samenspel van natuur en materiaal. Op de sokkel aan de Avenue du G\u00e9n\u00e9ral Leclerc komen winkels die bijdragen aan de nieuwe wijkdynamiek.<\/p>\n<p>Harmonisch comfort voor elk levensritme<br \/>\nIn Palm Square ervaart u het gemak van comfortabel stadwonen: slimme plattegronden vari\u00ebrend van studio\u2019s tot ruim bemeten vierkamerappartementen, ontworpen voor dagelijkse harmonie. Sommige tweekamerappartementen zijn evolutief en kunnen worden aangepast naar veranderende woonwensen. Ruime woonkamers met open keukens bevorderen gezelligheid; de meeste vierkamers hebben een royale oudersuite met eigen badkamer. Bijna alle slaapkamers en alle woonkamers hebben directe toegang tot een buitenruimte \u2014 balkon, loggia of een ruime terras tot wel 59 m\u00b2 \u2014 met vrij uitzicht op de stad, het beplante voetgangersplein, het bos van La Valli\u00e8re of de rustige binnentuin.<\/p>\n<p>Wonen aan de C\u00f4te d&#8217;Azur \u2013 VEFA-expertise en voordelen<br \/>\nWonen aan de C\u00f4te d&#8217;Azur is gespecialiseerd in VEFA-nieuwbouwprojecten en begeleidt u van keuze tot oplevering. Kiezen voor dit project betekent ook: een tienjarige bouwgarantie, aanzienlijk lagere notariskosten en de mogelijkheid om v\u00f3\u00f3r aanvang van de bouw de indeling en afwerking naar eigen smaak aan te passen. Een unieke kans om uw toekomstig huis persoonlijk en zorgeloos vorm te geven.<\/p>\n<p>&nbsp;<\/p>\n","protected":false},"excerpt":{"rendered":"<p>Saint-Laurent-du-Var Dit aantrekkelijke nieuwbouwproject ligt op de drempel van Nice, in een van de meest geliefde gemeenten van de Nice C\u00f4te d&#8217;Azur-metropool. Saint-Laurent-du-Var is een bekende badplaats, geroemd om zijn gastvrijheid en de hoge levenskwaliteit voor werkende inwoners. De ligging is bijzonder gunstig: snel naar de luchthaven, de autosnelweg en de treinstations, en straks nog [&hellip;]<\/p>\n","protected":false},"author":2,"featured_media":3283784,"template":"","meta":{"_acf_changed":false},"product_brand":[],"product_cat":[5678],"product_tag":[],"class_list":{"0":"post-3300665","1":"product","2":"type-product","3":"status-publish","4":"has-post-thumbnail","6":"product_cat-appartement","7":"pa_city-saint-laurent-du-var-nl","8":"pa_country-frankrijk","9":"pa_region-nice-nl","10":"pa_type-of-construction-nieuwbouw","12":"first","13":"instock","14":"product-type-simple"},"acf":[],"_links":{"self":[{"href":"https:\/\/www.wonenaandecotedazur.nl\/nl\/wp-json\/wp\/v2\/product\/3300665","targetHints":{"allow":["GET"]}}],"collection":[{"href":"https:\/\/www.wonenaandecotedazur.nl\/nl\/wp-json\/wp\/v2\/product"}],"about":[{"href":"https:\/\/www.wonenaandecotedazur.nl\/nl\/wp-json\/wp\/v2\/types\/product"}],"author":[{"embeddable":true,"href":"https:\/\/www.wonenaandecotedazur.nl\/nl\/wp-json\/wp\/v2\/users\/2"}],"wp:featuredmedia":[{"embeddable":true,"href":"https:\/\/www.wonenaandecotedazur.nl\/nl\/wp-json\/wp\/v2\/media\/3283784"}],"wp:attachment":[{"href":"https:\/\/www.wonenaandecotedazur.nl\/nl\/wp-json\/wp\/v2\/media?parent=3300665"}],"wp:term":[{"taxonomy":"product_brand","embeddable":true,"href":"https:\/\/www.wonenaandecotedazur.nl\/nl\/wp-json\/wp\/v2\/product_brand?post=3300665"},{"taxonomy":"product_cat","embeddable":true,"href":"https:\/\/www.wonenaandecotedazur.nl\/nl\/wp-json\/wp\/v2\/product_cat?post=3300665"},{"taxonomy":"product_tag","embeddable":true,"href":"https:\/\/www.wonenaandecotedazur.nl\/nl\/wp-json\/wp\/v2\/product_tag?post=3300665"}],"curies":[{"name":"wp","href":"https:\/\/api.w.org\/{rel}","templated":true}]}}