{"id":3300667,"date":"2026-05-01T21:35:28","date_gmt":"2026-05-01T19:35:28","guid":{"rendered":"https:\/\/www.wonenaandecotedazur.nl\/luxury-real-estate\/nieuwbouwresidentie-in-frejus-cip-955-4\/"},"modified":"2026-05-01T21:35:32","modified_gmt":"2026-05-01T19:35:32","slug":"nieuwbouwresidentie-in-frejus-cip-955-4","status":"publish","type":"product","link":"https:\/\/www.wonenaandecotedazur.nl\/nl\/luxury-real-estate\/nieuwbouwresidentie-in-frejus-cip-955-4\/","title":{"rendered":"Nieuwbouwresidentie in Fr\u00e9jus &#8211; CIP-955"},"content":{"rendered":"<p>Ervaar de mediterrane levensstijl in deze elegante nieuwbouwresidentie in Fr\u00e9jus, hooggelegen met een prachtig uitzicht over de omgeving. Deze residentie combineert rust, ruimte en de unieke sfeer van de C\u00f4te d&#8217;Azur en biedt een uitzonderlijk woonkader voor haar bewoners.<\/p>\n<p>Strategische ligging aan de C\u00f4te d&#8217;Azur<br \/>\nPerfect gelegen vlakbij de A8, geeft deze residentie van Fr\u00e9jus directe verbindingen naar de toplocaties van de C\u00f4te d&#8217;Azur: Cannes, Nice en Monaco, en zelfs naar Itali\u00eb. Tegelijk zijn Aix\u2011en\u2011Provence, Marseille en Lyon eenvoudig bereikbaar, net als het noorden van Frankrijk. Die gunstige ligging versterkt zowel de toeristische aantrekkingskracht als de economische dynamiek van de regio.<\/p>\n<p>Wonen in harmonie met een rijke natuur<br \/>\nDe residentie ligt aan de rand van beschermde, groene bosgebieden en biedt zo een rustige, natuurlijke omgeving. De ontwikkeling bestaat uit twee stijlvolle gebouwen met een variatie aan appartementen van 2 tot 4 kamers, elk ontworpen met aandacht voor schoonheid en praktische ruimtes.<\/p>\n<p>Licht, buitenruimtes en privacy<br \/>\nDe appartementen zijn ontworpen om te leven met het Mediterrane licht: royale raampartijen en \u00e9\u00e9n of meerdere buitenruimtes cre\u00ebren een lichte, aangename sfeer het hele jaar door. Terrassen zijn slim afgeschermd door haagbeplanting, zodat u in alle privacy kunt genieten van mooie zomeravonden of ontspannen familiebijeenkomsten.<\/p>\n<p>Slim en zorgeloos kopen met Wonen aan de C\u00f4te d&#8217;Azur<br \/>\nWonen aan de C\u00f4te d&#8217;Azur is gespecialiseerd in VEFA\u2011nieuwbouw (aankoop op plan). Bij aankoop profiteert u van een 10\u2011jarige garantie op de constructie, lagere notariskosten en de mogelijkheid om indeling en afwerking naar eigen wens aan te passen v\u00f3\u00f3r de start van de bouw. Zo stemt u uw nieuwe woning perfect af op uw levensstijl.<\/p>\n<p>Uw mediterrane toevluchtsoord<br \/>\nDeze residentie op de hoogten van Fr\u00e9jus is de ideale keuze voor wie rust, natuur en toch uitstekende bereikbaarheid wil combineren. Welkom thuis \u2014 welkom in uw residentie aan de hoogten van Fr\u00e9jus.<\/p>\n<p>&nbsp;<\/p>\n","protected":false},"excerpt":{"rendered":"<p>Ervaar de mediterrane levensstijl in deze elegante nieuwbouwresidentie in Fr\u00e9jus, hooggelegen met een prachtig uitzicht over de omgeving. Deze residentie combineert rust, ruimte en de unieke sfeer van de C\u00f4te d&#8217;Azur en biedt een uitzonderlijk woonkader voor haar bewoners. Strategische ligging aan de C\u00f4te d&#8217;Azur Perfect gelegen vlakbij de A8, geeft deze residentie van Fr\u00e9jus [&hellip;]<\/p>\n","protected":false},"author":2,"featured_media":3284414,"template":"","meta":{"_acf_changed":false},"product_brand":[],"product_cat":[5678],"product_tag":[],"class_list":{"0":"post-3300667","1":"product","2":"type-product","3":"status-publish","4":"has-post-thumbnail","6":"product_cat-appartement","7":"pa_city-frejus-nl","8":"pa_country-frankrijk","9":"pa_region-saint-raphael-nl","10":"pa_type-of-construction-nieuwbouw","12":"first","13":"instock","14":"product-type-simple"},"acf":[],"_links":{"self":[{"href":"https:\/\/www.wonenaandecotedazur.nl\/nl\/wp-json\/wp\/v2\/product\/3300667","targetHints":{"allow":["GET"]}}],"collection":[{"href":"https:\/\/www.wonenaandecotedazur.nl\/nl\/wp-json\/wp\/v2\/product"}],"about":[{"href":"https:\/\/www.wonenaandecotedazur.nl\/nl\/wp-json\/wp\/v2\/types\/product"}],"author":[{"embeddable":true,"href":"https:\/\/www.wonenaandecotedazur.nl\/nl\/wp-json\/wp\/v2\/users\/2"}],"wp:featuredmedia":[{"embeddable":true,"href":"https:\/\/www.wonenaandecotedazur.nl\/nl\/wp-json\/wp\/v2\/media\/3284414"}],"wp:attachment":[{"href":"https:\/\/www.wonenaandecotedazur.nl\/nl\/wp-json\/wp\/v2\/media?parent=3300667"}],"wp:term":[{"taxonomy":"product_brand","embeddable":true,"href":"https:\/\/www.wonenaandecotedazur.nl\/nl\/wp-json\/wp\/v2\/product_brand?post=3300667"},{"taxonomy":"product_cat","embeddable":true,"href":"https:\/\/www.wonenaandecotedazur.nl\/nl\/wp-json\/wp\/v2\/product_cat?post=3300667"},{"taxonomy":"product_tag","embeddable":true,"href":"https:\/\/www.wonenaandecotedazur.nl\/nl\/wp-json\/wp\/v2\/product_tag?post=3300667"}],"curies":[{"name":"wp","href":"https:\/\/api.w.org\/{rel}","templated":true}]}}