{"id":3300677,"date":"2026-05-01T21:36:16","date_gmt":"2026-05-01T19:36:16","guid":{"rendered":"https:\/\/www.wonenaandecotedazur.nl\/luxury-real-estate\/nieuwe-residentie-in-cagnes-sur-mer-cip-997-2\/"},"modified":"2026-05-01T21:36:17","modified_gmt":"2026-05-01T19:36:17","slug":"nieuwe-residentie-in-cagnes-sur-mer-cip-997-2","status":"publish","type":"product","link":"https:\/\/www.wonenaandecotedazur.nl\/nl\/luxury-real-estate\/nieuwe-residentie-in-cagnes-sur-mer-cip-997-2\/","title":{"rendered":"Nieuwe residentie in Cagnes-sur-Mer &#8211; CIP-997"},"content":{"rendered":"<p>Ontdek deze nieuwbouwresidentie in Cagnes-sur-Mer, vlakbij de zee<br \/>\nOns project ligt in het hart van het charmante dorp Le Cros-de-Cagnes, een schilderachtige en authentieke omgeving. Op slechts 3 minuten lopen (ongeveer 200 m) van het strand geniet u moeiteloos van de zee, de zon en het ontspannen leven aan de kust.<\/p>\n<p>Ideale ligging, alle voorzieningen binnen handbereik<br \/>\nDe residentie heeft een strategische ligging met snelle aansluiting op het wegennet, waardoor grotere routes en omliggende steden gemakkelijk bereikbaar zijn. Winkels aan de Avenue de Nice bevinden zich op loopafstand, wat uw dagelijkse comfort vergroot.<\/p>\n<p>Levendig leven aan de C\u00f4te d\u2019Azur<br \/>\nWandel langs de kust, proef de lokale keuken in tal van nabijgelegen restaurants en ervaar de vele evenementen en animatie die de regio zo aantrekkelijk maken. Deze nieuwbouw biedt een dynamische, gastvrije sfeer waarin elke dag uitnodigt om te genieten.<\/p>\n<p>Toekomstbestendig mobiliteitsvoordeel<br \/>\nMet de geplande tramlijn 4, die Nice met het centrum van Cagnes-sur-Mer zal verbinden in 2028, profiteert u van nog betere bereikbaarheid. Er komt een halte op slechts 50 meter van het terrein, voor directe verbindingen naar de belangrijkste bestemmingen van de regio.<\/p>\n<p>VEFA-nieuwbouw met aantrekkelijke kopersvoordelen<br \/>\nWonen aan de C\u00f4te d&#8217;Azur is gespecialiseerd in VEFA-nieuwbouw en biedt kopers extra zekerheid en flexibiliteit: een 10-jarige garantie op de constructie, lagere notariskosten en de mogelijkheid om indeling en afwerking aan te passen v\u00f3\u00f3r de start van de bouw. Beleef het beste van de C\u00f4te d\u2019Azur in uw nieuwe thuis \u2014 comfortabel, stijlvol en klaar om naar uw wensen te worden ingericht.<\/p>\n<p>&nbsp;<\/p>\n","protected":false},"excerpt":{"rendered":"<p>Ontdek deze nieuwbouwresidentie in Cagnes-sur-Mer, vlakbij de zee Ons project ligt in het hart van het charmante dorp Le Cros-de-Cagnes, een schilderachtige en authentieke omgeving. Op slechts 3 minuten lopen (ongeveer 200 m) van het strand geniet u moeiteloos van de zee, de zon en het ontspannen leven aan de kust. Ideale ligging, alle voorzieningen [&hellip;]<\/p>\n","protected":false},"author":2,"featured_media":3284924,"template":"","meta":{"_acf_changed":false},"product_brand":[],"product_cat":[5678],"product_tag":[],"class_list":{"0":"post-3300677","1":"product","2":"type-product","3":"status-publish","4":"has-post-thumbnail","6":"product_cat-appartement","7":"pa_city-cagnes-sur-mer-nl","8":"pa_country-frankrijk","9":"pa_region-nice-nl","10":"pa_type-of-construction-nieuwbouw","12":"first","13":"instock","14":"product-type-simple"},"acf":[],"_links":{"self":[{"href":"https:\/\/www.wonenaandecotedazur.nl\/nl\/wp-json\/wp\/v2\/product\/3300677","targetHints":{"allow":["GET"]}}],"collection":[{"href":"https:\/\/www.wonenaandecotedazur.nl\/nl\/wp-json\/wp\/v2\/product"}],"about":[{"href":"https:\/\/www.wonenaandecotedazur.nl\/nl\/wp-json\/wp\/v2\/types\/product"}],"author":[{"embeddable":true,"href":"https:\/\/www.wonenaandecotedazur.nl\/nl\/wp-json\/wp\/v2\/users\/2"}],"wp:featuredmedia":[{"embeddable":true,"href":"https:\/\/www.wonenaandecotedazur.nl\/nl\/wp-json\/wp\/v2\/media\/3284924"}],"wp:attachment":[{"href":"https:\/\/www.wonenaandecotedazur.nl\/nl\/wp-json\/wp\/v2\/media?parent=3300677"}],"wp:term":[{"taxonomy":"product_brand","embeddable":true,"href":"https:\/\/www.wonenaandecotedazur.nl\/nl\/wp-json\/wp\/v2\/product_brand?post=3300677"},{"taxonomy":"product_cat","embeddable":true,"href":"https:\/\/www.wonenaandecotedazur.nl\/nl\/wp-json\/wp\/v2\/product_cat?post=3300677"},{"taxonomy":"product_tag","embeddable":true,"href":"https:\/\/www.wonenaandecotedazur.nl\/nl\/wp-json\/wp\/v2\/product_tag?post=3300677"}],"curies":[{"name":"wp","href":"https:\/\/api.w.org\/{rel}","templated":true}]}}