{"id":3300678,"date":"2026-05-01T21:36:30","date_gmt":"2026-05-01T19:36:30","guid":{"rendered":"https:\/\/www.wonenaandecotedazur.nl\/luxury-real-estate\/nieuwbouwproject-beausoleil-cip-1013\/"},"modified":"2026-05-01T21:36:30","modified_gmt":"2026-05-01T19:36:30","slug":"nieuwbouwproject-beausoleil-cip-1013","status":"publish","type":"product","link":"https:\/\/www.wonenaandecotedazur.nl\/nl\/luxury-real-estate\/nieuwbouwproject-beausoleil-cip-1013\/","title":{"rendered":"Nieuwbouwproject Beausoleil &#8211; CIP-1013"},"content":{"rendered":"<p>EEN PRESTIGIEUZE LIGGING IN BEAUSOLEIL<br \/>\nWord buur van de beroemde staat Monaco en geniet van het beste van de C\u00f4te d\u2019Azur. Beausoleil combineert een uitzonderlijke woonomgeving met een rijke culturele en vrijetijdsaanbod. Gelegen op een toppositie boven Monaco biedt deze plek een levensstijl waarin zon, zee en elegantie samenkomen.<\/p>\n<p>CENTRALE EN GEWILDE LOCATIE<br \/>\nDit nieuwbouwproject in het hart van Beausoleil ligt op een uitermate gewilde locatie: op slechts 450 meter van winkels, de marktplaats en het gemeentehuis. Met uitstekende openbaar vervoerverbindingen en sfeervolle, levendige straatjes is alles binnen handbereik. Vanaf de appartementen, al vanaf de eerste verdieping, geniet u van een prachtig uitzicht op de Middellandse Zee.<\/p>\n<p>LUXE WONINGEN VOOR IEDERE LEEFSTIJL<br \/>\nHet project biedt een selectie van studio\u2019s tot royale vijfkamerappartementen, elk met hoogwaardige afwerking. Alle woningen zijn voorzien van omkeerbare airconditioning en ruime buitenruimtes. De rooftop-terrassen schenken een adembenemend panoramisch uitzicht \u2014 een perfecte plek om volop te leven op de C\u00f4te d\u2019Azur.<\/p>\n<p>COMFORT EN PRAKTISCHE VOORZIENINGEN<br \/>\nElk appartement beschikt over een eigen parkeerplaats in de ondergrondse garage, wat veiligheid en gebruiksgemak garandeert. Daarnaast is er een gemeenschappelijke fietsenstalling, ideaal voor wie kiest voor duurzame en comfortabele mobiliteit.<\/p>\n<p>EEN UITSTEKENDE REALISATIE<br \/>\nHet project onderscheidt zich door een moderne, elegante architectuur die harmonieus past in de prestigieuze omgeving. Het geheel biedt een geraffineerd woonklimaat waarin u alle voordelen van de C\u00f4te d\u2019Azur beleeft: schitterende landschappen, een mild klimaat en een verfijnde levensstijl.<\/p>\n<p>VOORDELEN VAN AANKOOP IN VEFA<br \/>\nWonen aan de C\u00f4te d&#8217;Azur is gespecialiseerd in VEFA-nieuwbouw (koop in de staat van voltooiing). Bij aankoop profiteert u van een 10-jarige bouwgarantie, lagere notariskosten en de mogelijkheid om de indeling en afwerking naar wens aan te passen voordat de bouw start \u2014 zo cre\u00ebert u werkelijk een thuis op maat.<\/p>\n<p>UNIEKE KANS<br \/>\nInvesteren in dit nieuwbouwproject in Beausoleil betekent kiezen voor een uitzonderlijke woonlocatie, nabij Monaco, met hoogwaardige afwerking en een centrale ligging. Mis deze kans niet om eigenaar te worden in \u00e9\u00e9n van de meest begeerde delen van de Franse Rivi\u00e8ra. Neem vandaag nog contact op met onze adviseurs en ontdek hoe Wonen aan de C\u00f4te d&#8217;Azur uw project werkelijkheid maakt.<\/p>\n<p>&nbsp;<\/p>\n","protected":false},"excerpt":{"rendered":"<p>EEN PRESTIGIEUZE LIGGING IN BEAUSOLEIL Word buur van de beroemde staat Monaco en geniet van het beste van de C\u00f4te d\u2019Azur. Beausoleil combineert een uitzonderlijke woonomgeving met een rijke culturele en vrijetijdsaanbod. Gelegen op een toppositie boven Monaco biedt deze plek een levensstijl waarin zon, zee en elegantie samenkomen. CENTRALE EN GEWILDE LOCATIE Dit nieuwbouwproject [&hellip;]<\/p>\n","protected":false},"author":2,"featured_media":3286394,"template":"","meta":{"_acf_changed":false},"product_brand":[],"product_cat":[5678],"product_tag":[],"class_list":{"0":"post-3300678","1":"product","2":"type-product","3":"status-publish","4":"has-post-thumbnail","6":"product_cat-appartement","7":"pa_city-beausoleil-nl","8":"pa_country-frankrijk","9":"pa_region-monaco-nl","10":"pa_type-of-construction-nieuwbouw","12":"first","13":"instock","14":"product-type-simple"},"acf":[],"_links":{"self":[{"href":"https:\/\/www.wonenaandecotedazur.nl\/nl\/wp-json\/wp\/v2\/product\/3300678","targetHints":{"allow":["GET"]}}],"collection":[{"href":"https:\/\/www.wonenaandecotedazur.nl\/nl\/wp-json\/wp\/v2\/product"}],"about":[{"href":"https:\/\/www.wonenaandecotedazur.nl\/nl\/wp-json\/wp\/v2\/types\/product"}],"author":[{"embeddable":true,"href":"https:\/\/www.wonenaandecotedazur.nl\/nl\/wp-json\/wp\/v2\/users\/2"}],"wp:featuredmedia":[{"embeddable":true,"href":"https:\/\/www.wonenaandecotedazur.nl\/nl\/wp-json\/wp\/v2\/media\/3286394"}],"wp:attachment":[{"href":"https:\/\/www.wonenaandecotedazur.nl\/nl\/wp-json\/wp\/v2\/media?parent=3300678"}],"wp:term":[{"taxonomy":"product_brand","embeddable":true,"href":"https:\/\/www.wonenaandecotedazur.nl\/nl\/wp-json\/wp\/v2\/product_brand?post=3300678"},{"taxonomy":"product_cat","embeddable":true,"href":"https:\/\/www.wonenaandecotedazur.nl\/nl\/wp-json\/wp\/v2\/product_cat?post=3300678"},{"taxonomy":"product_tag","embeddable":true,"href":"https:\/\/www.wonenaandecotedazur.nl\/nl\/wp-json\/wp\/v2\/product_tag?post=3300678"}],"curies":[{"name":"wp","href":"https:\/\/api.w.org\/{rel}","templated":true}]}}