{"id":3300680,"date":"2026-05-01T21:36:30","date_gmt":"2026-05-01T19:36:30","guid":{"rendered":"https:\/\/www.wonenaandecotedazur.nl\/luxury-real-estate\/nieuwbouwproject-in-beausoleil-cip-1013-2\/"},"modified":"2026-05-01T21:36:33","modified_gmt":"2026-05-01T19:36:33","slug":"nieuwbouwproject-in-beausoleil-cip-1013-2","status":"publish","type":"product","link":"https:\/\/www.wonenaandecotedazur.nl\/nl\/luxury-real-estate\/nieuwbouwproject-in-beausoleil-cip-1013-2\/","title":{"rendered":"Nieuwbouwproject in Beausoleil \u2013 CIP-1013"},"content":{"rendered":"<p>EEN PRESTIGIEUZE LOCATIE IN BEAUSOLEIL<br \/>\nWonen aan de C\u00f4te d&#8217;Azur presenteert een uniek nieuwbouwproject direct naast de iconische prinsdom Monaco. Gelegen aan de beroemde Franse Rivi\u00e8ra, is Beausoleil een gewilde gemeente met een uitzonderlijke levenskwaliteit. Met uitzicht over Monaco biedt deze plek een rijke mix van cultuur en ontspanning, en een dagelijkse sfeer die de C\u00f4te d&#8217;Azur ademt.<\/p>\n<p>IDEALE CENTRUMLIGGING<br \/>\nHet nieuwbouwproject ligt in het hart van Beausoleil, op een rustig maar centraal gelegen perceel. Dankzij de uitstekende bereikbaarheid met het openbaar vervoer en de korte wandelafstand van slechts 450 meter tot winkels, markten en het stadhuis, woont u hier middenin het levendige dorpse leven. Vanaf de eerste verdieping geniet u al van een indrukwekkend uitzicht op de Middellandse Zee.<\/p>\n<p>LUXE WONINGEN VOOR IEDERE LEEFSTIJL<br \/>\nHet project biedt een gevarieerde selectie aan woningen, van slimme studio&#8217;s tot royale vijfkamerappartementen, allemaal afgewerkt met hoogwaardige materialen. Elke woning is uitgerust met omkeerbare airconditioning en riante buitenruimtes. De rooftop-terrassen geven u het exclusieve voordeel van een panoramisch zeezicht \u2014 perfect om het mediterrane buitenleven ten volle te beleven.<\/p>\n<p>COMFORT EN PRAKTISCHE VOORZIENINGEN<br \/>\nElke woning wordt geleverd met een private ondergrondse parkeerplaats voor veiligheid en gemak. Daarnaast is er een gemeenschappelijke fietsenstalling, ideaal voor zachte mobiliteit en een groene levensstijl.<\/p>\n<p>EEN SFEERVOLLE ENERGIEKE REALISATIE<br \/>\nHet project onderscheidt zich door zijn moderne en elegante architectuur, subtiel ingepast in het prestigieuze landschap. Dit is een woonsituatie die uitnodigt tot genieten van de zon, de zee en het milde klimaat van de C\u00f4te d&#8217;Azur.<\/p>\n<p>RAFFINEERDE WOONBELEVING MET EXTRA VOORDELEN<br \/>\nWonen aan de C\u00f4te d&#8217;Azur is gespecialiseerd in VEFA-nieuwbouwprojecten (koop in aanbouw). Als koper profiteert u van belangrijke voordelen: een tienjarige bouwgarantie, lagere notariskosten en de mogelijkheid om v\u00f3\u00f3r aanvang van de bouw uw plattegrond en afwerking naar wens aan te passen. Deze flexibiliteit en zekerheid maken het project bijzonder aantrekkelijk voor wie kwaliteit en gemoedsrust zoekt.<\/p>\n<p>EEN UNIEKE KANS<br \/>\nInvesteren in dit nieuwbouwproject in Beausoleil betekent kiezen voor een uitzonderlijke woonomgeving, op een steenworp afstand van Monaco, met hoogwaardige afwerking en een toplocatie. Mis deze kans niet om eigenaar te worden in \u00e9\u00e9n van de meest begeerde delen van de Franse Rivi\u00e8ra. Neem vandaag nog contact op met onze adviseurs bij Wonen aan de C\u00f4te d&#8217;Azur om uw project te bespreken en alle voordelen van dit prestigieuze adres te ontdekken.<\/p>\n<p>&nbsp;<\/p>\n","protected":false},"excerpt":{"rendered":"<p>EEN PRESTIGIEUZE LOCATIE IN BEAUSOLEIL Wonen aan de C\u00f4te d&#8217;Azur presenteert een uniek nieuwbouwproject direct naast de iconische prinsdom Monaco. Gelegen aan de beroemde Franse Rivi\u00e8ra, is Beausoleil een gewilde gemeente met een uitzonderlijke levenskwaliteit. Met uitzicht over Monaco biedt deze plek een rijke mix van cultuur en ontspanning, en een dagelijkse sfeer die de [&hellip;]<\/p>\n","protected":false},"author":2,"featured_media":3285314,"template":"","meta":{"_acf_changed":false},"product_brand":[],"product_cat":[5678],"product_tag":[],"class_list":{"0":"post-3300680","1":"product","2":"type-product","3":"status-publish","4":"has-post-thumbnail","6":"product_cat-appartement","7":"pa_city-beausoleil-nl","8":"pa_country-frankrijk","9":"pa_region-monaco-nl","10":"pa_type-of-construction-nieuwbouw","12":"first","13":"instock","14":"product-type-simple"},"acf":[],"_links":{"self":[{"href":"https:\/\/www.wonenaandecotedazur.nl\/nl\/wp-json\/wp\/v2\/product\/3300680","targetHints":{"allow":["GET"]}}],"collection":[{"href":"https:\/\/www.wonenaandecotedazur.nl\/nl\/wp-json\/wp\/v2\/product"}],"about":[{"href":"https:\/\/www.wonenaandecotedazur.nl\/nl\/wp-json\/wp\/v2\/types\/product"}],"author":[{"embeddable":true,"href":"https:\/\/www.wonenaandecotedazur.nl\/nl\/wp-json\/wp\/v2\/users\/2"}],"wp:featuredmedia":[{"embeddable":true,"href":"https:\/\/www.wonenaandecotedazur.nl\/nl\/wp-json\/wp\/v2\/media\/3285314"}],"wp:attachment":[{"href":"https:\/\/www.wonenaandecotedazur.nl\/nl\/wp-json\/wp\/v2\/media?parent=3300680"}],"wp:term":[{"taxonomy":"product_brand","embeddable":true,"href":"https:\/\/www.wonenaandecotedazur.nl\/nl\/wp-json\/wp\/v2\/product_brand?post=3300680"},{"taxonomy":"product_cat","embeddable":true,"href":"https:\/\/www.wonenaandecotedazur.nl\/nl\/wp-json\/wp\/v2\/product_cat?post=3300680"},{"taxonomy":"product_tag","embeddable":true,"href":"https:\/\/www.wonenaandecotedazur.nl\/nl\/wp-json\/wp\/v2\/product_tag?post=3300680"}],"curies":[{"name":"wp","href":"https:\/\/api.w.org\/{rel}","templated":true}]}}