{"id":3300712,"date":"2026-05-01T21:37:20","date_gmt":"2026-05-01T19:37:20","guid":{"rendered":"https:\/\/www.wonenaandecotedazur.nl\/luxury-real-estate\/nieuwe-residentie-in-saint-laurent-du-var-op-wandelafstand-van-het-strand-cip-1076\/"},"modified":"2026-05-01T21:37:24","modified_gmt":"2026-05-01T19:37:24","slug":"nieuwe-residentie-in-saint-laurent-du-var-op-wandelafstand-van-het-strand-cip-1076","status":"publish","type":"product","link":"https:\/\/www.wonenaandecotedazur.nl\/nl\/luxury-real-estate\/nieuwe-residentie-in-saint-laurent-du-var-op-wandelafstand-van-het-strand-cip-1076\/","title":{"rendered":"Nieuwe residentie in Saint\u2011Laurent\u2011du\u2011Var \u2014 op wandelafstand v..."},"content":{"rendered":"<p>Een nieuwe residentie in Saint\u2011Laurent\u2011du\u2011Var \u2014 ideaal wonen tussen zee en licht<\/p>\n<p>Een unieke ligging aan zee<br \/>\nGelegen op een zeldzame locatie biedt deze nieuwbouwresidentie in Saint\u2011Laurent\u2011du\u2011Var een levensstijl waarin elke dag in het teken staat van ontspanning en mediterrane charme. Het strand ligt op loopafstand, zodat u makkelijk kunt genieten van zee, zon en de karakteristieke C\u00f4te d\u2019Azur\u2011sfeer. Vanaf uw terras of balkon bewondert u spectaculaire zonsondergangen, terwijl een verzorgde mediterrane tuin naar een elegante zwembadzone leidt. Hier vloeien natuur, rust en licht moeiteloos samen in een bijzonder woonmilieu.<\/p>\n<p>Een hedendaagse residentie die welzijn ademt<br \/>\nModern en verfijnd ontworpen, is dit nieuwbouwproject bedacht om het hoogste comfort en een verfijnde levenskwaliteit te bieden. De architectuur benadrukt royale volumes, strakke lijnen en naadloos ge\u00efntegreerde buitenruimtes. Dankzij de ideale ligging is dit ook de perfecte residentie voor wie dagelijks wil leven op het ritme van de zee en het zonnelicht.<\/p>\n<p>Lichte appartementen met hoogwaardige afwerking<br \/>\nVan studio\u2019s tot vierkamerappartementen: de woningen overtuigen door doordachte indelingen, veel natuurlijk licht en ruime terrassen en balkons die de woonruimtes subtiel verlengen. Gemotoriseerde rolluiken bieden gebruiksgemak en privacy, terwijl elk detail is gekozen met oog voor topkwaliteit, modern comfort en tijdloze elegantie.<\/p>\n<p>Wonen aan de C\u00f4te d&#8217;Azur is gespecialiseerd in VEFA\u2011nieuwbouw en begeleidt u bij een zorgeloze aankoop: u geniet van een 10\u2011jarige constructiewaarborg, lagere notariskosten en de flexibele mogelijkheid om indeling en afwerking nog aan te passen v\u00f3\u00f3r de start van de bouw. Een unieke kans om uw droomwoning aan de C\u00f4te d\u2019Azur vorm te geven.<\/p>\n<p>&nbsp;<\/p>\n","protected":false},"excerpt":{"rendered":"<p>Een nieuwe residentie in Saint\u2011Laurent\u2011du\u2011Var \u2014 ideaal wonen tussen zee en licht Een unieke ligging aan zee Gelegen op een zeldzame locatie biedt deze nieuwbouwresidentie in Saint\u2011Laurent\u2011du\u2011Var een levensstijl waarin elke dag in het teken staat van ontspanning en mediterrane charme. Het strand ligt op loopafstand, zodat u makkelijk kunt genieten van zee, zon en [&hellip;]<\/p>\n","protected":false},"author":2,"featured_media":3299479,"template":"","meta":{"_acf_changed":false},"product_brand":[],"product_cat":[5678],"product_tag":[],"class_list":{"0":"post-3300712","1":"product","2":"type-product","3":"status-publish","4":"has-post-thumbnail","6":"product_cat-appartement","7":"pa_city-saint-laurent-du-var-nl","8":"pa_country-frankrijk","9":"pa_region-nice-nl","10":"pa_type-of-construction-nieuwbouw","12":"first","13":"instock","14":"product-type-simple"},"acf":[],"_links":{"self":[{"href":"https:\/\/www.wonenaandecotedazur.nl\/nl\/wp-json\/wp\/v2\/product\/3300712","targetHints":{"allow":["GET"]}}],"collection":[{"href":"https:\/\/www.wonenaandecotedazur.nl\/nl\/wp-json\/wp\/v2\/product"}],"about":[{"href":"https:\/\/www.wonenaandecotedazur.nl\/nl\/wp-json\/wp\/v2\/types\/product"}],"author":[{"embeddable":true,"href":"https:\/\/www.wonenaandecotedazur.nl\/nl\/wp-json\/wp\/v2\/users\/2"}],"wp:featuredmedia":[{"embeddable":true,"href":"https:\/\/www.wonenaandecotedazur.nl\/nl\/wp-json\/wp\/v2\/media\/3299479"}],"wp:attachment":[{"href":"https:\/\/www.wonenaandecotedazur.nl\/nl\/wp-json\/wp\/v2\/media?parent=3300712"}],"wp:term":[{"taxonomy":"product_brand","embeddable":true,"href":"https:\/\/www.wonenaandecotedazur.nl\/nl\/wp-json\/wp\/v2\/product_brand?post=3300712"},{"taxonomy":"product_cat","embeddable":true,"href":"https:\/\/www.wonenaandecotedazur.nl\/nl\/wp-json\/wp\/v2\/product_cat?post=3300712"},{"taxonomy":"product_tag","embeddable":true,"href":"https:\/\/www.wonenaandecotedazur.nl\/nl\/wp-json\/wp\/v2\/product_tag?post=3300712"}],"curies":[{"name":"wp","href":"https:\/\/api.w.org\/{rel}","templated":true}]}}