{"id":3300723,"date":"2026-05-01T21:37:35","date_gmt":"2026-05-01T19:37:35","guid":{"rendered":"https:\/\/www.wonenaandecotedazur.nl\/luxury-real-estate\/exclusief-nieuw-villaproject-in-eze-cip-1078-2\/"},"modified":"2026-05-01T21:37:39","modified_gmt":"2026-05-01T19:37:39","slug":"exclusief-nieuw-villaproject-in-eze-cip-1078-2","status":"publish","type":"product","link":"https:\/\/www.wonenaandecotedazur.nl\/nl\/luxury-real-estate\/exclusief-nieuw-villaproject-in-eze-cip-1078-2\/","title":{"rendered":"Exclusief nieuw villaproject in \u00c8ze &#8211; CIP-1078"},"content":{"rendered":"<p>Wonen aan de C\u00f4te d&#8217;Azur, specialist in VEFA-nieuwbouwwoningen, presenteert een exclusief villaproject met priv\u00e9zwembad en spectaculair zeezicht, gelegen in het hart van het pittoreske \u00c8ze \u2014 ideaal tussen Nice en Monaco. Dit bijzondere kader ademt authenticiteit en mediterrane charme, met een panoramisch uitzicht op de Middellandse Zee dat elke dag onvergelijkbaar is.<\/p>\n<p>Het project profiteert van een uitzonderlijke ligging: op korte afstand van winkels, restaurants en culturele trekpleisters, en in de nabijheid van de beroemde Jardin Exotique op 429 meter hoogte. Vanuit deze verhoogde positie geniet u van rust, uitstekende bereikbaarheid en ononderbroken vergezichten over de kustlijn.<\/p>\n<p>Elke villa is ontworpen voor ruime, lichte leefruimtes waarbij het zeezicht centraal staat. Interieurs zijn afgestemd op optimaal comfort met hoogwaardige materialen en verfijnde afwerking. Het project biedt flexibele indelingsmogelijkheden, waaronder een modulair entresol dat u naar wens kunt aanpassen v\u00f3\u00f3r aanvang van de bouw.<\/p>\n<p>De voorzieningen beantwoorden aan hoge kwaliteitsnormen: zonnige, aangelegde tuinen, een priv\u00e9zwembad, ge\u00efntegreerde domotica, klimaatsysteem met kanaaltechniek (omkeerbaar), elektrische rolluiken en aluminium schuifpuien. Elke woning beschikt bovendien over een beveiligde kelder, een drievoudige garage, parkeerplaats voor tweewielers en een priv\u00e9lift.<\/p>\n<p>Als VEFA\u2011project biedt dit aanbod extra voordelen voor kopers: een tienjarige constructiewaarborg, lagere notariskosten en de mogelijkheid om indeling en afwerking aan te passen voordat de bouw start. <\/p>\n<p>Gecombineerd vormen elegantie, moderne functionaliteit en hoogwaardige afwerking in een uitzonderlijke natuurlijke omgeving \u2014 een zeldzame kans om te wonen of te investeren in een van de meest gewilde locaties aan de C\u00f4te d\u2019Azur.<\/p>\n<p>&nbsp;<\/p>\n","protected":false},"excerpt":{"rendered":"<p>Wonen aan de C\u00f4te d&#8217;Azur, specialist in VEFA-nieuwbouwwoningen, presenteert een exclusief villaproject met priv\u00e9zwembad en spectaculair zeezicht, gelegen in het hart van het pittoreske \u00c8ze \u2014 ideaal tussen Nice en Monaco. Dit bijzondere kader ademt authenticiteit en mediterrane charme, met een panoramisch uitzicht op de Middellandse Zee dat elke dag onvergelijkbaar is. Het project profiteert [&hellip;]<\/p>\n","protected":false},"author":2,"featured_media":3300281,"template":"","meta":{"_acf_changed":false},"product_brand":[],"product_cat":[4913],"product_tag":[],"class_list":{"0":"post-3300723","1":"product","2":"type-product","3":"status-publish","4":"has-post-thumbnail","6":"product_cat-villa","7":"pa_city-eze-nl","8":"pa_country-frankrijk","9":"pa_region-monaco-nl","10":"pa_region-nice-nl","11":"pa_type-of-construction-nieuwbouw","13":"first","14":"instock","15":"product-type-simple"},"acf":[],"_links":{"self":[{"href":"https:\/\/www.wonenaandecotedazur.nl\/nl\/wp-json\/wp\/v2\/product\/3300723","targetHints":{"allow":["GET"]}}],"collection":[{"href":"https:\/\/www.wonenaandecotedazur.nl\/nl\/wp-json\/wp\/v2\/product"}],"about":[{"href":"https:\/\/www.wonenaandecotedazur.nl\/nl\/wp-json\/wp\/v2\/types\/product"}],"author":[{"embeddable":true,"href":"https:\/\/www.wonenaandecotedazur.nl\/nl\/wp-json\/wp\/v2\/users\/2"}],"wp:featuredmedia":[{"embeddable":true,"href":"https:\/\/www.wonenaandecotedazur.nl\/nl\/wp-json\/wp\/v2\/media\/3300281"}],"wp:attachment":[{"href":"https:\/\/www.wonenaandecotedazur.nl\/nl\/wp-json\/wp\/v2\/media?parent=3300723"}],"wp:term":[{"taxonomy":"product_brand","embeddable":true,"href":"https:\/\/www.wonenaandecotedazur.nl\/nl\/wp-json\/wp\/v2\/product_brand?post=3300723"},{"taxonomy":"product_cat","embeddable":true,"href":"https:\/\/www.wonenaandecotedazur.nl\/nl\/wp-json\/wp\/v2\/product_cat?post=3300723"},{"taxonomy":"product_tag","embeddable":true,"href":"https:\/\/www.wonenaandecotedazur.nl\/nl\/wp-json\/wp\/v2\/product_tag?post=3300723"}],"curies":[{"name":"wp","href":"https:\/\/api.w.org\/{rel}","templated":true}]}}