{"id":3300733,"date":"2026-05-01T21:37:40","date_gmt":"2026-05-01T19:37:40","guid":{"rendered":"https:\/\/www.wonenaandecotedazur.nl\/luxury-real-estate\/nieuwe-villas-in-grimaud-cip-1081-2\/"},"modified":"2026-05-01T21:37:41","modified_gmt":"2026-05-01T19:37:41","slug":"nieuwe-villas-in-grimaud-cip-1081-2","status":"publish","type":"product","link":"https:\/\/www.wonenaandecotedazur.nl\/nl\/luxury-real-estate\/nieuwe-villas-in-grimaud-cip-1081-2\/","title":{"rendered":"Nieuwe villa&#8217;s in Grimaud \u2014 CIP-1081"},"content":{"rendered":"<p>Deze prestigieuze residentie biedt een zeldzame kans om te wonen in het hart van een uitzonderlijk natuurlandschap, tussen groen golvende heuvels en de azuurblauwe horizon van de Middellandse Zee.<\/p>\n<p>Als ware belv\u00e9d\u00e8res boven de zee schenken deze nieuwe villa&#8217;s met priv\u00e9zwembad en zeezicht een unieke woonervaring: hier woon je \u00edn het landschap, geniet je iedere dag van het veranderende zuiderlicht en word je getrakteerd op spectaculaire panorama\u2019s over de baai van Saint-Tropez.<\/p>\n<p>De architectuur van de villa&#8217;s in Grimaud valt op door haar sobere, hedendaagse elegantie. Strakke lijnen, horizontale volumes en lichte gevels sluiten harmonieus aan bij de mediterrane begroeiing, terwijl natuurlijke materialen het project respectvol verankeren in zijn omgeving.<\/p>\n<p>Ontworpen om licht en uitzicht te versterken, beschikken de woningen over royale glaspartijen die de leefruimtes ruim openen naar buiten. Zonnige terrassen, zorgvuldig aangelegde tuinen en priv\u00e9zwembaden verlengen het interieur en cre\u00ebren een vloeiende overgang tussen binnen en buiten.<\/p>\n<p>Binnenin overtuigen de villa&#8217;s met ruime, lichtdoorlatende volumes, royale plafondhoogtes en woonkamers in evenwichtige verhoudingen \u2014 een belofte van absolute comfort in een rustig en beschermd kader.<\/p>\n<p>In dit zeldzame toevluchtsoord belichamen de nieuwe villa&#8217;s met zwembad en zeezicht een discrete, tijdloze luxe. Elk detail draagt bij aan een waardevolle woonbeleving waarin sereniteit, elegantie en \u00e9\u00e9n van de meest begeerde panorama\u2019s ter wereld samenkomen.<\/p>\n<p>Wonen aan de C\u00f4te d&#8217;Azur is gespecialiseerd in VEFA-nieuwbouwprojecten en begeleidt u persoonlijk bij uw aankoop. U profiteert van een tienjarige constructiegarantie, lagere notariskosten en de mogelijkheid om indeling en afwerking te wijzigen nog v\u00f3\u00f3r de bouw begint \u2014 een unieke kans om uw droomwoning op maat te cre\u00ebren.<\/p>\n<p>Neem contact met ons op voor meer informatie en ontdek het leven aan de C\u00f4te d&#8217;Azur.<\/p>\n<p>&nbsp;<\/p>\n","protected":false},"excerpt":{"rendered":"<p>Deze prestigieuze residentie biedt een zeldzame kans om te wonen in het hart van een uitzonderlijk natuurlandschap, tussen groen golvende heuvels en de azuurblauwe horizon van de Middellandse Zee. Als ware belv\u00e9d\u00e8res boven de zee schenken deze nieuwe villa&#8217;s met priv\u00e9zwembad en zeezicht een unieke woonervaring: hier woon je \u00edn het landschap, geniet je iedere [&hellip;]<\/p>\n","protected":false},"author":2,"featured_media":3300726,"template":"","meta":{"_acf_changed":false},"product_brand":[],"product_cat":[4913],"product_tag":[],"class_list":{"0":"post-3300733","1":"product","2":"type-product","3":"status-publish","4":"has-post-thumbnail","6":"product_cat-villa","7":"pa_city-grimaud-nl","8":"pa_country-frankrijk","9":"pa_region-saint-tropez-nl","10":"pa_type-of-construction-nieuwbouw","12":"first","13":"instock","14":"product-type-simple"},"acf":[],"_links":{"self":[{"href":"https:\/\/www.wonenaandecotedazur.nl\/nl\/wp-json\/wp\/v2\/product\/3300733","targetHints":{"allow":["GET"]}}],"collection":[{"href":"https:\/\/www.wonenaandecotedazur.nl\/nl\/wp-json\/wp\/v2\/product"}],"about":[{"href":"https:\/\/www.wonenaandecotedazur.nl\/nl\/wp-json\/wp\/v2\/types\/product"}],"author":[{"embeddable":true,"href":"https:\/\/www.wonenaandecotedazur.nl\/nl\/wp-json\/wp\/v2\/users\/2"}],"wp:featuredmedia":[{"embeddable":true,"href":"https:\/\/www.wonenaandecotedazur.nl\/nl\/wp-json\/wp\/v2\/media\/3300726"}],"wp:attachment":[{"href":"https:\/\/www.wonenaandecotedazur.nl\/nl\/wp-json\/wp\/v2\/media?parent=3300733"}],"wp:term":[{"taxonomy":"product_brand","embeddable":true,"href":"https:\/\/www.wonenaandecotedazur.nl\/nl\/wp-json\/wp\/v2\/product_brand?post=3300733"},{"taxonomy":"product_cat","embeddable":true,"href":"https:\/\/www.wonenaandecotedazur.nl\/nl\/wp-json\/wp\/v2\/product_cat?post=3300733"},{"taxonomy":"product_tag","embeddable":true,"href":"https:\/\/www.wonenaandecotedazur.nl\/nl\/wp-json\/wp\/v2\/product_tag?post=3300733"}],"curies":[{"name":"wp","href":"https:\/\/api.w.org\/{rel}","templated":true}]}}