{"id":3300735,"date":"2026-05-01T21:37:40","date_gmt":"2026-05-01T19:37:40","guid":{"rendered":"https:\/\/www.wonenaandecotedazur.nl\/luxury-real-estate\/nieuwbouwresidentie-in-saint-laurent-du-var-vlakbij-het-strand-cip-1076-9\/"},"modified":"2026-05-01T21:37:43","modified_gmt":"2026-05-01T19:37:43","slug":"nieuwbouwresidentie-in-saint-laurent-du-var-vlakbij-het-strand-cip-1076-9","status":"publish","type":"product","link":"https:\/\/www.wonenaandecotedazur.nl\/nl\/luxury-real-estate\/nieuwbouwresidentie-in-saint-laurent-du-var-vlakbij-het-strand-cip-1076-9\/","title":{"rendered":"Nieuwbouwresidentie in Saint-Laurent-du-Var, vlakbij het strand \u2014 CI..."},"content":{"rendered":"<p>Nieuw project in Saint-Laurent-du-Var: wonen tussen zee en licht<\/p>\n<p>Een uitzonderlijke ligging aan zee<br \/>\nGelegen op een zeldzame plek aan de kust, biedt deze nieuwbouwresidentie in Saint-Laurent-du-Var een levenskwaliteit waar elke dag uitnodigt om volop te genieten. Dankzij de gunstige ligging wandel je gemakkelijk naar het strand en beleef je het comfort van het mediterrane leven op wandelafstand. Geniet van adembenemende zonsondergangen vanaf je terras of balkon, ontspan in een verzorgde Mediterrane tuin en neem een verfrissende duik in de elegante zwembadzone. Deze residentie combineert natuur, rust en overvloedig licht \u2014 een zeldzame vondst aan de C\u00f4te d\u2019Azur.<\/p>\n<p>Een eigentijdse residentie ontworpen voor welzijn<br \/>\nModern en verfijnd, is dit nieuwbouwproject in Saint-Laurent-du-Var ontworpen met oog voor maximaal wooncomfort en levenskwaliteit. De elegante architectuur benadrukt royale volumes, strakke lijnen en naadloos ge\u00efntegreerde buitenruimtes. Door de directe nabijheid van het strand is dit project ideaal voor wie dagelijks wil leven op het ritme van de zee en het mediterrane licht.<\/p>\n<p>Lichte appartementen met hoogwaardige afwerking<br \/>\nVan studio\u2019s tot vierkamerappartementen: de woonruimtes in deze residentie overtuigen door slimme indeling en veel natuurlijk licht. Grote terrassen en balkons verbinden binnen en buiten en verlengen de leefruimte op een harmonieuze manier. Elektrische zonwering en rolluiken maken het gemakkelijk om de lichtinval naar wens te regelen. Elk detail werd zorgvuldig gekozen om een luxe en moderne woonervaring te garanderen \u2014 kwaliteit en elegantie tot in de puntjes.<\/p>\n<p>Wonen aan de C\u00f4te d&#8217;Azur \u2014 uw VEFA-specialist<br \/>\nWonen aan de C\u00f4te d&#8217;Azur is gespecialiseerd in VEFA-nieuwbouwprojecten (koop in aanbouw) en begeleidt u door het hele aankoopproces. Bij aankoop profiteert u van een tienjarige constructiewaarborg, lagere notariskosten en de mogelijkheid om indeling en afwerking aan te passen v\u00f3\u00f3r de start van de bouw. Een unieke kans om uw droomwoning aan de C\u00f4te d&#8217;Azur naar eigen wens te vormen.<\/p>\n<p>&nbsp;<\/p>\n","protected":false},"excerpt":{"rendered":"<p>Nieuw project in Saint-Laurent-du-Var: wonen tussen zee en licht Een uitzonderlijke ligging aan zee Gelegen op een zeldzame plek aan de kust, biedt deze nieuwbouwresidentie in Saint-Laurent-du-Var een levenskwaliteit waar elke dag uitnodigt om volop te genieten. Dankzij de gunstige ligging wandel je gemakkelijk naar het strand en beleef je het comfort van het mediterrane [&hellip;]<\/p>\n","protected":false},"author":2,"featured_media":3299479,"template":"","meta":{"_acf_changed":false},"product_brand":[],"product_cat":[5678],"product_tag":[],"class_list":{"0":"post-3300735","1":"product","2":"type-product","3":"status-publish","4":"has-post-thumbnail","6":"product_cat-appartement","7":"pa_city-saint-laurent-du-var-nl","8":"pa_country-frankrijk","9":"pa_region-nice-nl","10":"pa_type-of-construction-nieuwbouw","12":"first","13":"instock","14":"product-type-simple"},"acf":[],"_links":{"self":[{"href":"https:\/\/www.wonenaandecotedazur.nl\/nl\/wp-json\/wp\/v2\/product\/3300735","targetHints":{"allow":["GET"]}}],"collection":[{"href":"https:\/\/www.wonenaandecotedazur.nl\/nl\/wp-json\/wp\/v2\/product"}],"about":[{"href":"https:\/\/www.wonenaandecotedazur.nl\/nl\/wp-json\/wp\/v2\/types\/product"}],"author":[{"embeddable":true,"href":"https:\/\/www.wonenaandecotedazur.nl\/nl\/wp-json\/wp\/v2\/users\/2"}],"wp:featuredmedia":[{"embeddable":true,"href":"https:\/\/www.wonenaandecotedazur.nl\/nl\/wp-json\/wp\/v2\/media\/3299479"}],"wp:attachment":[{"href":"https:\/\/www.wonenaandecotedazur.nl\/nl\/wp-json\/wp\/v2\/media?parent=3300735"}],"wp:term":[{"taxonomy":"product_brand","embeddable":true,"href":"https:\/\/www.wonenaandecotedazur.nl\/nl\/wp-json\/wp\/v2\/product_brand?post=3300735"},{"taxonomy":"product_cat","embeddable":true,"href":"https:\/\/www.wonenaandecotedazur.nl\/nl\/wp-json\/wp\/v2\/product_cat?post=3300735"},{"taxonomy":"product_tag","embeddable":true,"href":"https:\/\/www.wonenaandecotedazur.nl\/nl\/wp-json\/wp\/v2\/product_tag?post=3300735"}],"curies":[{"name":"wp","href":"https:\/\/api.w.org\/{rel}","templated":true}]}}