{"id":3300757,"date":"2026-05-01T21:38:10","date_gmt":"2026-05-01T19:38:10","guid":{"rendered":"https:\/\/www.wonenaandecotedazur.nl\/luxury-real-estate\/nieuwbouwappartementen-in-saint-laurent-du-var-cip-1048\/"},"modified":"2026-05-01T21:38:13","modified_gmt":"2026-05-01T19:38:13","slug":"nieuwbouwappartementen-in-saint-laurent-du-var-cip-1048","status":"publish","type":"product","link":"https:\/\/www.wonenaandecotedazur.nl\/nl\/luxury-real-estate\/nieuwbouwappartementen-in-saint-laurent-du-var-cip-1048\/","title":{"rendered":"Nieuwbouwappartementen in Saint-Laurent-du-Var \u2014 CIP-1048"},"content":{"rendered":"<p>Een uitzonderlijke woonomgeving<\/p>\n<p>Gelegen tussen Cannes en Monaco biedt Saint-Laurent-du-Var een bevoorrechte ligging aan de C\u00f4te d\u2019Azur. Halfweg tussen het Proven\u00e7aalse dorp en de badplaats combineert de gemeente authentieke charme met een levendige, eigentijdse sfeer. Sfeervolle straatjes, zonnige stranden, een jachthaven en een rijk aanbod aan culturele en sportieve voorzieningen maken dit tot een adres om van te dromen. Het ambitieuze L\u2019\u00c9co\u2011Vall\u00e9e-project versterkt de aantrekkingskracht van de regio nog eens extra.<\/p>\n<p>Strategische ligging<\/p>\n<p>Deze residentie, gesitueerd in de wijk Les Pugets, ligt ideaal: op enkele minuten van het centrum, de stranden en de winkels. Economische centra zoals Cap 3000 en Le Grand Ar\u00e9nas zijn in minder dan 15 minuten bereikbaar met de auto. Een bushalte pal voor het gebouw en de nabijheid van het SNCF\u2011station garanderen uitstekende verbindingen naar regionale en nationale bestemmingen, inclusief luchthaven Nice C\u00f4te d\u2019Azur op slechts 8 minuten afstand.<\/p>\n<p>Elegante en functionele architectuur<\/p>\n<p>De residentie valt op door een modern en verfijnd ontwerp met natuurlijke materialen, waardoor esthetiek en functionaliteit perfect samengaan. Omgeven door weelderige beplanting biedt zij riante terrassen en privatieve tuinen voor ultiem wooncomfort. De woningen \u2014 van studio\u2019s tot vierkamerappartementen \u2014 zijn ontworpen met veel lichtinval, ruimtelijke opzet en slimme indelingen, ideaal voor zowel gezinnen als investeerders.<\/p>\n<p>Wonen aan de C\u00f4te d\u2019Azur is gespecialiseerd in VEFA\u2011nieuwbouw (koop in toekomstige staat). Kiezen voor een nieuwbouwwoning via ons betekent extra zekerheid en voordelen: een tienjarige bouwgarantie, lagere notariskosten en de mogelijkheid om v\u00f3\u00f3r aanvang van de bouw de indeling en afwerking naar wens aan te passen. Zo cre\u00ebert u een woning die perfect aansluit op uw levensstijl.<\/p>\n<p>&nbsp;<\/p>\n","protected":false},"excerpt":{"rendered":"<p>Een uitzonderlijke woonomgeving Gelegen tussen Cannes en Monaco biedt Saint-Laurent-du-Var een bevoorrechte ligging aan de C\u00f4te d\u2019Azur. Halfweg tussen het Proven\u00e7aalse dorp en de badplaats combineert de gemeente authentieke charme met een levendige, eigentijdse sfeer. Sfeervolle straatjes, zonnige stranden, een jachthaven en een rijk aanbod aan culturele en sportieve voorzieningen maken dit tot een adres [&hellip;]<\/p>\n","protected":false},"author":2,"featured_media":3286154,"template":"","meta":{"_acf_changed":false},"product_brand":[],"product_cat":[5678],"product_tag":[],"class_list":{"0":"post-3300757","1":"product","2":"type-product","3":"status-publish","4":"has-post-thumbnail","6":"product_cat-appartement","7":"pa_city-saint-laurent-du-var-nl","8":"pa_country-frankrijk","9":"pa_region-nice-nl","10":"pa_type-of-construction-nieuwbouw","12":"first","13":"instock","14":"product-type-simple"},"acf":[],"_links":{"self":[{"href":"https:\/\/www.wonenaandecotedazur.nl\/nl\/wp-json\/wp\/v2\/product\/3300757","targetHints":{"allow":["GET"]}}],"collection":[{"href":"https:\/\/www.wonenaandecotedazur.nl\/nl\/wp-json\/wp\/v2\/product"}],"about":[{"href":"https:\/\/www.wonenaandecotedazur.nl\/nl\/wp-json\/wp\/v2\/types\/product"}],"author":[{"embeddable":true,"href":"https:\/\/www.wonenaandecotedazur.nl\/nl\/wp-json\/wp\/v2\/users\/2"}],"wp:featuredmedia":[{"embeddable":true,"href":"https:\/\/www.wonenaandecotedazur.nl\/nl\/wp-json\/wp\/v2\/media\/3286154"}],"wp:attachment":[{"href":"https:\/\/www.wonenaandecotedazur.nl\/nl\/wp-json\/wp\/v2\/media?parent=3300757"}],"wp:term":[{"taxonomy":"product_brand","embeddable":true,"href":"https:\/\/www.wonenaandecotedazur.nl\/nl\/wp-json\/wp\/v2\/product_brand?post=3300757"},{"taxonomy":"product_cat","embeddable":true,"href":"https:\/\/www.wonenaandecotedazur.nl\/nl\/wp-json\/wp\/v2\/product_cat?post=3300757"},{"taxonomy":"product_tag","embeddable":true,"href":"https:\/\/www.wonenaandecotedazur.nl\/nl\/wp-json\/wp\/v2\/product_tag?post=3300757"}],"curies":[{"name":"wp","href":"https:\/\/api.w.org\/{rel}","templated":true}]}}